{"id":5555,"date":"2018-02-26T14:47:12","date_gmt":"2018-02-26T18:47:12","guid":{"rendered":"https:\/\/alizee.ca\/produit\/duck-twill\/"},"modified":"2025-05-18T04:38:37","modified_gmt":"2025-05-18T09:38:37","slug":"duck-twill","status":"publish","type":"product","link":"https:\/\/alizee.ca\/en\/product\/duck-twill\/","title":{"rendered":"Winter jacket &#8211; DUCK TWILL &#8211; 43663"},"content":{"rendered":"<p>The winter jacket for men DUCK TWILL will give you a young and urban style. This jacket features THERMOFILL 100% polyester insulation to protect you from the cold down to -30\u00b0C. With a length of 33 inches, it&#8217;s perfect for outdoor outings. Adorned with practical, comfortable details such as an adjustable hood, detachable synthetic fur and adjustable wrist straps. What&#8217;s more, it features knit inner cuffs with thumbhole opening to keep out the cold. Inside, this jacket has four pockets, two of which are zippered at chest level, as well as two hand warmer pockets on the front, so you can carry your essentials while you&#8217;re out and about. This classic will bring out your personality. This winter jacket for men DUCK TWILL is versatile and offers a sporty-chic look.<\/p>\n<h3>HERE ARE THE FEATURES OF THE WINTER JACKET FOR MEN DUCK TWILL<\/h3>\n<ul>\n<li>Insulated adjustable hood with large lace<\/li>\n<li>Synthetic removable fur<\/li>\n<li>YKK zips<\/li>\n<li>Inner front flap<\/li>\n<li>Preformed elbows<\/li>\n<li>Elastic drawsting inside<\/li>\n<li>Hand warmer pockets with zipper<\/li>\n<li>4 inner pockets, 2 with zipper<\/li>\n<li>Adjustable wrist tabs<\/li>\n<li>Inner knitted cuffs<\/li>\n<li>Length 33 inches<\/li>\n<\/ul>\n<p><img loading=\"lazy\" decoding=\"async\" class=\"alignnone size-full wp-image-20497\" src=\"http:\/\/alizee.ca\/wp-content\/uploads\/2018\/02\/Lequivalent-de-10-bouteilles-de-plastiques-ont-ete-recycles-dans-la-fabrication-The-equivalent-of-10-plastic-bottles-were-recycled-in-the-fabrication-of-this-jacket.webp\" alt=\"L'\u00e9quivalent de 10 bouteilles de plastiques ont \u00e9t\u00e9 recycl\u00e9s dans la fabrication-The equivalent of 10 plastic bottles were recycled in the fabrication of this jacket\" width=\"45\" height=\"98\" \/><strong> <a href=\"\/?page_id=7502\" target=\"_blank\" rel=\"noopener\">From plastic bottles to recycled jackets<\/a><\/strong><\/p>\n<h4><strong>FABRIC, FINISH AND INSULATION<\/strong><\/h4>\n<p>DUCK TWILL outer fabric is made from 100% polyester, with a PROSTORM membrane (8K\/5K; 8,000 mm-5,000 gr\/m2) designed to resist water and allow moisture transfer to the outside. Treating our fabric with a C6 water-repellent finish makes it tough and durable, and minimizes its impact on the environment. It is water-resistant to 80% after 20 washes. The seams are perfectly and durably sealed with SHIELD waterproof tape, ensuring complete protection against the elements.<\/p>\n<p>THERMOFILL 150 g\/m\u00b2 insulation. THERMOFILL small diameter synthetic fibers traps your body heat while letting moisture escape. The result is increased comfort, combining warmth, lightness and freedom of movement. 100% polyester lining.<\/p>\n<h5><strong>CARE<\/strong><\/h5>\n<p>Detach the synthetic fur and machine wash your jacket using the delicate cycle with a mild soap. Be sure not to use fabric softener or bleach. Once washed, hang to dry. (Before putting it in the machine, empty all pockets and remove all accessories) Clean the fur with a damp cloth.<\/p>\n<p><button style=\"background-color: white; border: 3px solid #999999; padding: 5px 12px;\" spellcheck=\"false\" data-lt-tmp-id=\"lt-190735\" data-gramm=\"false\" data-wp-editing=\"1\"><a href=\"\/?p=15559\" target=\"_blank\" rel=\"noopener\"><img loading=\"lazy\" decoding=\"async\" class=\"alignnone wp-image-19502\" title=\"Size charts\" src=\"http:\/\/alizee.ca\/wp-content\/uploads\/2023\/11\/Size-Chart-logo.webp\" alt=\"Size Chart\" width=\"32\" height=\"32\" \/> SIZE CHARTS<\/a><\/button><\/p>\n<div style=\"width: 1170px;\" class=\"wp-video\"><video class=\"wp-video-shortcode\" id=\"video-5555-1\" width=\"1170\" height=\"658\" preload=\"metadata\" controls=\"controls\"><source type=\"video\/mp4\" src=\"http:\/\/alizee.ca\/wp-content\/uploads\/2023\/01\/DUCKTWILL.mp4?_=1\" \/><a href=\"http:\/\/alizee.ca\/wp-content\/uploads\/2023\/01\/DUCKTWILL.mp4\">http:\/\/alizee.ca\/wp-content\/uploads\/2023\/01\/DUCKTWILL.mp4<\/a><\/video><\/div>\n","protected":false},"excerpt":{"rendered":"<p>The must.\u00a0Stand out!<br \/>\nReveal your personality with this revisited young and urban classic. Be prepared to turn heads!<\/p>\n<p><img loading=\"lazy\" decoding=\"async\" class=\"alignnone wp-image-20587\" src=\"https:\/\/alizee.ca\/wp-content\/uploads\/2023\/10\/Comfort-zone-30\u00b0C.webp\" alt=\"Comfort zone -30\u00b0C\" width=\"75\" height=\"75\" srcset=\"https:\/\/alizee.ca\/wp-content\/uploads\/2023\/10\/Comfort-zone-30\u00b0C.webp 100w, https:\/\/alizee.ca\/wp-content\/uploads\/2023\/10\/Comfort-zone-30\u00b0C-40x40.webp 40w\" sizes=\"auto, (max-width: 75px) 100vw, 75px\" \/><img loading=\"lazy\" decoding=\"async\" class=\"alignnone wp-image-18460\" src=\"https:\/\/alizee.ca\/wp-content\/uploads\/2019\/08\/Water-Resistant-jpg.webp\" alt=\"Water Resistant\" width=\"75\" height=\"75\" srcset=\"https:\/\/alizee.ca\/wp-content\/uploads\/2019\/08\/Water-Resistant-jpg.webp 100w, https:\/\/alizee.ca\/wp-content\/uploads\/2019\/08\/Water-Resistant-50x50.jpg 50w\" sizes=\"auto, (max-width: 75px) 100vw, 75px\" \/><img loading=\"lazy\" decoding=\"async\" class=\"alignnone wp-image-18492\" src=\"https:\/\/alizee.ca\/wp-content\/uploads\/2023\/01\/Windbreaker-jpg.webp\" alt=\"Windbreaker\" width=\"75\" height=\"75\" srcset=\"https:\/\/alizee.ca\/wp-content\/uploads\/2023\/01\/Windbreaker-jpg.webp 100w, https:\/\/alizee.ca\/wp-content\/uploads\/2023\/01\/Windbreaker-50x50.jpg 50w\" sizes=\"auto, (max-width: 75px) 100vw, 75px\" \/> <img loading=\"lazy\" decoding=\"async\" class=\"alignnone wp-image-18440\" src=\"https:\/\/alizee.ca\/wp-content\/uploads\/2019\/08\/Breathable-jpg.webp\" alt=\"Breathable\" width=\"75\" height=\"75\" srcset=\"https:\/\/alizee.ca\/wp-content\/uploads\/2019\/08\/Breathable-jpg.webp 100w, https:\/\/alizee.ca\/wp-content\/uploads\/2019\/08\/Breathable-50x50.jpg 50w\" sizes=\"auto, (max-width: 75px) 100vw, 75px\" \/><img loading=\"lazy\" decoding=\"async\" class=\"alignnone wp-image-18446\" src=\"https:\/\/alizee.ca\/wp-content\/uploads\/2019\/08\/Light-jpg.webp\" alt=\"Light\" width=\"75\" height=\"75\" srcset=\"https:\/\/alizee.ca\/wp-content\/uploads\/2019\/08\/Light-jpg.webp 100w, https:\/\/alizee.ca\/wp-content\/uploads\/2019\/08\/Light-50x50.jpg 50w\" sizes=\"auto, (max-width: 75px) 100vw, 75px\" \/><img loading=\"lazy\" decoding=\"async\" class=\"alignnone wp-image-18488\" src=\"https:\/\/alizee.ca\/wp-content\/uploads\/2023\/01\/TrumbleWash-jpg.webp\" alt=\"Trumble Wash\" width=\"75\" height=\"75\" srcset=\"https:\/\/alizee.ca\/wp-content\/uploads\/2023\/01\/TrumbleWash-jpg.webp 100w, https:\/\/alizee.ca\/wp-content\/uploads\/2023\/01\/TrumbleWash-50x50.jpg 50w\" sizes=\"auto, (max-width: 75px) 100vw, 75px\" \/><img loading=\"lazy\" decoding=\"async\" class=\"alignnone wp-image-18450\" src=\"https:\/\/alizee.ca\/wp-content\/uploads\/2019\/08\/Recycled-materials-jpg.webp\" alt=\"Recycled materials\" width=\"75\" height=\"75\" srcset=\"https:\/\/alizee.ca\/wp-content\/uploads\/2019\/08\/Recycled-materials-jpg.webp 100w, https:\/\/alizee.ca\/wp-content\/uploads\/2019\/08\/Recycled-materials-50x50.jpg 50w\" sizes=\"auto, (max-width: 75px) 100vw, 75px\" \/><img loading=\"lazy\" decoding=\"async\" class=\"alignnone wp-image-20589\" src=\"https:\/\/alizee.ca\/wp-content\/uploads\/2023\/10\/Mens-straight-fit.webp\" alt=\"Men's straight fit\" width=\"75\" height=\"75\" srcset=\"https:\/\/alizee.ca\/wp-content\/uploads\/2023\/10\/Mens-straight-fit.webp 100w, https:\/\/alizee.ca\/wp-content\/uploads\/2023\/10\/Mens-straight-fit-40x40.webp 40w\" sizes=\"auto, (max-width: 75px) 100vw, 75px\" \/><\/p>\n<p data-wp-editing=\"1\"><button style=\"background-color: white; border: 3px solid #999999; padding: 5px 12px;\" spellcheck=\"false\" data-lt-tmp-id=\"lt-190735\" data-gramm=\"false\" data-wp-editing=\"1\"><a href=\"https:\/\/alizee.ca\/guidedestailles\/\" target=\"_blank\" rel=\"noopener\"><img loading=\"lazy\" decoding=\"async\" class=\"alignnone wp-image-19502\" title=\"Guide des tailles\" src=\"https:\/\/alizee.ca\/wp-content\/uploads\/2023\/11\/Size-Chart-logo.webp\" alt=\"Guide des tailles\" width=\"30\" height=\"30\" \/><\/a><a href=\"https:\/\/alizee.ca\/guide-des-tailles\/\" target=\"_blank\" rel=\"noopener\"><span style=\"font-size: 10px;\"> GUIDE DES TAILLES<\/a><\/button><\/p>\n","protected":false},"featured_media":20506,"comment_status":"open","ping_status":"closed","template":"","meta":[],"product_brand":[],"product_cat":[809,631,505],"product_tag":[562,714,808,563,566,771,717,598,561],"class_list":{"0":"post-5555","1":"product","2":"type-product","3":"status-publish","4":"has-post-thumbnail","6":"product_cat-bf51-en","7":"product_cat-men-insulated-jacket","8":"product_cat-men","9":"product_tag-breathable","10":"product_tag-comfort-zone-30c","11":"product_tag-length-33","12":"product_tag-machine-wash","13":"product_tag-seam-sealed","14":"product_tag-straight-fit","15":"product_tag-synthetic-fur","16":"product_tag-water-resistant","17":"product_tag-wind-resistant","18":"pa_couleur-black-en","19":"pa_couleur-under-growth","20":"pa_grandeur-2xl-en","21":"pa_grandeur-l-en","22":"pa_grandeur-m-en","23":"pa_grandeur-s-en","24":"pa_grandeur-xl-en","26":"first","27":"instock","28":"taxable","29":"shipping-taxable","30":"purchasable","31":"product-type-variable","32":"prodpage-style2"},"yoast_head":"<!-- This site is optimized with the Yoast SEO plugin v27.3 - https:\/\/yoast.com\/product\/yoast-seo-wordpress\/ -->\n<title>Winter jacket for men DUCK TWILL - 43663 - Aliz\u00e9e<\/title>\n<meta name=\"description\" content=\"Winter jacket for men DUCK TWILL. Reveal your personality with this classic young urban style. Versatile with a sporty-chic look.\" \/>\n<meta name=\"robots\" content=\"index, follow, max-snippet:-1, max-image-preview:large, max-video-preview:-1\" \/>\n<link rel=\"canonical\" href=\"https:\/\/alizee.ca\/en\/product\/duck-twill\/\" \/>\n<meta property=\"og:locale\" content=\"en_US\" \/>\n<meta property=\"og:type\" content=\"article\" \/>\n<meta property=\"og:title\" content=\"Winter jacket for men DUCK TWILL - 43663 - Aliz\u00e9e\" \/>\n<meta property=\"og:description\" content=\"Winter jacket for men DUCK TWILL. Reveal your personality with this classic young urban style. Versatile with a sporty-chic look.\" \/>\n<meta property=\"og:url\" content=\"https:\/\/alizee.ca\/en\/product\/duck-twill\/\" \/>\n<meta property=\"og:site_name\" content=\"Aliz\u00e9e\" \/>\n<meta property=\"article:publisher\" content=\"https:\/\/www.facebook.com\/AlizeeWear\/\" \/>\n<meta property=\"article:modified_time\" content=\"2025-05-18T09:38:37+00:00\" \/>\n<meta property=\"og:image\" content=\"https:\/\/alizee.ca\/wp-content\/uploads\/2018\/02\/Manteau-dhiver-pour-homme-DUCK-TWILL-Sous-bois-43663.webp\" \/>\n\t<meta property=\"og:image:width\" content=\"800\" \/>\n\t<meta property=\"og:image:height\" content=\"800\" \/>\n\t<meta property=\"og:image:type\" content=\"image\/webp\" \/>\n<meta name=\"twitter:card\" content=\"summary_large_image\" \/>\n<meta name=\"twitter:label1\" content=\"Est. reading time\" \/>\n\t<meta name=\"twitter:data1\" content=\"3 minutes\" \/>\n<script type=\"application\/ld+json\" class=\"yoast-schema-graph\">{\"@context\":\"https:\\\/\\\/schema.org\",\"@graph\":[{\"@type\":\"WebPage\",\"@id\":\"https:\\\/\\\/alizee.ca\\\/en\\\/product\\\/duck-twill\\\/\",\"url\":\"https:\\\/\\\/alizee.ca\\\/en\\\/product\\\/duck-twill\\\/\",\"name\":\"Winter jacket for men DUCK TWILL - 43663 - Aliz\u00e9e\",\"isPartOf\":{\"@id\":\"https:\\\/\\\/alizee.ca\\\/en\\\/#website\"},\"primaryImageOfPage\":{\"@id\":\"https:\\\/\\\/alizee.ca\\\/en\\\/product\\\/duck-twill\\\/#primaryimage\"},\"image\":{\"@id\":\"https:\\\/\\\/alizee.ca\\\/en\\\/product\\\/duck-twill\\\/#primaryimage\"},\"thumbnailUrl\":\"https:\\\/\\\/alizee.ca\\\/wp-content\\\/uploads\\\/2018\\\/02\\\/Manteau-dhiver-pour-homme-DUCK-TWILL-Sous-bois-43663.webp\",\"datePublished\":\"2018-02-26T18:47:12+00:00\",\"dateModified\":\"2025-05-18T09:38:37+00:00\",\"description\":\"Winter jacket for men DUCK TWILL. Reveal your personality with this classic young urban style. Versatile with a sporty-chic look.\",\"breadcrumb\":{\"@id\":\"https:\\\/\\\/alizee.ca\\\/en\\\/product\\\/duck-twill\\\/#breadcrumb\"},\"inLanguage\":\"en-US\",\"potentialAction\":[{\"@type\":\"ReadAction\",\"target\":[\"https:\\\/\\\/alizee.ca\\\/en\\\/product\\\/duck-twill\\\/\"]}]},{\"@type\":\"ImageObject\",\"inLanguage\":\"en-US\",\"@id\":\"https:\\\/\\\/alizee.ca\\\/en\\\/product\\\/duck-twill\\\/#primaryimage\",\"url\":\"https:\\\/\\\/alizee.ca\\\/wp-content\\\/uploads\\\/2018\\\/02\\\/Manteau-dhiver-pour-homme-DUCK-TWILL-Sous-bois-43663.webp\",\"contentUrl\":\"https:\\\/\\\/alizee.ca\\\/wp-content\\\/uploads\\\/2018\\\/02\\\/Manteau-dhiver-pour-homme-DUCK-TWILL-Sous-bois-43663.webp\",\"width\":800,\"height\":800,\"caption\":\"Men's winter jacket, DUCK TWILL, Underwood-43663\"},{\"@type\":\"BreadcrumbList\",\"@id\":\"https:\\\/\\\/alizee.ca\\\/en\\\/product\\\/duck-twill\\\/#breadcrumb\",\"itemListElement\":[{\"@type\":\"ListItem\",\"position\":1,\"name\":\"Accueil\",\"item\":\"https:\\\/\\\/alizee.ca\\\/en\\\/\"},{\"@type\":\"ListItem\",\"position\":2,\"name\":\"Shop\",\"item\":\"https:\\\/\\\/alizee.ca\\\/en\\\/shop\\\/\"},{\"@type\":\"ListItem\",\"position\":3,\"name\":\"Winter jacket &#8211; DUCK TWILL &#8211; 43663\"}]},{\"@type\":\"WebSite\",\"@id\":\"https:\\\/\\\/alizee.ca\\\/en\\\/#website\",\"url\":\"https:\\\/\\\/alizee.ca\\\/en\\\/\",\"name\":\"Alizee\",\"description\":\"Top by Nature TM\",\"publisher\":{\"@id\":\"https:\\\/\\\/alizee.ca\\\/en\\\/#organization\"},\"potentialAction\":[{\"@type\":\"SearchAction\",\"target\":{\"@type\":\"EntryPoint\",\"urlTemplate\":\"https:\\\/\\\/alizee.ca\\\/en\\\/?s={search_term_string}\"},\"query-input\":{\"@type\":\"PropertyValueSpecification\",\"valueRequired\":true,\"valueName\":\"search_term_string\"}}],\"inLanguage\":\"en-US\"},{\"@type\":\"Organization\",\"@id\":\"https:\\\/\\\/alizee.ca\\\/en\\\/#organization\",\"name\":\"Aliz\u00e9e\",\"url\":\"https:\\\/\\\/alizee.ca\\\/en\\\/\",\"logo\":{\"@type\":\"ImageObject\",\"inLanguage\":\"en-US\",\"@id\":\"https:\\\/\\\/alizee.ca\\\/en\\\/#\\\/schema\\\/logo\\\/image\\\/\",\"url\":\"https:\\\/\\\/alizee.ca\\\/wp-content\\\/uploads\\\/2019\\\/12\\\/0_footer-Alizee.png\",\"contentUrl\":\"https:\\\/\\\/alizee.ca\\\/wp-content\\\/uploads\\\/2019\\\/12\\\/0_footer-Alizee.png\",\"width\":293,\"height\":112,\"caption\":\"Aliz\u00e9e\"},\"image\":{\"@id\":\"https:\\\/\\\/alizee.ca\\\/en\\\/#\\\/schema\\\/logo\\\/image\\\/\"},\"sameAs\":[\"https:\\\/\\\/www.facebook.com\\\/AlizeeWear\\\/\",\"https:\\\/\\\/www.tiktok.com\\\/@alizee.ca\",\"https:\\\/\\\/www.instagram.com\\\/alizeewear\"]}]}<\/script>\n<!-- \/ Yoast SEO plugin. -->","yoast_head_json":{"title":"Winter jacket for men DUCK TWILL - 43663 - Aliz\u00e9e","description":"Winter jacket for men DUCK TWILL. Reveal your personality with this classic young urban style. Versatile with a sporty-chic look.","robots":{"index":"index","follow":"follow","max-snippet":"max-snippet:-1","max-image-preview":"max-image-preview:large","max-video-preview":"max-video-preview:-1"},"canonical":"https:\/\/alizee.ca\/en\/product\/duck-twill\/","og_locale":"en_US","og_type":"article","og_title":"Winter jacket for men DUCK TWILL - 43663 - Aliz\u00e9e","og_description":"Winter jacket for men DUCK TWILL. Reveal your personality with this classic young urban style. Versatile with a sporty-chic look.","og_url":"https:\/\/alizee.ca\/en\/product\/duck-twill\/","og_site_name":"Aliz\u00e9e","article_publisher":"https:\/\/www.facebook.com\/AlizeeWear\/","article_modified_time":"2025-05-18T09:38:37+00:00","og_image":[{"width":800,"height":800,"url":"https:\/\/alizee.ca\/wp-content\/uploads\/2018\/02\/Manteau-dhiver-pour-homme-DUCK-TWILL-Sous-bois-43663.webp","type":"image\/webp"}],"twitter_card":"summary_large_image","twitter_misc":{"Est. reading time":"3 minutes"},"schema":{"@context":"https:\/\/schema.org","@graph":[{"@type":"WebPage","@id":"https:\/\/alizee.ca\/en\/product\/duck-twill\/","url":"https:\/\/alizee.ca\/en\/product\/duck-twill\/","name":"Winter jacket for men DUCK TWILL - 43663 - Aliz\u00e9e","isPartOf":{"@id":"https:\/\/alizee.ca\/en\/#website"},"primaryImageOfPage":{"@id":"https:\/\/alizee.ca\/en\/product\/duck-twill\/#primaryimage"},"image":{"@id":"https:\/\/alizee.ca\/en\/product\/duck-twill\/#primaryimage"},"thumbnailUrl":"https:\/\/alizee.ca\/wp-content\/uploads\/2018\/02\/Manteau-dhiver-pour-homme-DUCK-TWILL-Sous-bois-43663.webp","datePublished":"2018-02-26T18:47:12+00:00","dateModified":"2025-05-18T09:38:37+00:00","description":"Winter jacket for men DUCK TWILL. Reveal your personality with this classic young urban style. Versatile with a sporty-chic look.","breadcrumb":{"@id":"https:\/\/alizee.ca\/en\/product\/duck-twill\/#breadcrumb"},"inLanguage":"en-US","potentialAction":[{"@type":"ReadAction","target":["https:\/\/alizee.ca\/en\/product\/duck-twill\/"]}]},{"@type":"ImageObject","inLanguage":"en-US","@id":"https:\/\/alizee.ca\/en\/product\/duck-twill\/#primaryimage","url":"https:\/\/alizee.ca\/wp-content\/uploads\/2018\/02\/Manteau-dhiver-pour-homme-DUCK-TWILL-Sous-bois-43663.webp","contentUrl":"https:\/\/alizee.ca\/wp-content\/uploads\/2018\/02\/Manteau-dhiver-pour-homme-DUCK-TWILL-Sous-bois-43663.webp","width":800,"height":800,"caption":"Men's winter jacket, DUCK TWILL, Underwood-43663"},{"@type":"BreadcrumbList","@id":"https:\/\/alizee.ca\/en\/product\/duck-twill\/#breadcrumb","itemListElement":[{"@type":"ListItem","position":1,"name":"Accueil","item":"https:\/\/alizee.ca\/en\/"},{"@type":"ListItem","position":2,"name":"Shop","item":"https:\/\/alizee.ca\/en\/shop\/"},{"@type":"ListItem","position":3,"name":"Winter jacket &#8211; DUCK TWILL &#8211; 43663"}]},{"@type":"WebSite","@id":"https:\/\/alizee.ca\/en\/#website","url":"https:\/\/alizee.ca\/en\/","name":"Alizee","description":"Top by Nature TM","publisher":{"@id":"https:\/\/alizee.ca\/en\/#organization"},"potentialAction":[{"@type":"SearchAction","target":{"@type":"EntryPoint","urlTemplate":"https:\/\/alizee.ca\/en\/?s={search_term_string}"},"query-input":{"@type":"PropertyValueSpecification","valueRequired":true,"valueName":"search_term_string"}}],"inLanguage":"en-US"},{"@type":"Organization","@id":"https:\/\/alizee.ca\/en\/#organization","name":"Aliz\u00e9e","url":"https:\/\/alizee.ca\/en\/","logo":{"@type":"ImageObject","inLanguage":"en-US","@id":"https:\/\/alizee.ca\/en\/#\/schema\/logo\/image\/","url":"https:\/\/alizee.ca\/wp-content\/uploads\/2019\/12\/0_footer-Alizee.png","contentUrl":"https:\/\/alizee.ca\/wp-content\/uploads\/2019\/12\/0_footer-Alizee.png","width":293,"height":112,"caption":"Aliz\u00e9e"},"image":{"@id":"https:\/\/alizee.ca\/en\/#\/schema\/logo\/image\/"},"sameAs":["https:\/\/www.facebook.com\/AlizeeWear\/","https:\/\/www.tiktok.com\/@alizee.ca","https:\/\/www.instagram.com\/alizeewear"]}]}},"_links":{"self":[{"href":"https:\/\/alizee.ca\/en\/wp-json\/wp\/v2\/product\/5555","targetHints":{"allow":["GET"]}}],"collection":[{"href":"https:\/\/alizee.ca\/en\/wp-json\/wp\/v2\/product"}],"about":[{"href":"https:\/\/alizee.ca\/en\/wp-json\/wp\/v2\/types\/product"}],"replies":[{"embeddable":true,"href":"https:\/\/alizee.ca\/en\/wp-json\/wp\/v2\/comments?post=5555"}],"wp:featuredmedia":[{"embeddable":true,"href":"https:\/\/alizee.ca\/en\/wp-json\/wp\/v2\/media\/20506"}],"wp:attachment":[{"href":"https:\/\/alizee.ca\/en\/wp-json\/wp\/v2\/media?parent=5555"}],"wp:term":[{"taxonomy":"product_brand","embeddable":true,"href":"https:\/\/alizee.ca\/en\/wp-json\/wp\/v2\/product_brand?post=5555"},{"taxonomy":"product_cat","embeddable":true,"href":"https:\/\/alizee.ca\/en\/wp-json\/wp\/v2\/product_cat?post=5555"},{"taxonomy":"product_tag","embeddable":true,"href":"https:\/\/alizee.ca\/en\/wp-json\/wp\/v2\/product_tag?post=5555"}],"curies":[{"name":"wp","href":"https:\/\/api.w.org\/{rel}","templated":true}]}}