{"id":19316,"date":"2023-10-11T08:43:46","date_gmt":"2023-10-11T12:55:40","guid":{"rendered":"https:\/\/alizee.ca\/?post_type=product&#038;p=19316"},"modified":"2024-02-14T15:54:53","modified_gmt":"2024-02-14T20:54:53","slug":"mens-winter-coat-mogul-43739","status":"publish","type":"product","link":"https:\/\/alizee.ca\/en\/product\/mens-winter-coat-mogul-43739\/","title":{"rendered":"Winter coat &#8211; MOGUL &#8211; 43739"},"content":{"rendered":"<p>The MOGUL winter coat for men is a clever blend of form and functionality, in addition to its sporty and chic look. Its design is quite refined, but with a touch of originality which makes it special. Diamond and broken line patterns sculpt shapes to enhance your silhouette. Focusing on the shoulders and upper body, it gives volume where desired while lengthening and slimming the waist. Equipped with all the required technical features, this high quality winter coat will give you the performance you expect. Moreover, its many pockets make it a practical garment that allows you to carry everything you need! In addition, its adjustable and detachable hood means you can adapt the look of your coat depending on the activity you do.<\/p>\n<p>Thanks to its 300g Eco-3 insulation, this coat offers comfortable protection against the elements and the Velvet Touch fabric adds a touch of softness. Easy to maintain, it ensures you always look your best! Available in black and royal blue, you can choose sobriety or vitality. Combining sport, comfort and elegance, the MOGUL winter coat for men will undoubtedly become your favorite item of clothing! So go ahead, treat yourself and enjoy absolute comfort this winter!<\/p>\n<h3><strong>HERE ARE THE FEATURES OF THE MEN&#8217;S WINTER COAT MOGUL<\/strong><\/h3>\n<ul>\n<li>Adjustable insulated removable hood<\/li>\n<li>Inner front flap and chin guard<\/li>\n<li>YKK zippers<\/li>\n<li>4 inner pockets and 2 with zipper<\/li>\n<li>Hand warmer pockets<\/li>\n<li>Inner knitted cuffs with thumb opening<\/li>\n<li>Length 31&#8243;<\/li>\n<\/ul>\n<p><img loading=\"lazy\" decoding=\"async\" class=\" wp-image-19278 alignleft\" src=\"https:\/\/alizee.ca\/wp-content\/uploads\/2023\/10\/Lequivalent-de-70-bouteilles-de-plastique-ont-ete-recyclees-dans-la-fabrication-de-ce-manteau-jpg-webp.webp\" alt=\"L'\u00e9quivalent de 70 bouteilles de plastique ont \u00e9t\u00e9 recycl\u00e9es dans la fabrication de ce manteau\/The equivalent of 70 plastic bottles were recycled in the manufacture of this coatComfort zone -30\u00b0CWind resistantWater resistantBreathableMachine washableLightweightRecycled materials\" width=\"59\" height=\"138\" srcset=\"https:\/\/alizee.ca\/wp-content\/uploads\/2023\/10\/Lequivalent-de-70-bouteilles-de-plastique-ont-ete-recyclees-dans-la-fabrication-de-ce-manteau-jpg-webp.webp 55w, https:\/\/alizee.ca\/wp-content\/uploads\/2023\/10\/Lequivalent-de-70-bouteilles-de-plastique-ont-ete-recyclees-dans-la-fabrication-de-ce-manteau-26x60.webp 26w, https:\/\/alizee.ca\/wp-content\/uploads\/2023\/10\/Lequivalent-de-70-bouteilles-de-plastique-ont-ete-recyclees-dans-la-fabrication-de-ce-manteau-38x90.webp 38w\" sizes=\"auto, (max-width: 59px) 100vw, 59px\" \/><\/p>\n<p>&nbsp;<\/p>\n<p>&nbsp;<\/p>\n<p><a href=\"https:\/\/alizee.ca\/en\/about-us\/eco-friendly-approach-2-2\/\"><strong>From plastic bottles to recycled jackets<\/strong><\/a><\/p>\n<h4>FABRIC, FINISH AND INSULATION<\/h4>\n<p>The outer fabric is made from 100% VELVET TOUCH recycled polyester. Our waterproof PROSTORM membrane ensures the transfer of moisture to the outside. The higher the coefficients, the better the properties like 8K\/5K; 8,000mm-5,000gr\/m2. Our fabric is treated with a very durable C6 water-repellent finish, minimizing the impact on the environment. It ensures 80% efficiency after 20 washes for its water resistance.<\/p>\n<p>The ECO-3 insulation is entirely made of recycled polyester fibers including 300 g\/m\u00b2. The latter is composed of continuous filaments, ensuring flexibility and lightness. It retains its thermal qualities even in wet conditions. Its ecological multilayer structure traps heat while allowing the evaporation of moisture. It is a lightweight insulation and its lining 100% polyester high density.<\/p>\n<h5><strong>CARE<\/strong><\/h5>\n<p>Machine wash your coat using the gentle cycle with mild soap. Be sure not to use fabric softener or bleach. Once washed, hang to dry. (Before putting it in the machine, empty all pockets and remove all accessories)<\/p>\n<p data-wp-editing=\"1\"><button style=\"background-color: white; border: 3px solid #999999; padding: 5px 12px;\" spellcheck=\"false\" data-lt-tmp-id=\"lt-190735\" data-gramm=\"false\" data-wp-editing=\"1\"><a href=\"https:\/\/alizee.ca\/guidedestailles\/\" target=\"_blank\" rel=\"noopener\"><img loading=\"lazy\" decoding=\"async\" class=\"alignnone wp-image-19502\" title=\"Guide des tailles\" src=\"http:\/\/alizee.ca\/wp-content\/uploads\/2023\/11\/Size-Chart-logo.webp\" alt=\"Guide des tailles\" width=\"30\" height=\"30\" \/><\/a><a href=\"https:\/\/alizee.ca\/en\/size-charts\/\" target=\"_blank\" rel=\"noopener\">GUIDE DES TAILLES<\/a><\/button><\/p>\n","protected":false},"excerpt":{"rendered":"<p>MOGUL winter coat a blend of form and function, in addition to its sporty and chic look. You will love the diamond and broken line patterns. Its shapes enhance your silhouette by emphasizing the shoulders and upper body. So go ahead, treat yourself and enjoy absolute comfort this winter!<\/p>\n<p><img loading=\"lazy\" decoding=\"async\" class=\"alignnone wp-image-20587\" src=\"https:\/\/alizee.ca\/wp-content\/uploads\/2023\/10\/Comfort-zone-30\u00b0C.webp\" alt=\"Comfort zone -30\u00b0C\" width=\"75\" height=\"75\" data-mce-src=\"https:\/\/alizee.ca\/wp-content\/uploads\/2023\/10\/Comfort-zone-30\u00b0C.webp\" srcset=\"https:\/\/alizee.ca\/wp-content\/uploads\/2023\/10\/Comfort-zone-30\u00b0C.webp 100w, https:\/\/alizee.ca\/wp-content\/uploads\/2023\/10\/Comfort-zone-30\u00b0C-40x40.webp 40w\" sizes=\"auto, (max-width: 75px) 100vw, 75px\" \/><img loading=\"lazy\" decoding=\"async\" class=\"alignnone wp-image-18460\" src=\"https:\/\/alizee.ca\/wp-content\/uploads\/2019\/08\/Water-Resistant-jpg.webp\" alt=\"Water Resistant\" width=\"75\" height=\"75\" data-mce-src=\"https:\/\/alizee.ca\/wp-content\/uploads\/2019\/08\/Water-Resistant-jpg.webp\" srcset=\"https:\/\/alizee.ca\/wp-content\/uploads\/2019\/08\/Water-Resistant-jpg.webp 100w, https:\/\/alizee.ca\/wp-content\/uploads\/2019\/08\/Water-Resistant-50x50.jpg 50w\" sizes=\"auto, (max-width: 75px) 100vw, 75px\" \/><img loading=\"lazy\" decoding=\"async\" class=\"alignnone wp-image-18492\" src=\"https:\/\/alizee.ca\/wp-content\/uploads\/2023\/01\/Windbreaker-jpg.webp\" alt=\"Windbreaker\" width=\"75\" height=\"75\" data-mce-src=\"https:\/\/alizee.ca\/wp-content\/uploads\/2023\/01\/Windbreaker-jpg.webp\" srcset=\"https:\/\/alizee.ca\/wp-content\/uploads\/2023\/01\/Windbreaker-jpg.webp 100w, https:\/\/alizee.ca\/wp-content\/uploads\/2023\/01\/Windbreaker-50x50.jpg 50w\" sizes=\"auto, (max-width: 75px) 100vw, 75px\" \/> <img loading=\"lazy\" decoding=\"async\" class=\"alignnone wp-image-18440\" src=\"https:\/\/alizee.ca\/wp-content\/uploads\/2019\/08\/Breathable-jpg.webp\" alt=\"Breathable\" width=\"75\" height=\"75\" data-mce-src=\"https:\/\/alizee.ca\/wp-content\/uploads\/2019\/08\/Breathable-jpg.webp\" srcset=\"https:\/\/alizee.ca\/wp-content\/uploads\/2019\/08\/Breathable-jpg.webp 100w, https:\/\/alizee.ca\/wp-content\/uploads\/2019\/08\/Breathable-50x50.jpg 50w\" sizes=\"auto, (max-width: 75px) 100vw, 75px\" \/><img loading=\"lazy\" decoding=\"async\" class=\"alignnone wp-image-18446\" src=\"https:\/\/alizee.ca\/wp-content\/uploads\/2019\/08\/Light-jpg.webp\" alt=\"Light\" width=\"75\" height=\"75\" data-mce-src=\"https:\/\/alizee.ca\/wp-content\/uploads\/2019\/08\/Light-jpg.webp\" srcset=\"https:\/\/alizee.ca\/wp-content\/uploads\/2019\/08\/Light-jpg.webp 100w, https:\/\/alizee.ca\/wp-content\/uploads\/2019\/08\/Light-50x50.jpg 50w\" sizes=\"auto, (max-width: 75px) 100vw, 75px\" \/><img loading=\"lazy\" decoding=\"async\" class=\"alignnone wp-image-18488\" src=\"https:\/\/alizee.ca\/wp-content\/uploads\/2023\/01\/TrumbleWash-jpg.webp\" alt=\"Trumble Wash\" width=\"75\" height=\"75\" data-mce-src=\"https:\/\/alizee.ca\/wp-content\/uploads\/2023\/01\/TrumbleWash-jpg.webp\" srcset=\"https:\/\/alizee.ca\/wp-content\/uploads\/2023\/01\/TrumbleWash-jpg.webp 100w, https:\/\/alizee.ca\/wp-content\/uploads\/2023\/01\/TrumbleWash-50x50.jpg 50w\" sizes=\"auto, (max-width: 75px) 100vw, 75px\" \/><img loading=\"lazy\" decoding=\"async\" class=\"alignnone wp-image-18450\" src=\"https:\/\/alizee.ca\/wp-content\/uploads\/2019\/08\/Recycled-materials-jpg.webp\" alt=\"Recycled materials\" width=\"75\" height=\"75\" data-mce-src=\"https:\/\/alizee.ca\/wp-content\/uploads\/2019\/08\/Recycled-materials-jpg.webp\" srcset=\"https:\/\/alizee.ca\/wp-content\/uploads\/2019\/08\/Recycled-materials-jpg.webp 100w, https:\/\/alizee.ca\/wp-content\/uploads\/2019\/08\/Recycled-materials-50x50.jpg 50w\" sizes=\"auto, (max-width: 75px) 100vw, 75px\" \/><img loading=\"lazy\" decoding=\"async\" class=\"alignnone wp-image-20589\" src=\"https:\/\/alizee.ca\/wp-content\/uploads\/2023\/10\/Mens-straight-fit.webp\" alt=\"Men's straight fit\" width=\"75\" height=\"75\" data-mce-src=\"https:\/\/alizee.ca\/wp-content\/uploads\/2023\/10\/Mens-straight-fit.webp\" srcset=\"https:\/\/alizee.ca\/wp-content\/uploads\/2023\/10\/Mens-straight-fit.webp 100w, https:\/\/alizee.ca\/wp-content\/uploads\/2023\/10\/Mens-straight-fit-40x40.webp 40w\" sizes=\"auto, (max-width: 75px) 100vw, 75px\" \/><br \/><button style=\"background-color: white; border: 3px solid #999999; padding: 5px 12px;\" spellcheck=\"false\" data-lt-tmp-id=\"lt-190735\" data-gramm=\"false\" data-wp-editing=\"1\" data-mce-style=\"background-color: white; border: 3px solid #999999; padding: 5px 12px;\"><a href=\"https:\/\/alizee.ca\/en\/size-charts\/\" target=\"_blank\" rel=\"noopener\" data-mce-href=\"https:\/\/alizee.ca\/en\/size-charts\/\"><img loading=\"lazy\" decoding=\"async\" class=\"alignnone wp-image-19502\" title=\"Size charts\" src=\"https:\/\/alizee.ca\/wp-content\/uploads\/2023\/11\/Size-Chart-logo.webp\" alt=\"Size Chart\" width=\"32\" height=\"32\" data-mce-src=\"https:\/\/alizee.ca\/wp-content\/uploads\/2023\/11\/Size-Chart-logo.webp\"> SIZE CHARTS<\/a><\/button><\/p>\n","protected":false},"featured_media":19301,"comment_status":"open","ping_status":"closed","template":"","meta":[],"product_brand":[],"product_cat":[505,631],"product_tag":[562,705,786,608,563,745,767,771,598,561],"class_list":{"0":"post-19316","1":"product","2":"type-product","3":"status-publish","4":"has-post-thumbnail","6":"product_cat-men","7":"product_cat-men-insulated-jacket","8":"product_tag-breathable","9":"product_tag-heat-zone-30c","10":"product_tag-lenght-31","11":"product_tag-light","12":"product_tag-machine-wash","13":"product_tag-mens-winter-jackets","14":"product_tag-recycled-materials","15":"product_tag-straight-fit","16":"product_tag-water-resistant","17":"product_tag-wind-resistant","18":"pa_couleur-black-en","19":"pa_couleur-royal-blue","20":"pa_grandeur-s-en","21":"pa_grandeur-m-en","22":"pa_grandeur-l-en","23":"pa_grandeur-xl-en","24":"pa_grandeur-2xl-en","25":"pa_grandeur-3xl-en","27":"first","28":"instock","29":"taxable","30":"shipping-taxable","31":"purchasable","32":"product-type-variable","33":"prodpage-style2"},"yoast_head":"<!-- This site is optimized with the Yoast SEO plugin v26.8 - https:\/\/yoast.com\/product\/yoast-seo-wordpress\/ -->\n<title>MOGUL winter coat for men - 43739 - Aliz&eacute;e<\/title>\n<meta name=\"description\" content=\"MOGUL winter coat for men. A blend of form and function. Opt for versatility with its sporty and chic look at the same time.\" \/>\n<meta name=\"robots\" content=\"index, follow, max-snippet:-1, max-image-preview:large, max-video-preview:-1\" \/>\n<link rel=\"canonical\" href=\"https:\/\/alizee.ca\/en\/product\/mens-winter-coat-mogul-43739\/\" \/>\n<meta property=\"og:locale\" content=\"en_US\" \/>\n<meta property=\"og:type\" content=\"article\" \/>\n<meta property=\"og:title\" content=\"MOGUL winter coat for men - 43739 - Aliz&eacute;e\" \/>\n<meta property=\"og:description\" content=\"MOGUL winter coat for men. A blend of form and function. Opt for versatility with its sporty and chic look at the same time.\" \/>\n<meta property=\"og:url\" content=\"https:\/\/alizee.ca\/en\/product\/mens-winter-coat-mogul-43739\/\" \/>\n<meta property=\"og:site_name\" content=\"Aliz&eacute;e\" \/>\n<meta property=\"article:publisher\" content=\"https:\/\/www.facebook.com\/AlizeeWear\/\" \/>\n<meta property=\"article:modified_time\" content=\"2024-02-14T20:54:53+00:00\" \/>\n<meta property=\"og:image\" content=\"http:\/\/alizee.ca\/wp-content\/uploads\/2023\/10\/43739-Manteau-dhiver-Mogul-pour-homme-bleu-royal-jpg-webp.webp\" \/>\n\t<meta property=\"og:image:width\" content=\"780\" \/>\n\t<meta property=\"og:image:height\" content=\"780\" \/>\n\t<meta property=\"og:image:type\" content=\"image\/jpeg\" \/>\n<meta name=\"twitter:card\" content=\"summary_large_image\" \/>\n<meta name=\"twitter:label1\" content=\"Est. reading time\" \/>\n\t<meta name=\"twitter:data1\" content=\"3 minutes\" \/>\n<script type=\"application\/ld+json\" class=\"yoast-schema-graph\">{\"@context\":\"https:\/\/schema.org\",\"@graph\":[{\"@type\":\"WebPage\",\"@id\":\"https:\/\/alizee.ca\/en\/product\/mens-winter-coat-mogul-43739\/\",\"url\":\"https:\/\/alizee.ca\/en\/product\/mens-winter-coat-mogul-43739\/\",\"name\":\"MOGUL winter coat for men - 43739 - Aliz&eacute;e\",\"isPartOf\":{\"@id\":\"https:\/\/alizee.ca\/en\/#website\"},\"primaryImageOfPage\":{\"@id\":\"https:\/\/alizee.ca\/en\/product\/mens-winter-coat-mogul-43739\/#primaryimage\"},\"image\":{\"@id\":\"https:\/\/alizee.ca\/en\/product\/mens-winter-coat-mogul-43739\/#primaryimage\"},\"thumbnailUrl\":\"https:\/\/alizee.ca\/wp-content\/uploads\/2023\/10\/43739-Manteau-dhiver-Mogul-pour-homme-bleu-royal-jpg-webp.webp\",\"datePublished\":\"2023-10-11T12:55:40+00:00\",\"dateModified\":\"2024-02-14T20:54:53+00:00\",\"description\":\"MOGUL winter coat for men. A blend of form and function. Opt for versatility with its sporty and chic look at the same time.\",\"breadcrumb\":{\"@id\":\"https:\/\/alizee.ca\/en\/product\/mens-winter-coat-mogul-43739\/#breadcrumb\"},\"inLanguage\":\"en-US\",\"potentialAction\":[{\"@type\":\"ReadAction\",\"target\":[\"https:\/\/alizee.ca\/en\/product\/mens-winter-coat-mogul-43739\/\"]}]},{\"@type\":\"ImageObject\",\"inLanguage\":\"en-US\",\"@id\":\"https:\/\/alizee.ca\/en\/product\/mens-winter-coat-mogul-43739\/#primaryimage\",\"url\":\"https:\/\/alizee.ca\/wp-content\/uploads\/2023\/10\/43739-Manteau-dhiver-Mogul-pour-homme-bleu-royal-jpg-webp.webp\",\"contentUrl\":\"https:\/\/alizee.ca\/wp-content\/uploads\/2023\/10\/43739-Manteau-dhiver-Mogul-pour-homme-bleu-royal-jpg-webp.webp\",\"width\":780,\"height\":780,\"caption\":\"43739-MOGUL men's winter coat, royal blue\"},{\"@type\":\"BreadcrumbList\",\"@id\":\"https:\/\/alizee.ca\/en\/product\/mens-winter-coat-mogul-43739\/#breadcrumb\",\"itemListElement\":[{\"@type\":\"ListItem\",\"position\":1,\"name\":\"Accueil\",\"item\":\"https:\/\/alizee.ca\/en\/\"},{\"@type\":\"ListItem\",\"position\":2,\"name\":\"Shop\",\"item\":\"https:\/\/alizee.ca\/en\/shop\/\"},{\"@type\":\"ListItem\",\"position\":3,\"name\":\"Winter coat &#8211; MOGUL &#8211; 43739\"}]},{\"@type\":\"WebSite\",\"@id\":\"https:\/\/alizee.ca\/en\/#website\",\"url\":\"https:\/\/alizee.ca\/en\/\",\"name\":\"Alizee\",\"description\":\"Top by Nature TM\",\"publisher\":{\"@id\":\"https:\/\/alizee.ca\/en\/#organization\"},\"potentialAction\":[{\"@type\":\"SearchAction\",\"target\":{\"@type\":\"EntryPoint\",\"urlTemplate\":\"https:\/\/alizee.ca\/en\/?s={search_term_string}\"},\"query-input\":{\"@type\":\"PropertyValueSpecification\",\"valueRequired\":true,\"valueName\":\"search_term_string\"}}],\"inLanguage\":\"en-US\"},{\"@type\":\"Organization\",\"@id\":\"https:\/\/alizee.ca\/en\/#organization\",\"name\":\"Aliz\u00e9e\",\"url\":\"https:\/\/alizee.ca\/en\/\",\"logo\":{\"@type\":\"ImageObject\",\"inLanguage\":\"en-US\",\"@id\":\"https:\/\/alizee.ca\/en\/#\/schema\/logo\/image\/\",\"url\":\"https:\/\/alizee.ca\/wp-content\/uploads\/2019\/12\/0_footer-Alizee.png\",\"contentUrl\":\"https:\/\/alizee.ca\/wp-content\/uploads\/2019\/12\/0_footer-Alizee.png\",\"width\":293,\"height\":112,\"caption\":\"Aliz\u00e9e\"},\"image\":{\"@id\":\"https:\/\/alizee.ca\/en\/#\/schema\/logo\/image\/\"},\"sameAs\":[\"https:\/\/www.facebook.com\/AlizeeWear\/\",\"https:\/\/www.tiktok.com\/@alizee.ca\",\"https:\/\/www.instagram.com\/alizeewear\"]}]}<\/script>\n<!-- \/ Yoast SEO plugin. -->","yoast_head_json":{"title":"MOGUL winter coat for men - 43739 - Aliz&eacute;e","description":"MOGUL winter coat for men. A blend of form and function. Opt for versatility with its sporty and chic look at the same time.","robots":{"index":"index","follow":"follow","max-snippet":"max-snippet:-1","max-image-preview":"max-image-preview:large","max-video-preview":"max-video-preview:-1"},"canonical":"https:\/\/alizee.ca\/en\/product\/mens-winter-coat-mogul-43739\/","og_locale":"en_US","og_type":"article","og_title":"MOGUL winter coat for men - 43739 - Aliz&eacute;e","og_description":"MOGUL winter coat for men. A blend of form and function. Opt for versatility with its sporty and chic look at the same time.","og_url":"https:\/\/alizee.ca\/en\/product\/mens-winter-coat-mogul-43739\/","og_site_name":"Aliz&eacute;e","article_publisher":"https:\/\/www.facebook.com\/AlizeeWear\/","article_modified_time":"2024-02-14T20:54:53+00:00","og_image":[{"width":780,"height":780,"url":"http:\/\/alizee.ca\/wp-content\/uploads\/2023\/10\/43739-Manteau-dhiver-Mogul-pour-homme-bleu-royal-jpg-webp.webp","type":"image\/jpeg"}],"twitter_card":"summary_large_image","twitter_misc":{"Est. reading time":"3 minutes"},"schema":{"@context":"https:\/\/schema.org","@graph":[{"@type":"WebPage","@id":"https:\/\/alizee.ca\/en\/product\/mens-winter-coat-mogul-43739\/","url":"https:\/\/alizee.ca\/en\/product\/mens-winter-coat-mogul-43739\/","name":"MOGUL winter coat for men - 43739 - Aliz&eacute;e","isPartOf":{"@id":"https:\/\/alizee.ca\/en\/#website"},"primaryImageOfPage":{"@id":"https:\/\/alizee.ca\/en\/product\/mens-winter-coat-mogul-43739\/#primaryimage"},"image":{"@id":"https:\/\/alizee.ca\/en\/product\/mens-winter-coat-mogul-43739\/#primaryimage"},"thumbnailUrl":"https:\/\/alizee.ca\/wp-content\/uploads\/2023\/10\/43739-Manteau-dhiver-Mogul-pour-homme-bleu-royal-jpg-webp.webp","datePublished":"2023-10-11T12:55:40+00:00","dateModified":"2024-02-14T20:54:53+00:00","description":"MOGUL winter coat for men. A blend of form and function. Opt for versatility with its sporty and chic look at the same time.","breadcrumb":{"@id":"https:\/\/alizee.ca\/en\/product\/mens-winter-coat-mogul-43739\/#breadcrumb"},"inLanguage":"en-US","potentialAction":[{"@type":"ReadAction","target":["https:\/\/alizee.ca\/en\/product\/mens-winter-coat-mogul-43739\/"]}]},{"@type":"ImageObject","inLanguage":"en-US","@id":"https:\/\/alizee.ca\/en\/product\/mens-winter-coat-mogul-43739\/#primaryimage","url":"https:\/\/alizee.ca\/wp-content\/uploads\/2023\/10\/43739-Manteau-dhiver-Mogul-pour-homme-bleu-royal-jpg-webp.webp","contentUrl":"https:\/\/alizee.ca\/wp-content\/uploads\/2023\/10\/43739-Manteau-dhiver-Mogul-pour-homme-bleu-royal-jpg-webp.webp","width":780,"height":780,"caption":"43739-MOGUL men's winter coat, royal blue"},{"@type":"BreadcrumbList","@id":"https:\/\/alizee.ca\/en\/product\/mens-winter-coat-mogul-43739\/#breadcrumb","itemListElement":[{"@type":"ListItem","position":1,"name":"Accueil","item":"https:\/\/alizee.ca\/en\/"},{"@type":"ListItem","position":2,"name":"Shop","item":"https:\/\/alizee.ca\/en\/shop\/"},{"@type":"ListItem","position":3,"name":"Winter coat &#8211; MOGUL &#8211; 43739"}]},{"@type":"WebSite","@id":"https:\/\/alizee.ca\/en\/#website","url":"https:\/\/alizee.ca\/en\/","name":"Alizee","description":"Top by Nature TM","publisher":{"@id":"https:\/\/alizee.ca\/en\/#organization"},"potentialAction":[{"@type":"SearchAction","target":{"@type":"EntryPoint","urlTemplate":"https:\/\/alizee.ca\/en\/?s={search_term_string}"},"query-input":{"@type":"PropertyValueSpecification","valueRequired":true,"valueName":"search_term_string"}}],"inLanguage":"en-US"},{"@type":"Organization","@id":"https:\/\/alizee.ca\/en\/#organization","name":"Aliz\u00e9e","url":"https:\/\/alizee.ca\/en\/","logo":{"@type":"ImageObject","inLanguage":"en-US","@id":"https:\/\/alizee.ca\/en\/#\/schema\/logo\/image\/","url":"https:\/\/alizee.ca\/wp-content\/uploads\/2019\/12\/0_footer-Alizee.png","contentUrl":"https:\/\/alizee.ca\/wp-content\/uploads\/2019\/12\/0_footer-Alizee.png","width":293,"height":112,"caption":"Aliz\u00e9e"},"image":{"@id":"https:\/\/alizee.ca\/en\/#\/schema\/logo\/image\/"},"sameAs":["https:\/\/www.facebook.com\/AlizeeWear\/","https:\/\/www.tiktok.com\/@alizee.ca","https:\/\/www.instagram.com\/alizeewear"]}]}},"_links":{"self":[{"href":"https:\/\/alizee.ca\/en\/wp-json\/wp\/v2\/product\/19316","targetHints":{"allow":["GET"]}}],"collection":[{"href":"https:\/\/alizee.ca\/en\/wp-json\/wp\/v2\/product"}],"about":[{"href":"https:\/\/alizee.ca\/en\/wp-json\/wp\/v2\/types\/product"}],"replies":[{"embeddable":true,"href":"https:\/\/alizee.ca\/en\/wp-json\/wp\/v2\/comments?post=19316"}],"wp:featuredmedia":[{"embeddable":true,"href":"https:\/\/alizee.ca\/en\/wp-json\/wp\/v2\/media\/19301"}],"wp:attachment":[{"href":"https:\/\/alizee.ca\/en\/wp-json\/wp\/v2\/media?parent=19316"}],"wp:term":[{"taxonomy":"product_brand","embeddable":true,"href":"https:\/\/alizee.ca\/en\/wp-json\/wp\/v2\/product_brand?post=19316"},{"taxonomy":"product_cat","embeddable":true,"href":"https:\/\/alizee.ca\/en\/wp-json\/wp\/v2\/product_cat?post=19316"},{"taxonomy":"product_tag","embeddable":true,"href":"https:\/\/alizee.ca\/en\/wp-json\/wp\/v2\/product_tag?post=19316"}],"curies":[{"name":"wp","href":"https:\/\/api.w.org\/{rel}","templated":true}]}}