{"id":18989,"date":"2023-09-28T14:14:02","date_gmt":"2023-09-28T19:26:38","guid":{"rendered":"https:\/\/alizee.ca\/?post_type=product&#038;p=18989"},"modified":"2025-06-03T06:45:55","modified_gmt":"2025-06-03T11:45:55","slug":"winter-long-jacket-cosmo-women-44752","status":"publish","type":"product","link":"https:\/\/alizee.ca\/en\/product\/winter-long-jacket-cosmo-women-44752\/","title":{"rendered":"Winter jacket &#8211; COSMO &#8211; 44752"},"content":{"rendered":"<p>The first long winter jacket for women in our collection, the COSMO is the ultimate luxury for women who prefer to stay warm! With a length of 39 inches, it will go down to the knees to ensure maximum heat. Its slender cut and its hourglass-shaped stitching highlight and emphasize your silhouette and enhance your attractions. With its high and enveloping collar, it will keep the heat of the upper body well.<\/p>\n<p>This coat is practical thanks to its many pockets, allowing you to carry your belongings without a purse! Inner knit cuffs with thumb opening prevent cold from entering. Ideal for women who use public transport, who love long walks in the open air or mothers who accompany their children during sports activities at the arena or on the ski slopes! Combining comfort and elegance, this long winter jacket COSMO for women will surely become your favorite garment!<\/p>\n<h3>HERE ARE THE FEATURES OF THE LONG COSMO WINTER JACKET FOR WOMEN<\/h3>\n<ul>\n<li>Adjustable insulated hood<\/li>\n<li>YKK METALLION zippers<\/li>\n<li>Inner front flap and chin guard<\/li>\n<li>Two chest pockets<\/li>\n<li>Preformed elbows<\/li>\n<li>Hand warmer pockets<\/li>\n<li>4 inner pockets, 2 with zippers<\/li>\n<li>Inner knitted cuffs with thumb opening<\/li>\n<li>Semi-adjusted fit<\/li>\n<li>Length: 39&#8243;<\/li>\n<\/ul>\n<p><img loading=\"lazy\" decoding=\"async\" class=\"alignnone size-full wp-image-19758\" src=\"http:\/\/alizee.ca\/wp-content\/uploads\/2023\/10\/Lequivalent-de-64-bouteilles-de-plastiques-ont-ete-recycles-dans-la-fabrication-The-equivalent-of-64-plastic-bottles-have-been-recycled-in-the-production-process-jpg-webp.webp\" alt=\"L'\u00e9quivalent de 64 bouteilles de plastiques ont \u00e9t\u00e9 recycl\u00e9s dans la fabrication-The equivalent of 64 plastic bottles have been recycled in the production process\" width=\"45\" height=\"98\" srcset=\"https:\/\/alizee.ca\/wp-content\/uploads\/2023\/10\/Lequivalent-de-64-bouteilles-de-plastiques-ont-ete-recycles-dans-la-fabrication-The-equivalent-of-64-plastic-bottles-have-been-recycled-in-the-production-process-jpg-webp.webp 45w, https:\/\/alizee.ca\/wp-content\/uploads\/2023\/10\/Lequivalent-de-64-bouteilles-de-plastiques-ont-ete-recycles-dans-la-fabrication-The-equivalent-of-64-plastic-bottles-have-been-recycled-in-the-production-process-28x60.webp 28w, https:\/\/alizee.ca\/wp-content\/uploads\/2023\/10\/Lequivalent-de-64-bouteilles-de-plastiques-ont-ete-recycles-dans-la-fabrication-The-equivalent-of-64-plastic-bottles-have-been-recycled-in-the-production-process-41x90.webp 41w\" sizes=\"auto, (max-width: 45px) 100vw, 45px\" \/>\u00a0<a href=\"https:\/\/alizee.ca\/en\/about-us\/eco-friendly-approach-2-2\/\"><strong>From plastic bottles to recycled jackets<\/strong><\/a><\/p>\n<h4>FABRIC, FINISH AND INSULATION<\/h4>\n<p>The VELVET TOUCH outer fabric is made from 100% recycled polyester with a PROSTORM membrane (8K\/5K; 8,000 mm-5,000 gr\/m2) designed to resist water and allow moisture transfer to the outside. Our fabric is treated with a C6 water repellent finish, making it tough and durable, and minimizing its impact on the environment. It is 80% water-resistant after 20 washes.<\/p>\n<p>Insulation PRIMALOFT\u00ae RISE 300 g\/m\u00b2 made from recycled materials is synonymous with warmth, comfort, softness and lightness. It provides warmth without excessive bulk, breathability and softness with 100% recycled content. Inner lining 100% high-density polyester.<\/p>\n<h5>CARE<\/h5>\n<p>Machine wash your coat using the gentle cycle with mild soap. Be sure not to use fabric softener or bleach. Once washed, hang to dry. (Before putting it in the machine, empty all pockets and remove all accessories)<\/p>\n<p><span style=\"font-family: Roboto; font-size: 10px; color: #000000;\"><button style=\"background-color: white; border: 3px solid #999999; padding: 5px 12px;\" spellcheck=\"false\" data-lt-tmp-id=\"lt-190735\" data-gramm=\"false\" data-wp-editing=\"1\"><span style=\"color: #000000;\"><a href=\"https:\/\/alizee.ca\/en\/size-charts\/\" target=\"_blank\" rel=\"noopener\"><img loading=\"lazy\" decoding=\"async\" class=\"alignnone wp-image-19502\" title=\"Size charts\" src=\"http:\/\/alizee.ca\/wp-content\/uploads\/2023\/11\/Size-Chart-logo.webp\" alt=\"Size Chart\" width=\"32\" height=\"32\" \/> SIZE CHARTS<\/a><\/span><\/button><\/span><\/p>\n","protected":false},"excerpt":{"rendered":"<p>A long winter jacket COSMO plus size, the ultimate in luxury! Its slim cut and hourglass-shaped stitching emphasize your silhouette and enhance your appeal. With its high, wrap-around collar, it keeps your upper body warm.<\/p>\n<p><img loading=\"lazy\" decoding=\"async\" class=\"alignnone wp-image-20587\" src=\"https:\/\/alizee.ca\/wp-content\/uploads\/2023\/10\/Comfort-zone-30\u00b0C.webp\" alt=\"Comfort zone -30\u00b0C\" width=\"75\" height=\"75\" srcset=\"https:\/\/alizee.ca\/wp-content\/uploads\/2023\/10\/Comfort-zone-30\u00b0C.webp 100w, https:\/\/alizee.ca\/wp-content\/uploads\/2023\/10\/Comfort-zone-30\u00b0C-40x40.webp 40w\" sizes=\"auto, (max-width: 75px) 100vw, 75px\" \/><img loading=\"lazy\" decoding=\"async\" class=\"alignnone wp-image-18460\" src=\"https:\/\/alizee.ca\/wp-content\/uploads\/2019\/08\/Water-Resistant-jpg.webp\" alt=\"Water Resistant\" width=\"75\" height=\"75\" srcset=\"https:\/\/alizee.ca\/wp-content\/uploads\/2019\/08\/Water-Resistant-jpg.webp 100w, https:\/\/alizee.ca\/wp-content\/uploads\/2019\/08\/Water-Resistant-50x50.jpg 50w\" sizes=\"auto, (max-width: 75px) 100vw, 75px\" \/><img loading=\"lazy\" decoding=\"async\" class=\"alignnone wp-image-18492\" src=\"https:\/\/alizee.ca\/wp-content\/uploads\/2023\/01\/Windbreaker-jpg.webp\" alt=\"Windbreaker\" width=\"75\" height=\"75\" srcset=\"https:\/\/alizee.ca\/wp-content\/uploads\/2023\/01\/Windbreaker-jpg.webp 100w, https:\/\/alizee.ca\/wp-content\/uploads\/2023\/01\/Windbreaker-50x50.jpg 50w\" sizes=\"auto, (max-width: 75px) 100vw, 75px\" \/> <img loading=\"lazy\" decoding=\"async\" class=\"alignnone wp-image-18440\" src=\"https:\/\/alizee.ca\/wp-content\/uploads\/2019\/08\/Breathable-jpg.webp\" alt=\"Breathable\" width=\"75\" height=\"75\" srcset=\"https:\/\/alizee.ca\/wp-content\/uploads\/2019\/08\/Breathable-jpg.webp 100w, https:\/\/alizee.ca\/wp-content\/uploads\/2019\/08\/Breathable-50x50.jpg 50w\" sizes=\"auto, (max-width: 75px) 100vw, 75px\" \/><img loading=\"lazy\" decoding=\"async\" class=\"alignnone wp-image-18446\" src=\"https:\/\/alizee.ca\/wp-content\/uploads\/2019\/08\/Light-jpg.webp\" alt=\"Light\" width=\"75\" height=\"75\" srcset=\"https:\/\/alizee.ca\/wp-content\/uploads\/2019\/08\/Light-jpg.webp 100w, https:\/\/alizee.ca\/wp-content\/uploads\/2019\/08\/Light-50x50.jpg 50w\" sizes=\"auto, (max-width: 75px) 100vw, 75px\" \/><img loading=\"lazy\" decoding=\"async\" class=\"alignnone wp-image-18488\" src=\"https:\/\/alizee.ca\/wp-content\/uploads\/2023\/01\/TrumbleWash-jpg.webp\" alt=\"Trumble Wash\" width=\"75\" height=\"75\" srcset=\"https:\/\/alizee.ca\/wp-content\/uploads\/2023\/01\/TrumbleWash-jpg.webp 100w, https:\/\/alizee.ca\/wp-content\/uploads\/2023\/01\/TrumbleWash-50x50.jpg 50w\" sizes=\"auto, (max-width: 75px) 100vw, 75px\" \/><img loading=\"lazy\" decoding=\"async\" class=\"alignnone wp-image-18450\" src=\"https:\/\/alizee.ca\/wp-content\/uploads\/2019\/08\/Recycled-materials-jpg.webp\" alt=\"Recycled materials\" width=\"75\" height=\"75\" srcset=\"https:\/\/alizee.ca\/wp-content\/uploads\/2019\/08\/Recycled-materials-jpg.webp 100w, https:\/\/alizee.ca\/wp-content\/uploads\/2019\/08\/Recycled-materials-50x50.jpg 50w\" sizes=\"auto, (max-width: 75px) 100vw, 75px\" \/><img loading=\"lazy\" decoding=\"async\" class=\"alignnone wp-image-20536\" src=\"http:\/\/alizee.ca\/wp-content\/uploads\/2022\/10\/Semi-adjusted-fit-women.webp\" alt=\"Semi-adjusted fit, women\" width=\"75\" height=\"75\" srcset=\"https:\/\/alizee.ca\/wp-content\/uploads\/2022\/10\/Semi-adjusted-fit-women.webp 100w, https:\/\/alizee.ca\/wp-content\/uploads\/2022\/10\/Semi-adjusted-fit-women-40x40.webp 40w\" sizes=\"auto, (max-width: 75px) 100vw, 75px\" \/><\/p>\n<p><button style=\"background-color: white; border: 3px solid #999999; padding: 5px 12px;\" spellcheck=\"false\" data-lt-tmp-id=\"lt-190735\" data-gramm=\"false\" data-wp-editing=\"1\"><a href=\"https:\/\/alizee.ca\/en\/product\/winter-long-jacket-plus-size-cosmo-44752o\/\" target=\"_blank\" rel=\"noopener\"><img loading=\"lazy\" decoding=\"async\" class=\"alignnone wp-image-19506\" title=\"Available in plus size\" src=\"https:\/\/alizee.ca\/wp-content\/uploads\/2020\/09\/Disponible-en-taille-plus-Available-in-plus-size.webp\" alt=\"Disponible en taille plus-Available in plus size\" width=\"32\" height=\"32\" \/><\/a><a href=\"https:\/\/alizee.ca\/en\/product\/winter-long-jacket-plus-size-cosmo-44752o\/\" rel=\"noopener\"> AVAILABLE IN PLUS SIZE<\/a><\/span><\/button><button style=\"background-color: white; border: 3px solid #999999; padding: 5px 12px;\" spellcheck=\"false\" data-lt-tmp-id=\"lt-190735\" data-gramm=\"false\" data-wp-editing=\"1\"><span style=\"color: #000000;\"><a href=\"https:\/\/alizee.ca\/en\/size-charts\/\" target=\"_blank\" rel=\"noopener\"><img loading=\"lazy\" decoding=\"async\" class=\"alignnone wp-image-19502\" title=\"Size charts\" src=\"https:\/\/alizee.ca\/wp-content\/uploads\/2023\/11\/Size-Chart-logo.webp\" alt=\"Size Chart\" width=\"32\" height=\"32\" \/><\/a><a href=\"https:\/\/alizee.ca\/en\/size-charts\/\" target=\"_blank\" rel=\"noopener\">SIZE CHARTS<\/a><\/button><\/p>\n","protected":false},"featured_media":20861,"comment_status":"open","ping_status":"closed","template":"","meta":[],"product_brand":[],"product_cat":[632,506],"product_tag":[562,714,770,608,563,767,783,598,561,742],"class_list":{"0":"post-18989","1":"product","2":"type-product","3":"status-publish","4":"has-post-thumbnail","6":"product_cat-women-insulated-jacket","7":"product_cat-women","8":"product_tag-breathable","9":"product_tag-comfort-zone-30c","10":"product_tag-length-39","11":"product_tag-light","12":"product_tag-machine-wash","13":"product_tag-recycled-materials","14":"product_tag-semi-adjusted-fit","15":"product_tag-water-resistant","16":"product_tag-wind-resistant","17":"product_tag-womens-winter-coats","18":"pa_couleur-black-en","19":"pa_grandeur-2xl-en","20":"pa_grandeur-l-en","21":"pa_grandeur-m-en","22":"pa_grandeur-s-en","23":"pa_grandeur-xl-en","24":"pa_grandeur-xs-en","26":"first","27":"instock","28":"taxable","29":"shipping-taxable","30":"purchasable","31":"product-type-variable","32":"prodpage-style2"},"yoast_head":"<!-- This site is optimized with the Yoast SEO plugin v27.3 - https:\/\/yoast.com\/product\/yoast-seo-wordpress\/ -->\n<title>Women&#039;s winter jacket long COSMO -44752- Aliz\u00e9e<\/title>\n<meta name=\"description\" content=\"Discover luxury with the women&#039;s winter jacket long COSMO. With its hourglass-shaped stitching, it&#039;ll keep you warm and stylish.\" \/>\n<meta name=\"robots\" content=\"index, follow, max-snippet:-1, max-image-preview:large, max-video-preview:-1\" \/>\n<link rel=\"canonical\" href=\"https:\/\/alizee.ca\/en\/product\/winter-long-jacket-cosmo-women-44752\/\" \/>\n<meta property=\"og:locale\" content=\"en_US\" \/>\n<meta property=\"og:type\" content=\"article\" \/>\n<meta property=\"og:title\" content=\"Women&#039;s winter jacket long COSMO -44752- Aliz\u00e9e\" \/>\n<meta property=\"og:description\" content=\"Discover luxury with the women&#039;s winter jacket long COSMO. With its hourglass-shaped stitching, it&#039;ll keep you warm and stylish.\" \/>\n<meta property=\"og:url\" content=\"https:\/\/alizee.ca\/en\/product\/winter-long-jacket-cosmo-women-44752\/\" \/>\n<meta property=\"og:site_name\" content=\"Aliz\u00e9e\" \/>\n<meta property=\"article:publisher\" content=\"https:\/\/www.facebook.com\/AlizeeWear\/\" \/>\n<meta property=\"article:modified_time\" content=\"2025-06-03T11:45:55+00:00\" \/>\n<meta property=\"og:image\" content=\"https:\/\/alizee.ca\/wp-content\/uploads\/2023\/09\/44752-Manteau-dhiver-long-COSMO-noir-devant.webp\" \/>\n\t<meta property=\"og:image:width\" content=\"800\" \/>\n\t<meta property=\"og:image:height\" content=\"800\" \/>\n\t<meta property=\"og:image:type\" content=\"image\/webp\" \/>\n<meta name=\"twitter:card\" content=\"summary_large_image\" \/>\n<meta name=\"twitter:label1\" content=\"Est. reading time\" \/>\n\t<meta name=\"twitter:data1\" content=\"4 minutes\" \/>\n<script type=\"application\/ld+json\" class=\"yoast-schema-graph\">{\"@context\":\"https:\\\/\\\/schema.org\",\"@graph\":[{\"@type\":\"WebPage\",\"@id\":\"https:\\\/\\\/alizee.ca\\\/en\\\/product\\\/winter-long-jacket-cosmo-women-44752\\\/\",\"url\":\"https:\\\/\\\/alizee.ca\\\/en\\\/product\\\/winter-long-jacket-cosmo-women-44752\\\/\",\"name\":\"Women's winter jacket long COSMO -44752- Aliz\u00e9e\",\"isPartOf\":{\"@id\":\"https:\\\/\\\/alizee.ca\\\/en\\\/#website\"},\"primaryImageOfPage\":{\"@id\":\"https:\\\/\\\/alizee.ca\\\/en\\\/product\\\/winter-long-jacket-cosmo-women-44752\\\/#primaryimage\"},\"image\":{\"@id\":\"https:\\\/\\\/alizee.ca\\\/en\\\/product\\\/winter-long-jacket-cosmo-women-44752\\\/#primaryimage\"},\"thumbnailUrl\":\"https:\\\/\\\/alizee.ca\\\/wp-content\\\/uploads\\\/2023\\\/09\\\/44752-Manteau-dhiver-long-COSMO-noir-devant.webp\",\"datePublished\":\"2023-09-28T19:26:38+00:00\",\"dateModified\":\"2025-06-03T11:45:55+00:00\",\"description\":\"Discover luxury with the women's winter jacket long COSMO. With its hourglass-shaped stitching, it'll keep you warm and stylish.\",\"breadcrumb\":{\"@id\":\"https:\\\/\\\/alizee.ca\\\/en\\\/product\\\/winter-long-jacket-cosmo-women-44752\\\/#breadcrumb\"},\"inLanguage\":\"en-US\",\"potentialAction\":[{\"@type\":\"ReadAction\",\"target\":[\"https:\\\/\\\/alizee.ca\\\/en\\\/product\\\/winter-long-jacket-cosmo-women-44752\\\/\"]}]},{\"@type\":\"ImageObject\",\"inLanguage\":\"en-US\",\"@id\":\"https:\\\/\\\/alizee.ca\\\/en\\\/product\\\/winter-long-jacket-cosmo-women-44752\\\/#primaryimage\",\"url\":\"https:\\\/\\\/alizee.ca\\\/wp-content\\\/uploads\\\/2023\\\/09\\\/44752-Manteau-dhiver-long-COSMO-noir-devant.webp\",\"contentUrl\":\"https:\\\/\\\/alizee.ca\\\/wp-content\\\/uploads\\\/2023\\\/09\\\/44752-Manteau-dhiver-long-COSMO-noir-devant.webp\",\"width\":800,\"height\":800,\"caption\":\"44752-Winter jacket long COSMO, black, front\"},{\"@type\":\"BreadcrumbList\",\"@id\":\"https:\\\/\\\/alizee.ca\\\/en\\\/product\\\/winter-long-jacket-cosmo-women-44752\\\/#breadcrumb\",\"itemListElement\":[{\"@type\":\"ListItem\",\"position\":1,\"name\":\"Accueil\",\"item\":\"https:\\\/\\\/alizee.ca\\\/en\\\/\"},{\"@type\":\"ListItem\",\"position\":2,\"name\":\"Shop\",\"item\":\"https:\\\/\\\/alizee.ca\\\/en\\\/shop\\\/\"},{\"@type\":\"ListItem\",\"position\":3,\"name\":\"Winter jacket &#8211; COSMO &#8211; 44752\"}]},{\"@type\":\"WebSite\",\"@id\":\"https:\\\/\\\/alizee.ca\\\/en\\\/#website\",\"url\":\"https:\\\/\\\/alizee.ca\\\/en\\\/\",\"name\":\"Alizee\",\"description\":\"Top by Nature TM\",\"publisher\":{\"@id\":\"https:\\\/\\\/alizee.ca\\\/en\\\/#organization\"},\"potentialAction\":[{\"@type\":\"SearchAction\",\"target\":{\"@type\":\"EntryPoint\",\"urlTemplate\":\"https:\\\/\\\/alizee.ca\\\/en\\\/?s={search_term_string}\"},\"query-input\":{\"@type\":\"PropertyValueSpecification\",\"valueRequired\":true,\"valueName\":\"search_term_string\"}}],\"inLanguage\":\"en-US\"},{\"@type\":\"Organization\",\"@id\":\"https:\\\/\\\/alizee.ca\\\/en\\\/#organization\",\"name\":\"Aliz\u00e9e\",\"url\":\"https:\\\/\\\/alizee.ca\\\/en\\\/\",\"logo\":{\"@type\":\"ImageObject\",\"inLanguage\":\"en-US\",\"@id\":\"https:\\\/\\\/alizee.ca\\\/en\\\/#\\\/schema\\\/logo\\\/image\\\/\",\"url\":\"https:\\\/\\\/alizee.ca\\\/wp-content\\\/uploads\\\/2019\\\/12\\\/0_footer-Alizee.png\",\"contentUrl\":\"https:\\\/\\\/alizee.ca\\\/wp-content\\\/uploads\\\/2019\\\/12\\\/0_footer-Alizee.png\",\"width\":293,\"height\":112,\"caption\":\"Aliz\u00e9e\"},\"image\":{\"@id\":\"https:\\\/\\\/alizee.ca\\\/en\\\/#\\\/schema\\\/logo\\\/image\\\/\"},\"sameAs\":[\"https:\\\/\\\/www.facebook.com\\\/AlizeeWear\\\/\",\"https:\\\/\\\/www.tiktok.com\\\/@alizee.ca\",\"https:\\\/\\\/www.instagram.com\\\/alizeewear\"]}]}<\/script>\n<!-- \/ Yoast SEO plugin. -->","yoast_head_json":{"title":"Women's winter jacket long COSMO -44752- Aliz\u00e9e","description":"Discover luxury with the women's winter jacket long COSMO. With its hourglass-shaped stitching, it'll keep you warm and stylish.","robots":{"index":"index","follow":"follow","max-snippet":"max-snippet:-1","max-image-preview":"max-image-preview:large","max-video-preview":"max-video-preview:-1"},"canonical":"https:\/\/alizee.ca\/en\/product\/winter-long-jacket-cosmo-women-44752\/","og_locale":"en_US","og_type":"article","og_title":"Women's winter jacket long COSMO -44752- Aliz\u00e9e","og_description":"Discover luxury with the women's winter jacket long COSMO. With its hourglass-shaped stitching, it'll keep you warm and stylish.","og_url":"https:\/\/alizee.ca\/en\/product\/winter-long-jacket-cosmo-women-44752\/","og_site_name":"Aliz\u00e9e","article_publisher":"https:\/\/www.facebook.com\/AlizeeWear\/","article_modified_time":"2025-06-03T11:45:55+00:00","og_image":[{"width":800,"height":800,"url":"https:\/\/alizee.ca\/wp-content\/uploads\/2023\/09\/44752-Manteau-dhiver-long-COSMO-noir-devant.webp","type":"image\/webp"}],"twitter_card":"summary_large_image","twitter_misc":{"Est. reading time":"4 minutes"},"schema":{"@context":"https:\/\/schema.org","@graph":[{"@type":"WebPage","@id":"https:\/\/alizee.ca\/en\/product\/winter-long-jacket-cosmo-women-44752\/","url":"https:\/\/alizee.ca\/en\/product\/winter-long-jacket-cosmo-women-44752\/","name":"Women's winter jacket long COSMO -44752- Aliz\u00e9e","isPartOf":{"@id":"https:\/\/alizee.ca\/en\/#website"},"primaryImageOfPage":{"@id":"https:\/\/alizee.ca\/en\/product\/winter-long-jacket-cosmo-women-44752\/#primaryimage"},"image":{"@id":"https:\/\/alizee.ca\/en\/product\/winter-long-jacket-cosmo-women-44752\/#primaryimage"},"thumbnailUrl":"https:\/\/alizee.ca\/wp-content\/uploads\/2023\/09\/44752-Manteau-dhiver-long-COSMO-noir-devant.webp","datePublished":"2023-09-28T19:26:38+00:00","dateModified":"2025-06-03T11:45:55+00:00","description":"Discover luxury with the women's winter jacket long COSMO. With its hourglass-shaped stitching, it'll keep you warm and stylish.","breadcrumb":{"@id":"https:\/\/alizee.ca\/en\/product\/winter-long-jacket-cosmo-women-44752\/#breadcrumb"},"inLanguage":"en-US","potentialAction":[{"@type":"ReadAction","target":["https:\/\/alizee.ca\/en\/product\/winter-long-jacket-cosmo-women-44752\/"]}]},{"@type":"ImageObject","inLanguage":"en-US","@id":"https:\/\/alizee.ca\/en\/product\/winter-long-jacket-cosmo-women-44752\/#primaryimage","url":"https:\/\/alizee.ca\/wp-content\/uploads\/2023\/09\/44752-Manteau-dhiver-long-COSMO-noir-devant.webp","contentUrl":"https:\/\/alizee.ca\/wp-content\/uploads\/2023\/09\/44752-Manteau-dhiver-long-COSMO-noir-devant.webp","width":800,"height":800,"caption":"44752-Winter jacket long COSMO, black, front"},{"@type":"BreadcrumbList","@id":"https:\/\/alizee.ca\/en\/product\/winter-long-jacket-cosmo-women-44752\/#breadcrumb","itemListElement":[{"@type":"ListItem","position":1,"name":"Accueil","item":"https:\/\/alizee.ca\/en\/"},{"@type":"ListItem","position":2,"name":"Shop","item":"https:\/\/alizee.ca\/en\/shop\/"},{"@type":"ListItem","position":3,"name":"Winter jacket &#8211; COSMO &#8211; 44752"}]},{"@type":"WebSite","@id":"https:\/\/alizee.ca\/en\/#website","url":"https:\/\/alizee.ca\/en\/","name":"Alizee","description":"Top by Nature TM","publisher":{"@id":"https:\/\/alizee.ca\/en\/#organization"},"potentialAction":[{"@type":"SearchAction","target":{"@type":"EntryPoint","urlTemplate":"https:\/\/alizee.ca\/en\/?s={search_term_string}"},"query-input":{"@type":"PropertyValueSpecification","valueRequired":true,"valueName":"search_term_string"}}],"inLanguage":"en-US"},{"@type":"Organization","@id":"https:\/\/alizee.ca\/en\/#organization","name":"Aliz\u00e9e","url":"https:\/\/alizee.ca\/en\/","logo":{"@type":"ImageObject","inLanguage":"en-US","@id":"https:\/\/alizee.ca\/en\/#\/schema\/logo\/image\/","url":"https:\/\/alizee.ca\/wp-content\/uploads\/2019\/12\/0_footer-Alizee.png","contentUrl":"https:\/\/alizee.ca\/wp-content\/uploads\/2019\/12\/0_footer-Alizee.png","width":293,"height":112,"caption":"Aliz\u00e9e"},"image":{"@id":"https:\/\/alizee.ca\/en\/#\/schema\/logo\/image\/"},"sameAs":["https:\/\/www.facebook.com\/AlizeeWear\/","https:\/\/www.tiktok.com\/@alizee.ca","https:\/\/www.instagram.com\/alizeewear"]}]}},"_links":{"self":[{"href":"https:\/\/alizee.ca\/en\/wp-json\/wp\/v2\/product\/18989","targetHints":{"allow":["GET"]}}],"collection":[{"href":"https:\/\/alizee.ca\/en\/wp-json\/wp\/v2\/product"}],"about":[{"href":"https:\/\/alizee.ca\/en\/wp-json\/wp\/v2\/types\/product"}],"replies":[{"embeddable":true,"href":"https:\/\/alizee.ca\/en\/wp-json\/wp\/v2\/comments?post=18989"}],"wp:featuredmedia":[{"embeddable":true,"href":"https:\/\/alizee.ca\/en\/wp-json\/wp\/v2\/media\/20861"}],"wp:attachment":[{"href":"https:\/\/alizee.ca\/en\/wp-json\/wp\/v2\/media?parent=18989"}],"wp:term":[{"taxonomy":"product_brand","embeddable":true,"href":"https:\/\/alizee.ca\/en\/wp-json\/wp\/v2\/product_brand?post=18989"},{"taxonomy":"product_cat","embeddable":true,"href":"https:\/\/alizee.ca\/en\/wp-json\/wp\/v2\/product_cat?post=18989"},{"taxonomy":"product_tag","embeddable":true,"href":"https:\/\/alizee.ca\/en\/wp-json\/wp\/v2\/product_tag?post=18989"}],"curies":[{"name":"wp","href":"https:\/\/api.w.org\/{rel}","templated":true}]}}