{"id":843,"date":"2016-07-28T18:03:40","date_gmt":"2016-07-28T22:03:40","guid":{"rendered":"https:\/\/alizee.ca\/guide-des-tailles\/?lang=en"},"modified":"2021-12-03T13:42:14","modified_gmt":"2021-12-03T17:42:14","slug":"technical-info","status":"publish","type":"page","link":"https:\/\/alizee.ca\/en\/technical-info\/","title":{"rendered":"Technical Info"},"content":{"rendered":"<p><script><\/script><\/p>\n","protected":false},"excerpt":{"rendered":"","protected":false},"author":1,"featured_media":0,"parent":0,"menu_order":0,"comment_status":"closed","ping_status":"closed","template":"","meta":{"footnotes":""},"class_list":["post-843","page","type-page","status-publish","hentry","prodpage-style2"],"yoast_head":"<!-- This site is optimized with the Yoast SEO plugin v27.3 - https:\/\/yoast.com\/product\/yoast-seo-wordpress\/ -->\n<title>Infos techniques - Aliz\u00e9e<\/title>\n<meta name=\"description\" content=\"\u00c0 la fois performant et l\u00e9ger, l&#039;isolant PRIMALOFT est \u00e0 l\u2019\u00e9preuve des temp\u00e9ratures les plus froides. Cet isolant vous offre un excellent rapport poids\/chaleur gr\u00e2ce \u00e0 ses propri\u00e9t\u00e9s thermiques comparables au duvet ainsi qu\u2019\u00e0 son faible volume...\" \/>\n<meta name=\"robots\" content=\"index, follow, max-snippet:-1, max-image-preview:large, max-video-preview:-1\" \/>\n<link rel=\"canonical\" href=\"https:\/\/alizee.ca\/en\/technical-info\/\" \/>\n<meta property=\"og:locale\" content=\"en_US\" \/>\n<meta property=\"og:type\" content=\"article\" \/>\n<meta property=\"og:title\" content=\"Infos techniques - Aliz\u00e9e\" \/>\n<meta property=\"og:description\" content=\"\u00c0 la fois performant et l\u00e9ger, l&#039;isolant PRIMALOFT est \u00e0 l\u2019\u00e9preuve des temp\u00e9ratures les plus froides. Cet isolant vous offre un excellent rapport poids\/chaleur gr\u00e2ce \u00e0 ses propri\u00e9t\u00e9s thermiques comparables au duvet ainsi qu\u2019\u00e0 son faible volume...\" \/>\n<meta property=\"og:url\" content=\"https:\/\/alizee.ca\/en\/technical-info\/\" \/>\n<meta property=\"og:site_name\" content=\"Aliz\u00e9e\" \/>\n<meta property=\"article:publisher\" content=\"https:\/\/www.facebook.com\/AlizeeWear\/\" \/>\n<meta property=\"article:modified_time\" content=\"2021-12-03T17:42:14+00:00\" \/>\n<meta property=\"og:image\" content=\"https:\/\/alizee.ca\/wp-content\/uploads\/2019\/12\/0_footer-Alizee.png\" \/>\n\t<meta property=\"og:image:width\" content=\"293\" \/>\n\t<meta property=\"og:image:height\" content=\"112\" \/>\n\t<meta property=\"og:image:type\" content=\"image\/png\" \/>\n<meta name=\"twitter:card\" content=\"summary_large_image\" \/>\n<script type=\"application\/ld+json\" class=\"yoast-schema-graph\">{\"@context\":\"https:\\\/\\\/schema.org\",\"@graph\":[{\"@type\":\"WebPage\",\"@id\":\"https:\\\/\\\/alizee.ca\\\/en\\\/technical-info\\\/\",\"url\":\"https:\\\/\\\/alizee.ca\\\/en\\\/technical-info\\\/\",\"name\":\"Infos techniques - Aliz\u00e9e\",\"isPartOf\":{\"@id\":\"https:\\\/\\\/alizee.ca\\\/en\\\/#website\"},\"datePublished\":\"2016-07-28T22:03:40+00:00\",\"dateModified\":\"2021-12-03T17:42:14+00:00\",\"description\":\"\u00c0 la fois performant et l\u00e9ger, l'isolant PRIMALOFT est \u00e0 l\u2019\u00e9preuve des temp\u00e9ratures les plus froides. Cet isolant vous offre un excellent rapport poids\\\/chaleur gr\u00e2ce \u00e0 ses propri\u00e9t\u00e9s thermiques comparables au duvet ainsi qu\u2019\u00e0 son faible volume...\",\"breadcrumb\":{\"@id\":\"https:\\\/\\\/alizee.ca\\\/en\\\/technical-info\\\/#breadcrumb\"},\"inLanguage\":\"en-US\",\"potentialAction\":[{\"@type\":\"ReadAction\",\"target\":[\"https:\\\/\\\/alizee.ca\\\/en\\\/technical-info\\\/\"]}]},{\"@type\":\"BreadcrumbList\",\"@id\":\"https:\\\/\\\/alizee.ca\\\/en\\\/technical-info\\\/#breadcrumb\",\"itemListElement\":[{\"@type\":\"ListItem\",\"position\":1,\"name\":\"Accueil\",\"item\":\"https:\\\/\\\/alizee.ca\\\/en\\\/\"},{\"@type\":\"ListItem\",\"position\":2,\"name\":\"Technical Info\"}]},{\"@type\":\"WebSite\",\"@id\":\"https:\\\/\\\/alizee.ca\\\/en\\\/#website\",\"url\":\"https:\\\/\\\/alizee.ca\\\/en\\\/\",\"name\":\"Alizee\",\"description\":\"Top by Nature TM\",\"publisher\":{\"@id\":\"https:\\\/\\\/alizee.ca\\\/en\\\/#organization\"},\"potentialAction\":[{\"@type\":\"SearchAction\",\"target\":{\"@type\":\"EntryPoint\",\"urlTemplate\":\"https:\\\/\\\/alizee.ca\\\/en\\\/?s={search_term_string}\"},\"query-input\":{\"@type\":\"PropertyValueSpecification\",\"valueRequired\":true,\"valueName\":\"search_term_string\"}}],\"inLanguage\":\"en-US\"},{\"@type\":\"Organization\",\"@id\":\"https:\\\/\\\/alizee.ca\\\/en\\\/#organization\",\"name\":\"Aliz\u00e9e\",\"url\":\"https:\\\/\\\/alizee.ca\\\/en\\\/\",\"logo\":{\"@type\":\"ImageObject\",\"inLanguage\":\"en-US\",\"@id\":\"https:\\\/\\\/alizee.ca\\\/en\\\/#\\\/schema\\\/logo\\\/image\\\/\",\"url\":\"https:\\\/\\\/alizee.ca\\\/wp-content\\\/uploads\\\/2019\\\/12\\\/0_footer-Alizee.png\",\"contentUrl\":\"https:\\\/\\\/alizee.ca\\\/wp-content\\\/uploads\\\/2019\\\/12\\\/0_footer-Alizee.png\",\"width\":293,\"height\":112,\"caption\":\"Aliz\u00e9e\"},\"image\":{\"@id\":\"https:\\\/\\\/alizee.ca\\\/en\\\/#\\\/schema\\\/logo\\\/image\\\/\"},\"sameAs\":[\"https:\\\/\\\/www.facebook.com\\\/AlizeeWear\\\/\",\"https:\\\/\\\/www.tiktok.com\\\/@alizee.ca\",\"https:\\\/\\\/www.instagram.com\\\/alizeewear\"]}]}<\/script>\n<!-- \/ Yoast SEO plugin. -->","yoast_head_json":{"title":"Infos techniques - Aliz\u00e9e","description":"\u00c0 la fois performant et l\u00e9ger, l'isolant PRIMALOFT est \u00e0 l\u2019\u00e9preuve des temp\u00e9ratures les plus froides. Cet isolant vous offre un excellent rapport poids\/chaleur gr\u00e2ce \u00e0 ses propri\u00e9t\u00e9s thermiques comparables au duvet ainsi qu\u2019\u00e0 son faible volume...","robots":{"index":"index","follow":"follow","max-snippet":"max-snippet:-1","max-image-preview":"max-image-preview:large","max-video-preview":"max-video-preview:-1"},"canonical":"https:\/\/alizee.ca\/en\/technical-info\/","og_locale":"en_US","og_type":"article","og_title":"Infos techniques - Aliz\u00e9e","og_description":"\u00c0 la fois performant et l\u00e9ger, l'isolant PRIMALOFT est \u00e0 l\u2019\u00e9preuve des temp\u00e9ratures les plus froides. Cet isolant vous offre un excellent rapport poids\/chaleur gr\u00e2ce \u00e0 ses propri\u00e9t\u00e9s thermiques comparables au duvet ainsi qu\u2019\u00e0 son faible volume...","og_url":"https:\/\/alizee.ca\/en\/technical-info\/","og_site_name":"Aliz\u00e9e","article_publisher":"https:\/\/www.facebook.com\/AlizeeWear\/","article_modified_time":"2021-12-03T17:42:14+00:00","og_image":[{"width":293,"height":112,"url":"https:\/\/alizee.ca\/wp-content\/uploads\/2019\/12\/0_footer-Alizee.png","type":"image\/png"}],"twitter_card":"summary_large_image","schema":{"@context":"https:\/\/schema.org","@graph":[{"@type":"WebPage","@id":"https:\/\/alizee.ca\/en\/technical-info\/","url":"https:\/\/alizee.ca\/en\/technical-info\/","name":"Infos techniques - Aliz\u00e9e","isPartOf":{"@id":"https:\/\/alizee.ca\/en\/#website"},"datePublished":"2016-07-28T22:03:40+00:00","dateModified":"2021-12-03T17:42:14+00:00","description":"\u00c0 la fois performant et l\u00e9ger, l'isolant PRIMALOFT est \u00e0 l\u2019\u00e9preuve des temp\u00e9ratures les plus froides. Cet isolant vous offre un excellent rapport poids\/chaleur gr\u00e2ce \u00e0 ses propri\u00e9t\u00e9s thermiques comparables au duvet ainsi qu\u2019\u00e0 son faible volume...","breadcrumb":{"@id":"https:\/\/alizee.ca\/en\/technical-info\/#breadcrumb"},"inLanguage":"en-US","potentialAction":[{"@type":"ReadAction","target":["https:\/\/alizee.ca\/en\/technical-info\/"]}]},{"@type":"BreadcrumbList","@id":"https:\/\/alizee.ca\/en\/technical-info\/#breadcrumb","itemListElement":[{"@type":"ListItem","position":1,"name":"Accueil","item":"https:\/\/alizee.ca\/en\/"},{"@type":"ListItem","position":2,"name":"Technical Info"}]},{"@type":"WebSite","@id":"https:\/\/alizee.ca\/en\/#website","url":"https:\/\/alizee.ca\/en\/","name":"Alizee","description":"Top by Nature TM","publisher":{"@id":"https:\/\/alizee.ca\/en\/#organization"},"potentialAction":[{"@type":"SearchAction","target":{"@type":"EntryPoint","urlTemplate":"https:\/\/alizee.ca\/en\/?s={search_term_string}"},"query-input":{"@type":"PropertyValueSpecification","valueRequired":true,"valueName":"search_term_string"}}],"inLanguage":"en-US"},{"@type":"Organization","@id":"https:\/\/alizee.ca\/en\/#organization","name":"Aliz\u00e9e","url":"https:\/\/alizee.ca\/en\/","logo":{"@type":"ImageObject","inLanguage":"en-US","@id":"https:\/\/alizee.ca\/en\/#\/schema\/logo\/image\/","url":"https:\/\/alizee.ca\/wp-content\/uploads\/2019\/12\/0_footer-Alizee.png","contentUrl":"https:\/\/alizee.ca\/wp-content\/uploads\/2019\/12\/0_footer-Alizee.png","width":293,"height":112,"caption":"Aliz\u00e9e"},"image":{"@id":"https:\/\/alizee.ca\/en\/#\/schema\/logo\/image\/"},"sameAs":["https:\/\/www.facebook.com\/AlizeeWear\/","https:\/\/www.tiktok.com\/@alizee.ca","https:\/\/www.instagram.com\/alizeewear"]}]}},"_links":{"self":[{"href":"https:\/\/alizee.ca\/en\/wp-json\/wp\/v2\/pages\/843","targetHints":{"allow":["GET"]}}],"collection":[{"href":"https:\/\/alizee.ca\/en\/wp-json\/wp\/v2\/pages"}],"about":[{"href":"https:\/\/alizee.ca\/en\/wp-json\/wp\/v2\/types\/page"}],"author":[{"embeddable":true,"href":"https:\/\/alizee.ca\/en\/wp-json\/wp\/v2\/users\/1"}],"replies":[{"embeddable":true,"href":"https:\/\/alizee.ca\/en\/wp-json\/wp\/v2\/comments?post=843"}],"version-history":[{"count":2,"href":"https:\/\/alizee.ca\/en\/wp-json\/wp\/v2\/pages\/843\/revisions"}],"predecessor-version":[{"id":15587,"href":"https:\/\/alizee.ca\/en\/wp-json\/wp\/v2\/pages\/843\/revisions\/15587"}],"wp:attachment":[{"href":"https:\/\/alizee.ca\/en\/wp-json\/wp\/v2\/media?parent=843"}],"curies":[{"name":"wp","href":"https:\/\/api.w.org\/{rel}","templated":true}]}}