{"id":5349,"date":"2018-04-13T14:26:08","date_gmt":"2018-04-13T18:26:08","guid":{"rendered":"https:\/\/alizee.ca\/?page_id=5349"},"modified":"2018-04-13T14:34:05","modified_gmt":"2018-04-13T18:34:05","slug":"partnership-sponsorship","status":"publish","type":"page","link":"https:\/\/alizee.ca\/en\/partnership-sponsorship\/","title":{"rendered":"Partnership and Sponsorship"},"content":{"rendered":"<p>Aliz\u00e9e is a committed brand that never forgets for whom it designs their clothes. For more than 30 years, you have been the pillars of our brand, the purpose of our work. To us, getting involved in the community is a natural extension of our long relationship based on trust and it is part of our mission.<\/p>\n<p>&nbsp;<\/p>\n<p>Submit your project to us, we want to be the partner of your adventures!<\/p>\n<p>Hope to meet you,<\/p>\n<p>&nbsp;<\/p>\n<p>The Aliz\u00e9e team<script><\/script><\/p>\n","protected":false},"excerpt":{"rendered":"<p>Aliz\u00e9e is a committed brand that never forgets for whom it designs their clothes. For more than 30 years, you have been the pillars of our brand, the purpose of our work. To us, getting involved in the community is a natural extension of our long relationship based on trust and it is part of<\/p>\n","protected":false},"author":162,"featured_media":0,"parent":0,"menu_order":0,"comment_status":"closed","ping_status":"closed","template":"","meta":{"footnotes":""},"class_list":["post-5349","page","type-page","status-publish","hentry","prodpage-style2"],"yoast_head":"<!-- This site is optimized with the Yoast SEO plugin v27.3 - https:\/\/yoast.com\/product\/yoast-seo-wordpress\/ -->\n<title>Partenariats &amp; commandites - Aliz\u00e9e<\/title>\n<meta name=\"description\" content=\"Aliz\u00e9e est une marque engag\u00e9e qui n\u2019oublie jamais pour qui elle con\u00e7oit ses v\u00eatements. Depuis plus de 30 ans, vous \u00eates les piliers de notre marque et notre raison d\u2019\u00eatre. Pour nous, s\u2019impliquer aupr\u00e8s de vous, dans notre communaut\u00e9...\" \/>\n<meta name=\"robots\" content=\"index, follow, max-snippet:-1, max-image-preview:large, max-video-preview:-1\" \/>\n<link rel=\"canonical\" href=\"https:\/\/alizee.ca\/en\/partnership-sponsorship\/\" \/>\n<meta property=\"og:locale\" content=\"en_US\" \/>\n<meta property=\"og:type\" content=\"article\" \/>\n<meta property=\"og:title\" content=\"Partenariats &amp; commandites - Aliz\u00e9e\" \/>\n<meta property=\"og:description\" content=\"Aliz\u00e9e est une marque engag\u00e9e qui n\u2019oublie jamais pour qui elle con\u00e7oit ses v\u00eatements. Depuis plus de 30 ans, vous \u00eates les piliers de notre marque et notre raison d\u2019\u00eatre. Pour nous, s\u2019impliquer aupr\u00e8s de vous, dans notre communaut\u00e9...\" \/>\n<meta property=\"og:url\" content=\"https:\/\/alizee.ca\/en\/partnership-sponsorship\/\" \/>\n<meta property=\"og:site_name\" content=\"Aliz\u00e9e\" \/>\n<meta property=\"article:publisher\" content=\"https:\/\/www.facebook.com\/AlizeeWear\/\" \/>\n<meta property=\"article:modified_time\" content=\"2018-04-13T18:34:05+00:00\" \/>\n<meta property=\"og:image\" content=\"https:\/\/alizee.ca\/wp-content\/uploads\/2019\/12\/0_footer-Alizee.png\" \/>\n\t<meta property=\"og:image:width\" content=\"293\" \/>\n\t<meta property=\"og:image:height\" content=\"112\" \/>\n\t<meta property=\"og:image:type\" content=\"image\/png\" \/>\n<meta name=\"twitter:card\" content=\"summary_large_image\" \/>\n<script type=\"application\/ld+json\" class=\"yoast-schema-graph\">{\"@context\":\"https:\\\/\\\/schema.org\",\"@graph\":[{\"@type\":\"WebPage\",\"@id\":\"https:\\\/\\\/alizee.ca\\\/en\\\/partnership-sponsorship\\\/\",\"url\":\"https:\\\/\\\/alizee.ca\\\/en\\\/partnership-sponsorship\\\/\",\"name\":\"Partenariats & commandites - Aliz\u00e9e\",\"isPartOf\":{\"@id\":\"https:\\\/\\\/alizee.ca\\\/en\\\/#website\"},\"datePublished\":\"2018-04-13T18:26:08+00:00\",\"dateModified\":\"2018-04-13T18:34:05+00:00\",\"description\":\"Aliz\u00e9e est une marque engag\u00e9e qui n\u2019oublie jamais pour qui elle con\u00e7oit ses v\u00eatements. Depuis plus de 30 ans, vous \u00eates les piliers de notre marque et notre raison d\u2019\u00eatre. Pour nous, s\u2019impliquer aupr\u00e8s de vous, dans notre communaut\u00e9...\",\"breadcrumb\":{\"@id\":\"https:\\\/\\\/alizee.ca\\\/en\\\/partnership-sponsorship\\\/#breadcrumb\"},\"inLanguage\":\"en-US\",\"potentialAction\":[{\"@type\":\"ReadAction\",\"target\":[\"https:\\\/\\\/alizee.ca\\\/en\\\/partnership-sponsorship\\\/\"]}]},{\"@type\":\"BreadcrumbList\",\"@id\":\"https:\\\/\\\/alizee.ca\\\/en\\\/partnership-sponsorship\\\/#breadcrumb\",\"itemListElement\":[{\"@type\":\"ListItem\",\"position\":1,\"name\":\"Accueil\",\"item\":\"https:\\\/\\\/alizee.ca\\\/en\\\/\"},{\"@type\":\"ListItem\",\"position\":2,\"name\":\"Partnership and Sponsorship\"}]},{\"@type\":\"WebSite\",\"@id\":\"https:\\\/\\\/alizee.ca\\\/en\\\/#website\",\"url\":\"https:\\\/\\\/alizee.ca\\\/en\\\/\",\"name\":\"Alizee\",\"description\":\"Top by Nature TM\",\"publisher\":{\"@id\":\"https:\\\/\\\/alizee.ca\\\/en\\\/#organization\"},\"potentialAction\":[{\"@type\":\"SearchAction\",\"target\":{\"@type\":\"EntryPoint\",\"urlTemplate\":\"https:\\\/\\\/alizee.ca\\\/en\\\/?s={search_term_string}\"},\"query-input\":{\"@type\":\"PropertyValueSpecification\",\"valueRequired\":true,\"valueName\":\"search_term_string\"}}],\"inLanguage\":\"en-US\"},{\"@type\":\"Organization\",\"@id\":\"https:\\\/\\\/alizee.ca\\\/en\\\/#organization\",\"name\":\"Aliz\u00e9e\",\"url\":\"https:\\\/\\\/alizee.ca\\\/en\\\/\",\"logo\":{\"@type\":\"ImageObject\",\"inLanguage\":\"en-US\",\"@id\":\"https:\\\/\\\/alizee.ca\\\/en\\\/#\\\/schema\\\/logo\\\/image\\\/\",\"url\":\"https:\\\/\\\/alizee.ca\\\/wp-content\\\/uploads\\\/2019\\\/12\\\/0_footer-Alizee.png\",\"contentUrl\":\"https:\\\/\\\/alizee.ca\\\/wp-content\\\/uploads\\\/2019\\\/12\\\/0_footer-Alizee.png\",\"width\":293,\"height\":112,\"caption\":\"Aliz\u00e9e\"},\"image\":{\"@id\":\"https:\\\/\\\/alizee.ca\\\/en\\\/#\\\/schema\\\/logo\\\/image\\\/\"},\"sameAs\":[\"https:\\\/\\\/www.facebook.com\\\/AlizeeWear\\\/\",\"https:\\\/\\\/www.tiktok.com\\\/@alizee.ca\",\"https:\\\/\\\/www.instagram.com\\\/alizeewear\"]}]}<\/script>\n<!-- \/ Yoast SEO plugin. -->","yoast_head_json":{"title":"Partenariats & commandites - Aliz\u00e9e","description":"Aliz\u00e9e est une marque engag\u00e9e qui n\u2019oublie jamais pour qui elle con\u00e7oit ses v\u00eatements. Depuis plus de 30 ans, vous \u00eates les piliers de notre marque et notre raison d\u2019\u00eatre. Pour nous, s\u2019impliquer aupr\u00e8s de vous, dans notre communaut\u00e9...","robots":{"index":"index","follow":"follow","max-snippet":"max-snippet:-1","max-image-preview":"max-image-preview:large","max-video-preview":"max-video-preview:-1"},"canonical":"https:\/\/alizee.ca\/en\/partnership-sponsorship\/","og_locale":"en_US","og_type":"article","og_title":"Partenariats & commandites - Aliz\u00e9e","og_description":"Aliz\u00e9e est une marque engag\u00e9e qui n\u2019oublie jamais pour qui elle con\u00e7oit ses v\u00eatements. Depuis plus de 30 ans, vous \u00eates les piliers de notre marque et notre raison d\u2019\u00eatre. Pour nous, s\u2019impliquer aupr\u00e8s de vous, dans notre communaut\u00e9...","og_url":"https:\/\/alizee.ca\/en\/partnership-sponsorship\/","og_site_name":"Aliz\u00e9e","article_publisher":"https:\/\/www.facebook.com\/AlizeeWear\/","article_modified_time":"2018-04-13T18:34:05+00:00","og_image":[{"width":293,"height":112,"url":"https:\/\/alizee.ca\/wp-content\/uploads\/2019\/12\/0_footer-Alizee.png","type":"image\/png"}],"twitter_card":"summary_large_image","schema":{"@context":"https:\/\/schema.org","@graph":[{"@type":"WebPage","@id":"https:\/\/alizee.ca\/en\/partnership-sponsorship\/","url":"https:\/\/alizee.ca\/en\/partnership-sponsorship\/","name":"Partenariats & commandites - Aliz\u00e9e","isPartOf":{"@id":"https:\/\/alizee.ca\/en\/#website"},"datePublished":"2018-04-13T18:26:08+00:00","dateModified":"2018-04-13T18:34:05+00:00","description":"Aliz\u00e9e est une marque engag\u00e9e qui n\u2019oublie jamais pour qui elle con\u00e7oit ses v\u00eatements. Depuis plus de 30 ans, vous \u00eates les piliers de notre marque et notre raison d\u2019\u00eatre. Pour nous, s\u2019impliquer aupr\u00e8s de vous, dans notre communaut\u00e9...","breadcrumb":{"@id":"https:\/\/alizee.ca\/en\/partnership-sponsorship\/#breadcrumb"},"inLanguage":"en-US","potentialAction":[{"@type":"ReadAction","target":["https:\/\/alizee.ca\/en\/partnership-sponsorship\/"]}]},{"@type":"BreadcrumbList","@id":"https:\/\/alizee.ca\/en\/partnership-sponsorship\/#breadcrumb","itemListElement":[{"@type":"ListItem","position":1,"name":"Accueil","item":"https:\/\/alizee.ca\/en\/"},{"@type":"ListItem","position":2,"name":"Partnership and Sponsorship"}]},{"@type":"WebSite","@id":"https:\/\/alizee.ca\/en\/#website","url":"https:\/\/alizee.ca\/en\/","name":"Alizee","description":"Top by Nature TM","publisher":{"@id":"https:\/\/alizee.ca\/en\/#organization"},"potentialAction":[{"@type":"SearchAction","target":{"@type":"EntryPoint","urlTemplate":"https:\/\/alizee.ca\/en\/?s={search_term_string}"},"query-input":{"@type":"PropertyValueSpecification","valueRequired":true,"valueName":"search_term_string"}}],"inLanguage":"en-US"},{"@type":"Organization","@id":"https:\/\/alizee.ca\/en\/#organization","name":"Aliz\u00e9e","url":"https:\/\/alizee.ca\/en\/","logo":{"@type":"ImageObject","inLanguage":"en-US","@id":"https:\/\/alizee.ca\/en\/#\/schema\/logo\/image\/","url":"https:\/\/alizee.ca\/wp-content\/uploads\/2019\/12\/0_footer-Alizee.png","contentUrl":"https:\/\/alizee.ca\/wp-content\/uploads\/2019\/12\/0_footer-Alizee.png","width":293,"height":112,"caption":"Aliz\u00e9e"},"image":{"@id":"https:\/\/alizee.ca\/en\/#\/schema\/logo\/image\/"},"sameAs":["https:\/\/www.facebook.com\/AlizeeWear\/","https:\/\/www.tiktok.com\/@alizee.ca","https:\/\/www.instagram.com\/alizeewear"]}]}},"_links":{"self":[{"href":"https:\/\/alizee.ca\/en\/wp-json\/wp\/v2\/pages\/5349","targetHints":{"allow":["GET"]}}],"collection":[{"href":"https:\/\/alizee.ca\/en\/wp-json\/wp\/v2\/pages"}],"about":[{"href":"https:\/\/alizee.ca\/en\/wp-json\/wp\/v2\/types\/page"}],"author":[{"embeddable":true,"href":"https:\/\/alizee.ca\/en\/wp-json\/wp\/v2\/users\/162"}],"replies":[{"embeddable":true,"href":"https:\/\/alizee.ca\/en\/wp-json\/wp\/v2\/comments?post=5349"}],"version-history":[{"count":0,"href":"https:\/\/alizee.ca\/en\/wp-json\/wp\/v2\/pages\/5349\/revisions"}],"wp:attachment":[{"href":"https:\/\/alizee.ca\/en\/wp-json\/wp\/v2\/media?parent=5349"}],"curies":[{"name":"wp","href":"https:\/\/api.w.org\/{rel}","templated":true}]}}