{"id":5341,"date":"2018-04-12T16:11:58","date_gmt":"2018-04-12T20:11:58","guid":{"rendered":"https:\/\/alizee.ca\/?page_id=5341"},"modified":"2019-03-21T09:09:54","modified_gmt":"2019-03-21T13:09:54","slug":"faq","status":"publish","type":"page","link":"https:\/\/alizee.ca\/en\/faq\/","title":{"rendered":"F.A.Q."},"content":{"rendered":"<p><script><\/script><\/p>\n","protected":false},"excerpt":{"rendered":"","protected":false},"author":162,"featured_media":0,"parent":0,"menu_order":0,"comment_status":"closed","ping_status":"closed","template":"","meta":{"footnotes":""},"class_list":["post-5341","page","type-page","status-publish","hentry","prodpage-style2"],"yoast_head":"<!-- This site is optimized with the Yoast SEO plugin v26.8 - https:\/\/yoast.com\/product\/yoast-seo-wordpress\/ -->\n<title>F.A.Q. - Aliz&eacute;e<\/title>\n<meta name=\"description\" content=\"O\u00f9 puis-je me procurer les produits Aliz\u00e9e? Les produits Aliz\u00e9e se retrouvent dans plus de 80 d\u00e9taillants \u00e0 travers la province. Pour conna\u00eetre le point de vente le plus pr\u00e8s de chez vous, consultez la page suivante :\" \/>\n<meta name=\"robots\" content=\"index, follow, max-snippet:-1, max-image-preview:large, max-video-preview:-1\" \/>\n<link rel=\"canonical\" href=\"https:\/\/alizee.ca\/en\/faq\/\" \/>\n<meta property=\"og:locale\" content=\"en_US\" \/>\n<meta property=\"og:type\" content=\"article\" \/>\n<meta property=\"og:title\" content=\"F.A.Q. - Aliz&eacute;e\" \/>\n<meta property=\"og:description\" content=\"O\u00f9 puis-je me procurer les produits Aliz\u00e9e? Les produits Aliz\u00e9e se retrouvent dans plus de 80 d\u00e9taillants \u00e0 travers la province. Pour conna\u00eetre le point de vente le plus pr\u00e8s de chez vous, consultez la page suivante :\" \/>\n<meta property=\"og:url\" content=\"https:\/\/alizee.ca\/en\/faq\/\" \/>\n<meta property=\"og:site_name\" content=\"Aliz&eacute;e\" \/>\n<meta property=\"article:publisher\" content=\"https:\/\/www.facebook.com\/AlizeeWear\/\" \/>\n<meta property=\"article:modified_time\" content=\"2019-03-21T13:09:54+00:00\" \/>\n<meta property=\"og:image\" content=\"https:\/\/alizee.ca\/wp-content\/uploads\/2019\/12\/0_footer-Alizee.png\" \/>\n\t<meta property=\"og:image:width\" content=\"293\" \/>\n\t<meta property=\"og:image:height\" content=\"112\" \/>\n\t<meta property=\"og:image:type\" content=\"image\/png\" \/>\n<meta name=\"twitter:card\" content=\"summary_large_image\" \/>\n<script type=\"application\/ld+json\" class=\"yoast-schema-graph\">{\"@context\":\"https:\/\/schema.org\",\"@graph\":[{\"@type\":\"WebPage\",\"@id\":\"https:\/\/alizee.ca\/en\/faq\/\",\"url\":\"https:\/\/alizee.ca\/en\/faq\/\",\"name\":\"F.A.Q. - Aliz&eacute;e\",\"isPartOf\":{\"@id\":\"https:\/\/alizee.ca\/en\/#website\"},\"datePublished\":\"2018-04-12T20:11:58+00:00\",\"dateModified\":\"2019-03-21T13:09:54+00:00\",\"description\":\"O\u00f9 puis-je me procurer les produits Aliz\u00e9e? Les produits Aliz\u00e9e se retrouvent dans plus de 80 d\u00e9taillants \u00e0 travers la province. Pour conna\u00eetre le point de vente le plus pr\u00e8s de chez vous, consultez la page suivante :\",\"breadcrumb\":{\"@id\":\"https:\/\/alizee.ca\/en\/faq\/#breadcrumb\"},\"inLanguage\":\"en-US\",\"potentialAction\":[{\"@type\":\"ReadAction\",\"target\":[\"https:\/\/alizee.ca\/en\/faq\/\"]}]},{\"@type\":\"BreadcrumbList\",\"@id\":\"https:\/\/alizee.ca\/en\/faq\/#breadcrumb\",\"itemListElement\":[{\"@type\":\"ListItem\",\"position\":1,\"name\":\"Accueil\",\"item\":\"https:\/\/alizee.ca\/en\/\"},{\"@type\":\"ListItem\",\"position\":2,\"name\":\"F.A.Q.\"}]},{\"@type\":\"WebSite\",\"@id\":\"https:\/\/alizee.ca\/en\/#website\",\"url\":\"https:\/\/alizee.ca\/en\/\",\"name\":\"Alizee\",\"description\":\"Top by Nature TM\",\"publisher\":{\"@id\":\"https:\/\/alizee.ca\/en\/#organization\"},\"potentialAction\":[{\"@type\":\"SearchAction\",\"target\":{\"@type\":\"EntryPoint\",\"urlTemplate\":\"https:\/\/alizee.ca\/en\/?s={search_term_string}\"},\"query-input\":{\"@type\":\"PropertyValueSpecification\",\"valueRequired\":true,\"valueName\":\"search_term_string\"}}],\"inLanguage\":\"en-US\"},{\"@type\":\"Organization\",\"@id\":\"https:\/\/alizee.ca\/en\/#organization\",\"name\":\"Aliz\u00e9e\",\"url\":\"https:\/\/alizee.ca\/en\/\",\"logo\":{\"@type\":\"ImageObject\",\"inLanguage\":\"en-US\",\"@id\":\"https:\/\/alizee.ca\/en\/#\/schema\/logo\/image\/\",\"url\":\"https:\/\/alizee.ca\/wp-content\/uploads\/2019\/12\/0_footer-Alizee.png\",\"contentUrl\":\"https:\/\/alizee.ca\/wp-content\/uploads\/2019\/12\/0_footer-Alizee.png\",\"width\":293,\"height\":112,\"caption\":\"Aliz\u00e9e\"},\"image\":{\"@id\":\"https:\/\/alizee.ca\/en\/#\/schema\/logo\/image\/\"},\"sameAs\":[\"https:\/\/www.facebook.com\/AlizeeWear\/\",\"https:\/\/www.tiktok.com\/@alizee.ca\",\"https:\/\/www.instagram.com\/alizeewear\"]}]}<\/script>\n<!-- \/ Yoast SEO plugin. -->","yoast_head_json":{"title":"F.A.Q. - Aliz&eacute;e","description":"O\u00f9 puis-je me procurer les produits Aliz\u00e9e? Les produits Aliz\u00e9e se retrouvent dans plus de 80 d\u00e9taillants \u00e0 travers la province. Pour conna\u00eetre le point de vente le plus pr\u00e8s de chez vous, consultez la page suivante :","robots":{"index":"index","follow":"follow","max-snippet":"max-snippet:-1","max-image-preview":"max-image-preview:large","max-video-preview":"max-video-preview:-1"},"canonical":"https:\/\/alizee.ca\/en\/faq\/","og_locale":"en_US","og_type":"article","og_title":"F.A.Q. - Aliz&eacute;e","og_description":"O\u00f9 puis-je me procurer les produits Aliz\u00e9e? Les produits Aliz\u00e9e se retrouvent dans plus de 80 d\u00e9taillants \u00e0 travers la province. Pour conna\u00eetre le point de vente le plus pr\u00e8s de chez vous, consultez la page suivante :","og_url":"https:\/\/alizee.ca\/en\/faq\/","og_site_name":"Aliz&eacute;e","article_publisher":"https:\/\/www.facebook.com\/AlizeeWear\/","article_modified_time":"2019-03-21T13:09:54+00:00","og_image":[{"width":293,"height":112,"url":"https:\/\/alizee.ca\/wp-content\/uploads\/2019\/12\/0_footer-Alizee.png","type":"image\/png"}],"twitter_card":"summary_large_image","schema":{"@context":"https:\/\/schema.org","@graph":[{"@type":"WebPage","@id":"https:\/\/alizee.ca\/en\/faq\/","url":"https:\/\/alizee.ca\/en\/faq\/","name":"F.A.Q. - Aliz&eacute;e","isPartOf":{"@id":"https:\/\/alizee.ca\/en\/#website"},"datePublished":"2018-04-12T20:11:58+00:00","dateModified":"2019-03-21T13:09:54+00:00","description":"O\u00f9 puis-je me procurer les produits Aliz\u00e9e? Les produits Aliz\u00e9e se retrouvent dans plus de 80 d\u00e9taillants \u00e0 travers la province. Pour conna\u00eetre le point de vente le plus pr\u00e8s de chez vous, consultez la page suivante :","breadcrumb":{"@id":"https:\/\/alizee.ca\/en\/faq\/#breadcrumb"},"inLanguage":"en-US","potentialAction":[{"@type":"ReadAction","target":["https:\/\/alizee.ca\/en\/faq\/"]}]},{"@type":"BreadcrumbList","@id":"https:\/\/alizee.ca\/en\/faq\/#breadcrumb","itemListElement":[{"@type":"ListItem","position":1,"name":"Accueil","item":"https:\/\/alizee.ca\/en\/"},{"@type":"ListItem","position":2,"name":"F.A.Q."}]},{"@type":"WebSite","@id":"https:\/\/alizee.ca\/en\/#website","url":"https:\/\/alizee.ca\/en\/","name":"Alizee","description":"Top by Nature TM","publisher":{"@id":"https:\/\/alizee.ca\/en\/#organization"},"potentialAction":[{"@type":"SearchAction","target":{"@type":"EntryPoint","urlTemplate":"https:\/\/alizee.ca\/en\/?s={search_term_string}"},"query-input":{"@type":"PropertyValueSpecification","valueRequired":true,"valueName":"search_term_string"}}],"inLanguage":"en-US"},{"@type":"Organization","@id":"https:\/\/alizee.ca\/en\/#organization","name":"Aliz\u00e9e","url":"https:\/\/alizee.ca\/en\/","logo":{"@type":"ImageObject","inLanguage":"en-US","@id":"https:\/\/alizee.ca\/en\/#\/schema\/logo\/image\/","url":"https:\/\/alizee.ca\/wp-content\/uploads\/2019\/12\/0_footer-Alizee.png","contentUrl":"https:\/\/alizee.ca\/wp-content\/uploads\/2019\/12\/0_footer-Alizee.png","width":293,"height":112,"caption":"Aliz\u00e9e"},"image":{"@id":"https:\/\/alizee.ca\/en\/#\/schema\/logo\/image\/"},"sameAs":["https:\/\/www.facebook.com\/AlizeeWear\/","https:\/\/www.tiktok.com\/@alizee.ca","https:\/\/www.instagram.com\/alizeewear"]}]}},"_links":{"self":[{"href":"https:\/\/alizee.ca\/en\/wp-json\/wp\/v2\/pages\/5341","targetHints":{"allow":["GET"]}}],"collection":[{"href":"https:\/\/alizee.ca\/en\/wp-json\/wp\/v2\/pages"}],"about":[{"href":"https:\/\/alizee.ca\/en\/wp-json\/wp\/v2\/types\/page"}],"author":[{"embeddable":true,"href":"https:\/\/alizee.ca\/en\/wp-json\/wp\/v2\/users\/162"}],"replies":[{"embeddable":true,"href":"https:\/\/alizee.ca\/en\/wp-json\/wp\/v2\/comments?post=5341"}],"version-history":[{"count":0,"href":"https:\/\/alizee.ca\/en\/wp-json\/wp\/v2\/pages\/5341\/revisions"}],"wp:attachment":[{"href":"https:\/\/alizee.ca\/en\/wp-json\/wp\/v2\/media?parent=5341"}],"curies":[{"name":"wp","href":"https:\/\/api.w.org\/{rel}","templated":true}]}}