{"id":20756,"date":"2024-01-30T10:25:44","date_gmt":"2024-01-30T14:25:44","guid":{"rendered":"https:\/\/alizee.ca\/imprint\/"},"modified":"2024-01-30T11:06:24","modified_gmt":"2024-01-30T15:06:24","slug":"imprint","status":"publish","type":"page","link":"https:\/\/alizee.ca\/en\/imprint\/","title":{"rendered":"Imprint"},"content":{"rendered":"\n<!-- Legal document generated by Complianz | GDPR\/CCPA Cookie Consent https:\/\/wordpress.org\/plugins\/complianz-gdpr -->\n<div id=\"cmplz-document\" class=\"cmplz-document impressum cmplz-document-all\"><p><i>This imprint was last updated on November 4, 2025.<\/i><\/p><p class=\"cmplz-subtitle\">The owner of this website is:<\/p><p>Naturmania inc. Soci\u00e9t\u00e9 par actions, compagnie.<br>270 rue de Bordeaux Saint-Augustin-de-Desmaures (Qu\u00e9bec) G3A2V2<br>Canada<br>Email:&nbsp;<span class=\"cmplz-obfuscate\">i&#110;&#102;&#111;@<span class=\"cmplz-fmail-domain\">e&#120;&#046;&#099;om<\/span>nat&#117;rm&#097;&#110;i&#097;.c&#097;<\/span><br>Phone number: +1-418-878-8601<br>VAT ID:&nbsp;1015370064TQ0001<\/p><p class=\"cmplz-subtitle\">The legal representative(s) of Naturmania inc. Soci\u00e9t\u00e9 par actions, compagnie.:<\/p><p>St\u00e9phanie Bernadet<\/p><h2>1. General<\/h2><p class=\"cmplz-subtitle\">1.1 We are registered at Registraire des entreprises du Qu\u00e9bec under the license or registration number:<\/p><p>1142040600<\/p><p class=\"cmplz-subtitle\">1.2 We display services or products on our website, which require registration with the following professional association:<\/p><p>Non<\/p><p>We are not willing or obliged to participate in dispute resolution procedures before a consumer arbitration board.<\/p><\/div>","protected":false},"excerpt":{"rendered":"","protected":false},"author":1,"featured_media":0,"parent":0,"menu_order":0,"comment_status":"closed","ping_status":"closed","template":"","meta":{"footnotes":""},"class_list":["post-20756","page","type-page","status-publish","hentry","prodpage-style2"],"yoast_head":"<!-- This site is optimized with the Yoast SEO plugin v27.3 - https:\/\/yoast.com\/product\/yoast-seo-wordpress\/ -->\n<title>Imprint - Aliz\u00e9e<\/title>\n<meta name=\"robots\" content=\"index, follow, max-snippet:-1, max-image-preview:large, max-video-preview:-1\" \/>\n<link rel=\"canonical\" href=\"https:\/\/alizee.ca\/en\/imprint\/\" \/>\n<meta property=\"og:locale\" content=\"en_US\" \/>\n<meta property=\"og:type\" content=\"article\" \/>\n<meta property=\"og:title\" content=\"Imprint - Aliz\u00e9e\" \/>\n<meta property=\"og:url\" content=\"https:\/\/alizee.ca\/en\/imprint\/\" \/>\n<meta property=\"og:site_name\" content=\"Aliz\u00e9e\" \/>\n<meta property=\"article:publisher\" content=\"https:\/\/www.facebook.com\/AlizeeWear\/\" \/>\n<meta property=\"article:modified_time\" content=\"2024-01-30T15:06:24+00:00\" \/>\n<meta property=\"og:image\" content=\"https:\/\/alizee.ca\/wp-content\/uploads\/2019\/12\/0_footer-Alizee.png\" \/>\n\t<meta property=\"og:image:width\" content=\"293\" \/>\n\t<meta property=\"og:image:height\" content=\"112\" \/>\n\t<meta property=\"og:image:type\" content=\"image\/png\" \/>\n<meta name=\"twitter:card\" content=\"summary_large_image\" \/>\n<script type=\"application\/ld+json\" class=\"yoast-schema-graph\">{\"@context\":\"https:\\\/\\\/schema.org\",\"@graph\":[{\"@type\":\"WebPage\",\"@id\":\"https:\\\/\\\/alizee.ca\\\/en\\\/imprint\\\/\",\"url\":\"https:\\\/\\\/alizee.ca\\\/en\\\/imprint\\\/\",\"name\":\"Imprint - Aliz\u00e9e\",\"isPartOf\":{\"@id\":\"https:\\\/\\\/alizee.ca\\\/en\\\/#website\"},\"datePublished\":\"2024-01-30T14:25:44+00:00\",\"dateModified\":\"2024-01-30T15:06:24+00:00\",\"breadcrumb\":{\"@id\":\"https:\\\/\\\/alizee.ca\\\/en\\\/imprint\\\/#breadcrumb\"},\"inLanguage\":\"en-US\",\"potentialAction\":[{\"@type\":\"ReadAction\",\"target\":[\"https:\\\/\\\/alizee.ca\\\/en\\\/imprint\\\/\"]}]},{\"@type\":\"BreadcrumbList\",\"@id\":\"https:\\\/\\\/alizee.ca\\\/en\\\/imprint\\\/#breadcrumb\",\"itemListElement\":[{\"@type\":\"ListItem\",\"position\":1,\"name\":\"Accueil\",\"item\":\"https:\\\/\\\/alizee.ca\\\/en\\\/\"},{\"@type\":\"ListItem\",\"position\":2,\"name\":\"Imprint\"}]},{\"@type\":\"WebSite\",\"@id\":\"https:\\\/\\\/alizee.ca\\\/en\\\/#website\",\"url\":\"https:\\\/\\\/alizee.ca\\\/en\\\/\",\"name\":\"Alizee\",\"description\":\"Top by Nature TM\",\"publisher\":{\"@id\":\"https:\\\/\\\/alizee.ca\\\/en\\\/#organization\"},\"potentialAction\":[{\"@type\":\"SearchAction\",\"target\":{\"@type\":\"EntryPoint\",\"urlTemplate\":\"https:\\\/\\\/alizee.ca\\\/en\\\/?s={search_term_string}\"},\"query-input\":{\"@type\":\"PropertyValueSpecification\",\"valueRequired\":true,\"valueName\":\"search_term_string\"}}],\"inLanguage\":\"en-US\"},{\"@type\":\"Organization\",\"@id\":\"https:\\\/\\\/alizee.ca\\\/en\\\/#organization\",\"name\":\"Aliz\u00e9e\",\"url\":\"https:\\\/\\\/alizee.ca\\\/en\\\/\",\"logo\":{\"@type\":\"ImageObject\",\"inLanguage\":\"en-US\",\"@id\":\"https:\\\/\\\/alizee.ca\\\/en\\\/#\\\/schema\\\/logo\\\/image\\\/\",\"url\":\"https:\\\/\\\/alizee.ca\\\/wp-content\\\/uploads\\\/2019\\\/12\\\/0_footer-Alizee.png\",\"contentUrl\":\"https:\\\/\\\/alizee.ca\\\/wp-content\\\/uploads\\\/2019\\\/12\\\/0_footer-Alizee.png\",\"width\":293,\"height\":112,\"caption\":\"Aliz\u00e9e\"},\"image\":{\"@id\":\"https:\\\/\\\/alizee.ca\\\/en\\\/#\\\/schema\\\/logo\\\/image\\\/\"},\"sameAs\":[\"https:\\\/\\\/www.facebook.com\\\/AlizeeWear\\\/\",\"https:\\\/\\\/www.tiktok.com\\\/@alizee.ca\",\"https:\\\/\\\/www.instagram.com\\\/alizeewear\"]}]}<\/script>\n<!-- \/ Yoast SEO plugin. -->","yoast_head_json":{"title":"Imprint - Aliz\u00e9e","robots":{"index":"index","follow":"follow","max-snippet":"max-snippet:-1","max-image-preview":"max-image-preview:large","max-video-preview":"max-video-preview:-1"},"canonical":"https:\/\/alizee.ca\/en\/imprint\/","og_locale":"en_US","og_type":"article","og_title":"Imprint - Aliz\u00e9e","og_url":"https:\/\/alizee.ca\/en\/imprint\/","og_site_name":"Aliz\u00e9e","article_publisher":"https:\/\/www.facebook.com\/AlizeeWear\/","article_modified_time":"2024-01-30T15:06:24+00:00","og_image":[{"width":293,"height":112,"url":"https:\/\/alizee.ca\/wp-content\/uploads\/2019\/12\/0_footer-Alizee.png","type":"image\/png"}],"twitter_card":"summary_large_image","schema":{"@context":"https:\/\/schema.org","@graph":[{"@type":"WebPage","@id":"https:\/\/alizee.ca\/en\/imprint\/","url":"https:\/\/alizee.ca\/en\/imprint\/","name":"Imprint - Aliz\u00e9e","isPartOf":{"@id":"https:\/\/alizee.ca\/en\/#website"},"datePublished":"2024-01-30T14:25:44+00:00","dateModified":"2024-01-30T15:06:24+00:00","breadcrumb":{"@id":"https:\/\/alizee.ca\/en\/imprint\/#breadcrumb"},"inLanguage":"en-US","potentialAction":[{"@type":"ReadAction","target":["https:\/\/alizee.ca\/en\/imprint\/"]}]},{"@type":"BreadcrumbList","@id":"https:\/\/alizee.ca\/en\/imprint\/#breadcrumb","itemListElement":[{"@type":"ListItem","position":1,"name":"Accueil","item":"https:\/\/alizee.ca\/en\/"},{"@type":"ListItem","position":2,"name":"Imprint"}]},{"@type":"WebSite","@id":"https:\/\/alizee.ca\/en\/#website","url":"https:\/\/alizee.ca\/en\/","name":"Alizee","description":"Top by Nature TM","publisher":{"@id":"https:\/\/alizee.ca\/en\/#organization"},"potentialAction":[{"@type":"SearchAction","target":{"@type":"EntryPoint","urlTemplate":"https:\/\/alizee.ca\/en\/?s={search_term_string}"},"query-input":{"@type":"PropertyValueSpecification","valueRequired":true,"valueName":"search_term_string"}}],"inLanguage":"en-US"},{"@type":"Organization","@id":"https:\/\/alizee.ca\/en\/#organization","name":"Aliz\u00e9e","url":"https:\/\/alizee.ca\/en\/","logo":{"@type":"ImageObject","inLanguage":"en-US","@id":"https:\/\/alizee.ca\/en\/#\/schema\/logo\/image\/","url":"https:\/\/alizee.ca\/wp-content\/uploads\/2019\/12\/0_footer-Alizee.png","contentUrl":"https:\/\/alizee.ca\/wp-content\/uploads\/2019\/12\/0_footer-Alizee.png","width":293,"height":112,"caption":"Aliz\u00e9e"},"image":{"@id":"https:\/\/alizee.ca\/en\/#\/schema\/logo\/image\/"},"sameAs":["https:\/\/www.facebook.com\/AlizeeWear\/","https:\/\/www.tiktok.com\/@alizee.ca","https:\/\/www.instagram.com\/alizeewear"]}]}},"_links":{"self":[{"href":"https:\/\/alizee.ca\/en\/wp-json\/wp\/v2\/pages\/20756","targetHints":{"allow":["GET"]}}],"collection":[{"href":"https:\/\/alizee.ca\/en\/wp-json\/wp\/v2\/pages"}],"about":[{"href":"https:\/\/alizee.ca\/en\/wp-json\/wp\/v2\/types\/page"}],"author":[{"embeddable":true,"href":"https:\/\/alizee.ca\/en\/wp-json\/wp\/v2\/users\/1"}],"replies":[{"embeddable":true,"href":"https:\/\/alizee.ca\/en\/wp-json\/wp\/v2\/comments?post=20756"}],"version-history":[{"count":1,"href":"https:\/\/alizee.ca\/en\/wp-json\/wp\/v2\/pages\/20756\/revisions"}],"predecessor-version":[{"id":20757,"href":"https:\/\/alizee.ca\/en\/wp-json\/wp\/v2\/pages\/20756\/revisions\/20757"}],"wp:attachment":[{"href":"https:\/\/alizee.ca\/en\/wp-json\/wp\/v2\/media?parent=20756"}],"curies":[{"name":"wp","href":"https:\/\/api.w.org\/{rel}","templated":true}]}}