{"id":8374,"date":"2019-08-06T15:32:30","date_gmt":"2019-08-21T18:51:24","guid":{"rendered":"https:\/\/alizee.ca\/?post_type=product&#038;p=8374"},"modified":"2024-06-20T14:05:44","modified_gmt":"2024-06-20T19:05:44","slug":"bomba","status":"publish","type":"product","link":"https:\/\/alizee.ca\/en\/product\/bomba\/","title":{"rendered":"Winter jacket &#8211; BOMBA &#8211; 44696"},"content":{"rendered":"<p>The BOMBA women&#8217;s winter jacket is inspired by the popular bomber coat. A perfect blend of streetwear style and winter performance. The BOMBA is versatile, with both a sporty and chic look, so you won&#8217;t need to keep several coats in your wardrobe.<\/p>\n<p>It features practical, comfortable details like an adjustable hood, a pocket on the left sleeve and inner knitted rib cuffs and bottom band. This coat is practical, thanks to its many pockets, including two hand warmer pockets with zippers, as well as four inside pockets, two with zipper, so you can carry the essentials during your outdoor activities or when shopping. In addition, its ECO-3 insulation is lightweight and supple with 100% recycled materials, giving you warmth, comfort and softness all at once. With its unique look and recycled components, the BOMBA women&#8217;s winter jacket is a winter must-have.<\/p>\n<p>This insulated coat for woman is designed in Quebec.<\/p>\n<h3><span style=\"font-family: Roboto; font-size: 16px;\">HERE ARE THE FEATURES OF THE BOMBA WOMEN&#8217;S WINTER JACKET<\/span><\/h3>\n<ul>\n<li>Adjustable insulated hood&gt;<\/li>\n<li>YKK zips<\/li>\n<li>Inner front flap and chin guard<\/li>\n<li>Left sleeve pocket<\/li>\n<li>Preformed elbows<\/li>\n<li>Hand warmer pockets with zipper<\/li>\n<li>4 inner pockets, 2 with zipper<\/li>\n<li>Inner knitted cuffs and bottom band<\/li>\n<li>Length 32 inches<\/li>\n<\/ul>\n<p><img loading=\"lazy\" decoding=\"async\" class=\"wp-image-8796 alignleft\" src=\"https:\/\/alizee.ca\/wp-content\/uploads\/2019\/08\/ECO-12-jpg.webp\" alt=\"L'\u00e9quivalent de 12 bouteilles de plastique ont \u00e9t\u00e9 recycl\u00e9s dans ce manteau.\" width=\"50\" height=\"118\" srcset=\"https:\/\/alizee.ca\/wp-content\/uploads\/2019\/08\/ECO-12-jpg.webp 79w, https:\/\/alizee.ca\/wp-content\/uploads\/2019\/08\/ECO-12-25x60.jpg 25w, https:\/\/alizee.ca\/wp-content\/uploads\/2019\/08\/ECO-12-38x90.jpg 38w\" sizes=\"auto, (max-width: 50px) 100vw, 50px\" \/><\/p>\n<p>The equivalent of 12 plastic bottles were recycled into this coat.<\/p>\n<p><!-- WOMEN --><\/p>\n<h4><strong>FABRIC, FINISHES AND INSULATION<\/strong><\/h4>\n<p>DUCK TWILL Outer Fabric is made of 100% polyester, with a PROSTORM membrane (8K\/5K; 8,000 mm-5,000 gr\/m2) designed to resist water and allows the transfer of moisture to the outside. Our fabric is treated with a C6 water-repellent finish, which is durable and minimizes the impact on the environment. It ensures 80% efficiency after 20 washes for its water resistance.<\/p>\n<p>ECO-3 insulation is made entirely from recycled polyester fibers, 160 g\/m\u00b2 of them. Composed of continuous filaments, it is light and flexible. It retains its thermal qualities even in damp conditions. Its eco-friendly multi-layer structure traps heat while allowing moisture to evaporate. It is a lightweight insulation with a 100% high-density polyester lining.<\/p>\n<h5><strong>CARE<\/strong><\/h5>\n<p>Machine wash your jacket using the delicate cycle with gentle soap. Be sure not to use fabric softener or bleach. Once washed, hang to dry (before putting in the machine, empty all pockets and remove all accessories).<\/p>\n<p>For more details, see our article on <a href=\"https:\/\/alizee.ca\/en\/?p=19896\"><strong>maintenance and cleaning of coats.<\/strong><\/a><\/p>\n<p><button style=\"background-color: white; border: 3px solid #999999; padding: 5px 12px;\" spellcheck=\"false\" data-lt-tmp-id=\"lt-190735\" data-gramm=\"false\" data-wp-editing=\"1\"><a href=\"\/?p=15559\" target=\"_blank\" rel=\"noopener\"><img loading=\"lazy\" decoding=\"async\" class=\"alignnone wp-image-19502\" title=\"Size chart\" src=\"http:\/\/alizee.ca\/wp-content\/uploads\/2023\/11\/Size-Chart-logo.webp\" alt=\"Size Chart\" width=\"30\" height=\"30\" \/><\/a><a style=\"color: #000000;\" href=\"\/?p=15559\" target=\"_blank\" rel=\"noopener\">Size charts<\/a><\/button><\/p>\n<div style=\"width: 1170px;\" class=\"wp-video\"><video class=\"wp-video-shortcode\" id=\"video-8374-1\" width=\"1170\" height=\"658\" preload=\"metadata\" controls=\"controls\"><source type=\"video\/mp4\" src=\"http:\/\/alizee.ca\/wp-content\/uploads\/2019\/08\/44696-Manteau-dhiver-pour-femme-BOMBA.mp4?_=1\" \/><a href=\"http:\/\/alizee.ca\/wp-content\/uploads\/2019\/08\/44696-Manteau-dhiver-pour-femme-BOMBA.mp4\">http:\/\/alizee.ca\/wp-content\/uploads\/2019\/08\/44696-Manteau-dhiver-pour-femme-BOMBA.mp4<\/a><\/video><\/div>\n","protected":false},"excerpt":{"rendered":"<p>Inspired from the well-known bomber jacket, this jacket is the perfect mix of streetwear style and winter garment performance. With its one of a kind look and its recycled components, Bomba is a must-have this winter.<\/p>\n<p><img loading=\"lazy\" decoding=\"async\" class=\"alignnone size-full wp-image-19417\" src=\"https:\/\/alizee.ca\/wp-content\/uploads\/2023\/11\/Comfort-zone-15\u00b0C.webp\" alt=\"Comfort zone -15\u00b0C\" width=\"75\" height=\"75\" srcset=\"https:\/\/alizee.ca\/wp-content\/uploads\/2023\/11\/Comfort-zone-15\u00b0C.webp 75w, https:\/\/alizee.ca\/wp-content\/uploads\/2023\/11\/Comfort-zone-15\u00b0C-40x40.webp 40w, https:\/\/alizee.ca\/wp-content\/uploads\/2023\/11\/Comfort-zone-15\u00b0C-60x60.webp 60w\" sizes=\"auto, (max-width: 75px) 100vw, 75px\" \/><img loading=\"lazy\" decoding=\"async\" class=\"alignnone size-full wp-image-19423\" src=\"https:\/\/alizee.ca\/wp-content\/uploads\/2023\/11\/lightweight.webp\" alt=\"lightweight\" width=\"75\" height=\"75\" srcset=\"https:\/\/alizee.ca\/wp-content\/uploads\/2023\/11\/lightweight.webp 75w, https:\/\/alizee.ca\/wp-content\/uploads\/2023\/11\/lightweight-40x40.webp 40w, https:\/\/alizee.ca\/wp-content\/uploads\/2023\/11\/lightweight-60x60.webp 60w\" sizes=\"auto, (max-width: 75px) 100vw, 75px\" \/><img loading=\"lazy\" decoding=\"async\" class=\"alignnone size-full wp-image-19425\" src=\"https:\/\/alizee.ca\/wp-content\/uploads\/2023\/11\/Water-Resistant.webp\" alt=\"Water Resistant\" width=\"75\" height=\"75\" srcset=\"https:\/\/alizee.ca\/wp-content\/uploads\/2023\/11\/Water-Resistant.webp 75w, https:\/\/alizee.ca\/wp-content\/uploads\/2023\/11\/Water-Resistant-40x40.webp 40w, https:\/\/alizee.ca\/wp-content\/uploads\/2023\/11\/Water-Resistant-60x60.webp 60w\" sizes=\"auto, (max-width: 75px) 100vw, 75px\" \/> <img loading=\"lazy\" decoding=\"async\" class=\"alignnone size-full wp-image-19427\" src=\"https:\/\/alizee.ca\/wp-content\/uploads\/2023\/11\/windbreaker.webp\" alt=\"windbreaker\" width=\"75\" height=\"75\" srcset=\"https:\/\/alizee.ca\/wp-content\/uploads\/2023\/11\/windbreaker.webp 75w, https:\/\/alizee.ca\/wp-content\/uploads\/2023\/11\/windbreaker-40x40.webp 40w, https:\/\/alizee.ca\/wp-content\/uploads\/2023\/11\/windbreaker-60x60.webp 60w\" sizes=\"auto, (max-width: 75px) 100vw, 75px\" \/><img loading=\"lazy\" decoding=\"async\" class=\"alignnone size-full wp-image-19429\" src=\"https:\/\/alizee.ca\/wp-content\/uploads\/2023\/11\/Breathable.webp\" alt=\"Breathable\" width=\"75\" height=\"75\" srcset=\"https:\/\/alizee.ca\/wp-content\/uploads\/2023\/11\/Breathable.webp 75w, https:\/\/alizee.ca\/wp-content\/uploads\/2023\/11\/Breathable-40x40.webp 40w, https:\/\/alizee.ca\/wp-content\/uploads\/2023\/11\/Breathable-60x60.webp 60w\" sizes=\"auto, (max-width: 75px) 100vw, 75px\" \/><img loading=\"lazy\" decoding=\"async\" class=\"alignnone size-full wp-image-19433\" src=\"https:\/\/alizee.ca\/wp-content\/uploads\/2023\/11\/TrumbleWash.webp\" alt=\"Trumble Wash\" width=\"75\" height=\"75\" srcset=\"https:\/\/alizee.ca\/wp-content\/uploads\/2023\/11\/TrumbleWash.webp 75w, https:\/\/alizee.ca\/wp-content\/uploads\/2023\/11\/TrumbleWash-40x40.webp 40w, https:\/\/alizee.ca\/wp-content\/uploads\/2023\/11\/TrumbleWash-60x60.webp 60w\" sizes=\"auto, (max-width: 75px) 100vw, 75px\" \/><img loading=\"lazy\" decoding=\"async\" class=\"alignnone size-full wp-image-19431\" src=\"https:\/\/alizee.ca\/wp-content\/uploads\/2023\/11\/Recycled-materials.webp\" alt=\"Recycled materials\" width=\"75\" height=\"75\" srcset=\"https:\/\/alizee.ca\/wp-content\/uploads\/2023\/11\/Recycled-materials.webp 75w, https:\/\/alizee.ca\/wp-content\/uploads\/2023\/11\/Recycled-materials-40x40.webp 40w, https:\/\/alizee.ca\/wp-content\/uploads\/2023\/11\/Recycled-materials-60x60.webp 60w\" sizes=\"auto, (max-width: 75px) 100vw, 75px\" \/><a href=\"https:\/\/alizee.ca\/en\/product\/bomba\/\" target=\"_blank\" rel=\"noopener\"><img loading=\"lazy\" decoding=\"async\" class=\"alignnone wp-image-19415 size-full\" title=\"Available in size plus\" src=\"https:\/\/alizee.ca\/wp-content\/uploads\/2023\/11\/Available-in-size-plus.webp\" alt=\"Available in size plus\" width=\"75\" height=\"75\" srcset=\"https:\/\/alizee.ca\/wp-content\/uploads\/2023\/11\/Available-in-size-plus.webp 75w, https:\/\/alizee.ca\/wp-content\/uploads\/2023\/11\/Available-in-size-plus-40x40.webp 40w, https:\/\/alizee.ca\/wp-content\/uploads\/2023\/11\/Available-in-size-plus-60x60.webp 60w\" sizes=\"auto, (max-width: 75px) 100vw, 75px\" \/><\/a><\/p>\n<p><button style=\"background-color: white; border: 3px solid #999999; padding: 5px 12px;\" spellcheck=\"false\" data-lt-tmp-id=\"lt-190735\" data-gramm=\"false\" data-wp-editing=\"1\"><a href=\"https:\/\/alizee.ca\/en\/size-charts\/\" target=\"_blank\" rel=\"noopener\"><img loading=\"lazy\" decoding=\"async\" class=\"alignnone wp-image-19502\" title=\"Size chart\" src=\"https:\/\/alizee.ca\/wp-content\/uploads\/2023\/11\/Size-Chart-logo.webp\" alt=\"Size Chart\" width=\"30\" height=\"30\" \/><\/a><a style=\"color: #000000;\" href=\"https:\/\/alizee.ca\/en\/size-charts\/\" target=\"_blank\" rel=\"noopener\"> Size charts<\/a><\/button><\/p>\n","protected":false},"featured_media":20881,"comment_status":"open","ping_status":"closed","template":"","meta":[],"product_brand":[],"product_cat":[632,506],"product_tag":[562,709,790,608,563,767,771,598,604,561],"class_list":{"0":"post-8374","1":"product","2":"type-product","3":"status-publish","4":"has-post-thumbnail","6":"product_cat-women-insulated-jacket","7":"product_cat-women","8":"product_tag-breathable","9":"product_tag-comfort-zone-15c","10":"product_tag-length-32","11":"product_tag-light","12":"product_tag-machine-wash","13":"product_tag-recycled-materials","14":"product_tag-straight-fit","15":"product_tag-water-resistant","16":"product_tag-wicking-transfer","17":"product_tag-wind-resistant","18":"pa_couleur-black","19":"pa_couleur-under-growth","20":"pa_grandeur-2xl-en","21":"pa_grandeur-l-en","22":"pa_grandeur-m-en","23":"pa_grandeur-s-en","24":"pa_grandeur-xl-en","25":"pa_grandeur-xs-en","27":"first","28":"instock","29":"taxable","30":"shipping-taxable","31":"purchasable","32":"product-type-variable","33":"prodpage-style2"},"yoast_head":"<!-- This site is optimized with the Yoast SEO plugin v27.3 - https:\/\/yoast.com\/product\/yoast-seo-wordpress\/ -->\n<title>BOMBA women&#039;s winter jacket - 44696 - Aliz\u00e9e<\/title>\n<meta name=\"description\" content=\"BOMBA women&#039;s winter jacket with its unique look is the perfect blend of streetwear style and winter performance.\" \/>\n<meta name=\"robots\" content=\"index, follow, max-snippet:-1, max-image-preview:large, max-video-preview:-1\" \/>\n<link rel=\"canonical\" href=\"https:\/\/alizee.ca\/en\/product\/bomba\/\" \/>\n<meta property=\"og:locale\" content=\"en_US\" \/>\n<meta property=\"og:type\" content=\"article\" \/>\n<meta property=\"og:title\" content=\"BOMBA women&#039;s winter jacket - 44696 - Aliz\u00e9e\" \/>\n<meta property=\"og:description\" content=\"BOMBA women&#039;s winter jacket with its unique look is the perfect blend of streetwear style and winter performance.\" \/>\n<meta property=\"og:url\" content=\"https:\/\/alizee.ca\/en\/product\/bomba\/\" \/>\n<meta property=\"og:site_name\" content=\"Aliz\u00e9e\" \/>\n<meta property=\"article:publisher\" content=\"https:\/\/www.facebook.com\/AlizeeWear\/\" \/>\n<meta property=\"article:modified_time\" content=\"2024-06-20T19:05:44+00:00\" \/>\n<meta property=\"og:image\" content=\"https:\/\/alizee.ca\/wp-content\/uploads\/2019\/08\/44696-Manteau-dhiver-BOMBA-pour-femme-couleur-Sous-bois-devant.jpg\" \/>\n\t<meta property=\"og:image:width\" content=\"800\" \/>\n\t<meta property=\"og:image:height\" content=\"800\" \/>\n\t<meta property=\"og:image:type\" content=\"image\/jpeg\" \/>\n<meta name=\"twitter:card\" content=\"summary_large_image\" \/>\n<meta name=\"twitter:label1\" content=\"Est. reading time\" \/>\n\t<meta name=\"twitter:data1\" content=\"3 minutes\" \/>\n<script type=\"application\/ld+json\" class=\"yoast-schema-graph\">{\"@context\":\"https:\\\/\\\/schema.org\",\"@graph\":[{\"@type\":\"WebPage\",\"@id\":\"https:\\\/\\\/alizee.ca\\\/en\\\/product\\\/bomba\\\/\",\"url\":\"https:\\\/\\\/alizee.ca\\\/en\\\/product\\\/bomba\\\/\",\"name\":\"BOMBA women's winter jacket - 44696 - Aliz\u00e9e\",\"isPartOf\":{\"@id\":\"https:\\\/\\\/alizee.ca\\\/en\\\/#website\"},\"primaryImageOfPage\":{\"@id\":\"https:\\\/\\\/alizee.ca\\\/en\\\/product\\\/bomba\\\/#primaryimage\"},\"image\":{\"@id\":\"https:\\\/\\\/alizee.ca\\\/en\\\/product\\\/bomba\\\/#primaryimage\"},\"thumbnailUrl\":\"https:\\\/\\\/alizee.ca\\\/wp-content\\\/uploads\\\/2019\\\/08\\\/44696-Manteau-dhiver-BOMBA-pour-femme-couleur-Sous-bois-devant.jpg\",\"datePublished\":\"2019-08-21T18:51:24+00:00\",\"dateModified\":\"2024-06-20T19:05:44+00:00\",\"description\":\"BOMBA women's winter jacket with its unique look is the perfect blend of streetwear style and winter performance.\",\"breadcrumb\":{\"@id\":\"https:\\\/\\\/alizee.ca\\\/en\\\/product\\\/bomba\\\/#breadcrumb\"},\"inLanguage\":\"en-US\",\"potentialAction\":[{\"@type\":\"ReadAction\",\"target\":[\"https:\\\/\\\/alizee.ca\\\/en\\\/product\\\/bomba\\\/\"]}]},{\"@type\":\"ImageObject\",\"inLanguage\":\"en-US\",\"@id\":\"https:\\\/\\\/alizee.ca\\\/en\\\/product\\\/bomba\\\/#primaryimage\",\"url\":\"https:\\\/\\\/alizee.ca\\\/wp-content\\\/uploads\\\/2019\\\/08\\\/44696-Manteau-dhiver-BOMBA-pour-femme-couleur-Sous-bois-devant.jpg\",\"contentUrl\":\"https:\\\/\\\/alizee.ca\\\/wp-content\\\/uploads\\\/2019\\\/08\\\/44696-Manteau-dhiver-BOMBA-pour-femme-couleur-Sous-bois-devant.jpg\",\"width\":800,\"height\":800,\"caption\":\"44696 - BOMBA winter jacket, undergrowth color\"},{\"@type\":\"BreadcrumbList\",\"@id\":\"https:\\\/\\\/alizee.ca\\\/en\\\/product\\\/bomba\\\/#breadcrumb\",\"itemListElement\":[{\"@type\":\"ListItem\",\"position\":1,\"name\":\"Accueil\",\"item\":\"https:\\\/\\\/alizee.ca\\\/en\\\/\"},{\"@type\":\"ListItem\",\"position\":2,\"name\":\"Shop\",\"item\":\"https:\\\/\\\/alizee.ca\\\/en\\\/shop\\\/\"},{\"@type\":\"ListItem\",\"position\":3,\"name\":\"Winter jacket &#8211; BOMBA &#8211; 44696\"}]},{\"@type\":\"WebSite\",\"@id\":\"https:\\\/\\\/alizee.ca\\\/en\\\/#website\",\"url\":\"https:\\\/\\\/alizee.ca\\\/en\\\/\",\"name\":\"Alizee\",\"description\":\"Top by Nature TM\",\"publisher\":{\"@id\":\"https:\\\/\\\/alizee.ca\\\/en\\\/#organization\"},\"potentialAction\":[{\"@type\":\"SearchAction\",\"target\":{\"@type\":\"EntryPoint\",\"urlTemplate\":\"https:\\\/\\\/alizee.ca\\\/en\\\/?s={search_term_string}\"},\"query-input\":{\"@type\":\"PropertyValueSpecification\",\"valueRequired\":true,\"valueName\":\"search_term_string\"}}],\"inLanguage\":\"en-US\"},{\"@type\":\"Organization\",\"@id\":\"https:\\\/\\\/alizee.ca\\\/en\\\/#organization\",\"name\":\"Aliz\u00e9e\",\"url\":\"https:\\\/\\\/alizee.ca\\\/en\\\/\",\"logo\":{\"@type\":\"ImageObject\",\"inLanguage\":\"en-US\",\"@id\":\"https:\\\/\\\/alizee.ca\\\/en\\\/#\\\/schema\\\/logo\\\/image\\\/\",\"url\":\"https:\\\/\\\/alizee.ca\\\/wp-content\\\/uploads\\\/2019\\\/12\\\/0_footer-Alizee.png\",\"contentUrl\":\"https:\\\/\\\/alizee.ca\\\/wp-content\\\/uploads\\\/2019\\\/12\\\/0_footer-Alizee.png\",\"width\":293,\"height\":112,\"caption\":\"Aliz\u00e9e\"},\"image\":{\"@id\":\"https:\\\/\\\/alizee.ca\\\/en\\\/#\\\/schema\\\/logo\\\/image\\\/\"},\"sameAs\":[\"https:\\\/\\\/www.facebook.com\\\/AlizeeWear\\\/\",\"https:\\\/\\\/www.tiktok.com\\\/@alizee.ca\",\"https:\\\/\\\/www.instagram.com\\\/alizeewear\"]}]}<\/script>\n<!-- \/ Yoast SEO plugin. -->","yoast_head_json":{"title":"BOMBA women's winter jacket - 44696 - Aliz\u00e9e","description":"BOMBA women's winter jacket with its unique look is the perfect blend of streetwear style and winter performance.","robots":{"index":"index","follow":"follow","max-snippet":"max-snippet:-1","max-image-preview":"max-image-preview:large","max-video-preview":"max-video-preview:-1"},"canonical":"https:\/\/alizee.ca\/en\/product\/bomba\/","og_locale":"en_US","og_type":"article","og_title":"BOMBA women's winter jacket - 44696 - Aliz\u00e9e","og_description":"BOMBA women's winter jacket with its unique look is the perfect blend of streetwear style and winter performance.","og_url":"https:\/\/alizee.ca\/en\/product\/bomba\/","og_site_name":"Aliz\u00e9e","article_publisher":"https:\/\/www.facebook.com\/AlizeeWear\/","article_modified_time":"2024-06-20T19:05:44+00:00","og_image":[{"width":800,"height":800,"url":"https:\/\/alizee.ca\/wp-content\/uploads\/2019\/08\/44696-Manteau-dhiver-BOMBA-pour-femme-couleur-Sous-bois-devant.jpg","type":"image\/jpeg"}],"twitter_card":"summary_large_image","twitter_misc":{"Est. reading time":"3 minutes"},"schema":{"@context":"https:\/\/schema.org","@graph":[{"@type":"WebPage","@id":"https:\/\/alizee.ca\/en\/product\/bomba\/","url":"https:\/\/alizee.ca\/en\/product\/bomba\/","name":"BOMBA women's winter jacket - 44696 - Aliz\u00e9e","isPartOf":{"@id":"https:\/\/alizee.ca\/en\/#website"},"primaryImageOfPage":{"@id":"https:\/\/alizee.ca\/en\/product\/bomba\/#primaryimage"},"image":{"@id":"https:\/\/alizee.ca\/en\/product\/bomba\/#primaryimage"},"thumbnailUrl":"https:\/\/alizee.ca\/wp-content\/uploads\/2019\/08\/44696-Manteau-dhiver-BOMBA-pour-femme-couleur-Sous-bois-devant.jpg","datePublished":"2019-08-21T18:51:24+00:00","dateModified":"2024-06-20T19:05:44+00:00","description":"BOMBA women's winter jacket with its unique look is the perfect blend of streetwear style and winter performance.","breadcrumb":{"@id":"https:\/\/alizee.ca\/en\/product\/bomba\/#breadcrumb"},"inLanguage":"en-US","potentialAction":[{"@type":"ReadAction","target":["https:\/\/alizee.ca\/en\/product\/bomba\/"]}]},{"@type":"ImageObject","inLanguage":"en-US","@id":"https:\/\/alizee.ca\/en\/product\/bomba\/#primaryimage","url":"https:\/\/alizee.ca\/wp-content\/uploads\/2019\/08\/44696-Manteau-dhiver-BOMBA-pour-femme-couleur-Sous-bois-devant.jpg","contentUrl":"https:\/\/alizee.ca\/wp-content\/uploads\/2019\/08\/44696-Manteau-dhiver-BOMBA-pour-femme-couleur-Sous-bois-devant.jpg","width":800,"height":800,"caption":"44696 - BOMBA winter jacket, undergrowth color"},{"@type":"BreadcrumbList","@id":"https:\/\/alizee.ca\/en\/product\/bomba\/#breadcrumb","itemListElement":[{"@type":"ListItem","position":1,"name":"Accueil","item":"https:\/\/alizee.ca\/en\/"},{"@type":"ListItem","position":2,"name":"Shop","item":"https:\/\/alizee.ca\/en\/shop\/"},{"@type":"ListItem","position":3,"name":"Winter jacket &#8211; BOMBA &#8211; 44696"}]},{"@type":"WebSite","@id":"https:\/\/alizee.ca\/en\/#website","url":"https:\/\/alizee.ca\/en\/","name":"Alizee","description":"Top by Nature TM","publisher":{"@id":"https:\/\/alizee.ca\/en\/#organization"},"potentialAction":[{"@type":"SearchAction","target":{"@type":"EntryPoint","urlTemplate":"https:\/\/alizee.ca\/en\/?s={search_term_string}"},"query-input":{"@type":"PropertyValueSpecification","valueRequired":true,"valueName":"search_term_string"}}],"inLanguage":"en-US"},{"@type":"Organization","@id":"https:\/\/alizee.ca\/en\/#organization","name":"Aliz\u00e9e","url":"https:\/\/alizee.ca\/en\/","logo":{"@type":"ImageObject","inLanguage":"en-US","@id":"https:\/\/alizee.ca\/en\/#\/schema\/logo\/image\/","url":"https:\/\/alizee.ca\/wp-content\/uploads\/2019\/12\/0_footer-Alizee.png","contentUrl":"https:\/\/alizee.ca\/wp-content\/uploads\/2019\/12\/0_footer-Alizee.png","width":293,"height":112,"caption":"Aliz\u00e9e"},"image":{"@id":"https:\/\/alizee.ca\/en\/#\/schema\/logo\/image\/"},"sameAs":["https:\/\/www.facebook.com\/AlizeeWear\/","https:\/\/www.tiktok.com\/@alizee.ca","https:\/\/www.instagram.com\/alizeewear"]}]}},"_links":{"self":[{"href":"https:\/\/alizee.ca\/en\/wp-json\/wp\/v2\/product\/8374","targetHints":{"allow":["GET"]}}],"collection":[{"href":"https:\/\/alizee.ca\/en\/wp-json\/wp\/v2\/product"}],"about":[{"href":"https:\/\/alizee.ca\/en\/wp-json\/wp\/v2\/types\/product"}],"replies":[{"embeddable":true,"href":"https:\/\/alizee.ca\/en\/wp-json\/wp\/v2\/comments?post=8374"}],"wp:featuredmedia":[{"embeddable":true,"href":"https:\/\/alizee.ca\/en\/wp-json\/wp\/v2\/media\/20881"}],"wp:attachment":[{"href":"https:\/\/alizee.ca\/en\/wp-json\/wp\/v2\/media?parent=8374"}],"wp:term":[{"taxonomy":"product_brand","embeddable":true,"href":"https:\/\/alizee.ca\/en\/wp-json\/wp\/v2\/product_brand?post=8374"},{"taxonomy":"product_cat","embeddable":true,"href":"https:\/\/alizee.ca\/en\/wp-json\/wp\/v2\/product_cat?post=8374"},{"taxonomy":"product_tag","embeddable":true,"href":"https:\/\/alizee.ca\/en\/wp-json\/wp\/v2\/product_tag?post=8374"}],"curies":[{"name":"wp","href":"https:\/\/api.w.org\/{rel}","templated":true}]}}