{"id":5579,"date":"2018-02-26T12:47:57","date_gmt":"2018-02-26T16:47:57","guid":{"rendered":"https:\/\/alizee.ca\/produit\/university\/"},"modified":"2024-11-22T18:50:15","modified_gmt":"2024-11-22T23:50:15","slug":"university","status":"publish","type":"product","link":"http:\/\/alizee.ca\/en\/product\/university\/","title":{"rendered":"Winter jacket &#8211; UNIVERSITY &#8211; 44694"},"content":{"rendered":"<p>Always committed to a wide range of projects, you need the women&#8217;s winter jacket UNIVERSITY to support you all winter long. This jacket features Primaloft\u00ae BLACK insulation made from 60% recycled materials. It provides effective protection from the cold at temperatures as low as -25\u00b0C.<\/p>\n<p>You&#8217;ll love the contrasting stripes on the cuffs and bottom of the jacket, as well as the wide hood drawcord. What&#8217;s more, the inner knit cuffs prevent cold air from seeping inside the jacket. For a personalized fit, you can cinch it in at the waist to suit your comfort. Inside, you&#8217;ll find four practical pockets: two zippered chest pockets and two large bottom pockets. Plus two zippered hand warmer pockets on the front. So you can carry all your essentials without bulk during your activities. The Women&#8217;s winter jacket University is a must-have if you&#8217;re looking for a style that suits you.<\/p>\n<h3>HERE ARE THE FEATURES OF THE UNIVERSITY WOMEN&#8217;S WINTER JACKET<\/h3>\n<ul>\n<li>Insulated hood with large lace<\/li>\n<li>\u201cMetaluxe\u201d zippers<\/li>\n<li>Inner front flap and chin guard<\/li>\n<li>Waist adjustment<\/li>\n<li>Preformed elbows&gt;<\/li>\n<li>Hand warmer pockets<\/li>\n<li>Inner knitted cuffs<\/li>\n<li>4 inner pockets, 2 with zipper<\/li>\n<li>Length: 33 inches<\/li>\n<\/ul>\n<p><img loading=\"lazy\" decoding=\"async\" class=\"wp-image-19351 size-full alignleft\" src=\"https:\/\/alizee.ca\/wp-content\/uploads\/2019\/08\/Lequivalent-de-12-bouteilles-de-plastique-ont-ete-recyclees-dans-la-fabrication-The-equivalent-of-12-plastic-bottles-were-recycled-in-the-manufact-jpg.webp\" alt=\"L'\u00e9quivalent de 12 bouteilles de plastique ont \u00e9t\u00e9 recycl\u00e9es dans la fabrication - The equivalent of 12 plastic bottles were recycled in the manufact.\" width=\"45\" height=\"98\" \/><\/p>\n<p><strong>The equivalent of 12 plastic bottles were recycled in the fabrication of this jacket.<\/strong><\/p>\n<p><!-- WOMEN --><\/p>\n<h4><\/h4>\n<p>Lightweight 72g\/m\u00b2 outer fabric made from 100% polyester. And equipped with a PROSTORM membrane (10K\/10K; 10,000 mm-10,000 gr\/m2) that makes it water-resistant and allows moisture transfer to the outside. What&#8217;s more, our fabric is treated with a C6 water-repellent finish, making it tough and durable, and minimizing its impact on the environment. It retains 80% of its water resistance even after 20 washes.<\/p>\n<p>Its 170 g\/m\u00b2 Primaloft\u00ae PRIMALOFT BLACK insulation, made from recycled materials, offers warmth, comfort, softness and lightness. It provides warmth without excessive bulk, and is breathable, lightweight and soft with 60% recycled content. Embossed high-density polyester lining.<\/p>\n<h5><strong>CARE<\/strong><\/h5>\n<p>Machine wash your coat using the gentle cycle with mild soap. Be sure not to use fabric softener or bleach. Once washed, hang to dry. (Before putting it in the machine, empty all pockets and remove all accessories)<\/p>\n<p><button style=\"background-color: white; border: 3px solid #999999; padding: 5px 12px;\" spellcheck=\"false\" data-lt-tmp-id=\"lt-190735\" data-gramm=\"false\" data-wp-editing=\"1\"><a href=\"https:\/\/alizee.ca\/en\/size-charts\/\" target=\"_blank\" rel=\"noopener\"><img loading=\"lazy\" decoding=\"async\" class=\"alignnone wp-image-19502\" title=\"Size charts\" src=\"http:\/\/alizee.ca\/wp-content\/uploads\/2023\/11\/Size-Chart-logo.webp\" alt=\"Size Chart\" width=\"32\" height=\"32\" \/> SIZE CHARTS<\/a><\/button><\/p>\n","protected":false},"excerpt":{"rendered":"<p>Show your colors!\u00a0Always involved in many projects, you need a jacket that will support you all winter. Impossible not to identify to University!<\/p>\n<p><img loading=\"lazy\" decoding=\"async\" class=\"alignnone size-full wp-image-19569\" src=\"https:\/\/alizee.ca\/wp-content\/uploads\/2023\/11\/Comfort-zone-25\u00b0-C.webp\" alt=\"Winter jacket with comfort zone down to -25\u00b0C\" width=\"75\" height=\"75\" srcset=\"http:\/\/alizee.ca\/wp-content\/uploads\/2023\/11\/Comfort-zone-25\u00b0-C.webp 75w, http:\/\/alizee.ca\/wp-content\/uploads\/2023\/11\/Comfort-zone-25\u00b0-C-40x40.webp 40w, http:\/\/alizee.ca\/wp-content\/uploads\/2023\/11\/Comfort-zone-25\u00b0-C-60x60.webp 60w\" sizes=\"auto, (max-width: 75px) 100vw, 75px\" \/><img loading=\"lazy\" decoding=\"async\" class=\"alignnone size-full wp-image-19426\" src=\"https:\/\/alizee.ca\/wp-content\/uploads\/2023\/11\/Water-Resistant.webp\" alt=\"Water Resistant\" width=\"75\" height=\"75\" srcset=\"http:\/\/alizee.ca\/wp-content\/uploads\/2023\/11\/Water-Resistant.webp 75w, http:\/\/alizee.ca\/wp-content\/uploads\/2023\/11\/Water-Resistant-40x40.webp 40w, http:\/\/alizee.ca\/wp-content\/uploads\/2023\/11\/Water-Resistant-60x60.webp 60w\" sizes=\"auto, (max-width: 75px) 100vw, 75px\" \/><img loading=\"lazy\" decoding=\"async\" class=\"alignnone size-full wp-image-19428\" src=\"https:\/\/alizee.ca\/wp-content\/uploads\/2023\/11\/windbreaker.webp\" alt=\"windbreaker\" width=\"75\" height=\"75\" srcset=\"http:\/\/alizee.ca\/wp-content\/uploads\/2023\/11\/windbreaker.webp 75w, http:\/\/alizee.ca\/wp-content\/uploads\/2023\/11\/windbreaker-40x40.webp 40w, http:\/\/alizee.ca\/wp-content\/uploads\/2023\/11\/windbreaker-60x60.webp 60w\" sizes=\"auto, (max-width: 75px) 100vw, 75px\" \/><img loading=\"lazy\" decoding=\"async\" class=\"alignnone size-full wp-image-19430\" src=\"https:\/\/alizee.ca\/wp-content\/uploads\/2023\/11\/Breathable.webp\" alt=\"Breathable\" width=\"75\" height=\"75\" srcset=\"http:\/\/alizee.ca\/wp-content\/uploads\/2023\/11\/Breathable.webp 75w, http:\/\/alizee.ca\/wp-content\/uploads\/2023\/11\/Breathable-40x40.webp 40w, http:\/\/alizee.ca\/wp-content\/uploads\/2023\/11\/Breathable-60x60.webp 60w\" sizes=\"auto, (max-width: 75px) 100vw, 75px\" \/><img loading=\"lazy\" decoding=\"async\" class=\"alignnone size-full wp-image-19424\" src=\"https:\/\/alizee.ca\/wp-content\/uploads\/2023\/11\/lightweight.webp\" alt=\"lightweight\" width=\"75\" height=\"75\" srcset=\"http:\/\/alizee.ca\/wp-content\/uploads\/2023\/11\/lightweight.webp 75w, http:\/\/alizee.ca\/wp-content\/uploads\/2023\/11\/lightweight-40x40.webp 40w, http:\/\/alizee.ca\/wp-content\/uploads\/2023\/11\/lightweight-60x60.webp 60w\" sizes=\"auto, (max-width: 75px) 100vw, 75px\" \/><img loading=\"lazy\" decoding=\"async\" class=\"alignnone size-full wp-image-19434\" src=\"https:\/\/alizee.ca\/wp-content\/uploads\/2023\/11\/TrumbleWash.webp\" alt=\"Trumble Wash\" width=\"75\" height=\"75\" srcset=\"http:\/\/alizee.ca\/wp-content\/uploads\/2023\/11\/TrumbleWash.webp 75w, http:\/\/alizee.ca\/wp-content\/uploads\/2023\/11\/TrumbleWash-40x40.webp 40w, http:\/\/alizee.ca\/wp-content\/uploads\/2023\/11\/TrumbleWash-60x60.webp 60w\" sizes=\"auto, (max-width: 75px) 100vw, 75px\" \/><img loading=\"lazy\" decoding=\"async\" class=\"alignnone size-full wp-image-19432\" src=\"https:\/\/alizee.ca\/wp-content\/uploads\/2023\/11\/Recycled-materials.webp\" alt=\"Recycled materials\" width=\"75\" height=\"75\" srcset=\"http:\/\/alizee.ca\/wp-content\/uploads\/2023\/11\/Recycled-materials.webp 75w, http:\/\/alizee.ca\/wp-content\/uploads\/2023\/11\/Recycled-materials-40x40.webp 40w, http:\/\/alizee.ca\/wp-content\/uploads\/2023\/11\/Recycled-materials-60x60.webp 60w\" sizes=\"auto, (max-width: 75px) 100vw, 75px\" \/><br \/>\n<button style=\"background-color: white; border: 3px solid #999999; padding: 5px 12px;\" spellcheck=\"false\" data-lt-tmp-id=\"lt-190735\" data-gramm=\"false\" data-wp-editing=\"1\"><a href=\"https:\/\/alizee.ca\/en\/size-charts\/\" target=\"_blank\" rel=\"noopener\"><img loading=\"lazy\" decoding=\"async\" class=\"alignnone wp-image-19502\" title=\"Size charts\" src=\"https:\/\/alizee.ca\/wp-content\/uploads\/2023\/11\/Size-Chart-logo.webp\" alt=\"Size Chart\" width=\"32\" height=\"32\" \/> SIZE CHARTS<\/a><\/button><\/p>\n","protected":false},"featured_media":20408,"comment_status":"open","ping_status":"closed","template":"","meta":[],"product_brand":[],"product_cat":[805,506,632],"product_tag":[562,732,564,808,608,563,767,598,561],"class_list":{"0":"post-5579","1":"product","2":"type-product","3":"status-publish","4":"has-post-thumbnail","6":"product_cat-bf50-en","7":"product_cat-women","8":"product_cat-women-insulated-jacket","9":"product_tag-breathable","10":"product_tag-comfort-zone-25c","11":"product_tag-fitted-cut","12":"product_tag-length-33","13":"product_tag-light","14":"product_tag-machine-wash","15":"product_tag-recycled-materials","16":"product_tag-water-resistant","17":"product_tag-wind-resistant","18":"pa_couleur-abyss-blue-dark-grey","19":"pa_couleur-black-en","20":"pa_couleur-olive-taupe","21":"pa_grandeur-xs-en","22":"pa_grandeur-s-en","23":"pa_grandeur-m-en","24":"pa_grandeur-l-en","25":"pa_grandeur-xl-en","26":"pa_grandeur-2xl-en","28":"first","29":"instock","30":"taxable","31":"shipping-taxable","32":"purchasable","33":"product-type-variable","34":"prodpage-style2"},"yoast_head":"<!-- This site is optimized with the Yoast SEO plugin v26.8 - https:\/\/yoast.com\/product\/yoast-seo-wordpress\/ -->\n<title>Women&#039;s winter jacket UNIVERSITY - 44694 - Aliz&eacute;e<\/title>\n<meta name=\"description\" content=\"Women&#039;s winter jacket UNIVERSITY. Show off your colors. You&#039;ll love the contrasting stripes on the cuffs and bottom of the jacket.\" \/>\n<meta name=\"robots\" content=\"index, follow, max-snippet:-1, max-image-preview:large, max-video-preview:-1\" \/>\n<link rel=\"canonical\" href=\"http:\/\/alizee.ca\/en\/product\/university\/\" \/>\n<meta property=\"og:locale\" content=\"en_US\" \/>\n<meta property=\"og:type\" content=\"article\" \/>\n<meta property=\"og:title\" content=\"Women&#039;s winter jacket UNIVERSITY - 44694 - Aliz&eacute;e\" \/>\n<meta property=\"og:description\" content=\"Women&#039;s winter jacket UNIVERSITY. Show off your colors. You&#039;ll love the contrasting stripes on the cuffs and bottom of the jacket.\" \/>\n<meta property=\"og:url\" content=\"http:\/\/alizee.ca\/en\/product\/university\/\" \/>\n<meta property=\"og:site_name\" content=\"Aliz&eacute;e\" \/>\n<meta property=\"article:publisher\" content=\"https:\/\/www.facebook.com\/AlizeeWear\/\" \/>\n<meta property=\"article:modified_time\" content=\"2024-11-22T23:50:15+00:00\" \/>\n<meta property=\"og:image\" content=\"https:\/\/alizee.ca\/wp-content\/uploads\/2018\/02\/Manteau-dhiver-UNIVERSITY-pour-femme-bleu-abysse-gris-fonce-devant.webp\" \/>\n\t<meta property=\"og:image:width\" content=\"800\" \/>\n\t<meta property=\"og:image:height\" content=\"800\" \/>\n\t<meta property=\"og:image:type\" content=\"image\/webp\" \/>\n<meta name=\"twitter:card\" content=\"summary_large_image\" \/>\n<meta name=\"twitter:label1\" content=\"Est. reading time\" \/>\n\t<meta name=\"twitter:data1\" content=\"3 minutes\" \/>\n<script type=\"application\/ld+json\" class=\"yoast-schema-graph\">{\"@context\":\"https:\/\/schema.org\",\"@graph\":[{\"@type\":\"WebPage\",\"@id\":\"http:\/\/alizee.ca\/en\/product\/university\/\",\"url\":\"http:\/\/alizee.ca\/en\/product\/university\/\",\"name\":\"Women's winter jacket UNIVERSITY - 44694 - Aliz&eacute;e\",\"isPartOf\":{\"@id\":\"https:\/\/alizee.ca\/en\/#website\"},\"primaryImageOfPage\":{\"@id\":\"http:\/\/alizee.ca\/en\/product\/university\/#primaryimage\"},\"image\":{\"@id\":\"http:\/\/alizee.ca\/en\/product\/university\/#primaryimage\"},\"thumbnailUrl\":\"http:\/\/alizee.ca\/wp-content\/uploads\/2018\/02\/Manteau-dhiver-UNIVERSITY-pour-femme-bleu-abysse-gris-fonce-devant.webp\",\"datePublished\":\"2018-02-26T16:47:57+00:00\",\"dateModified\":\"2024-11-22T23:50:15+00:00\",\"description\":\"Women's winter jacket UNIVERSITY. Show off your colors. You'll love the contrasting stripes on the cuffs and bottom of the jacket.\",\"breadcrumb\":{\"@id\":\"http:\/\/alizee.ca\/en\/product\/university\/#breadcrumb\"},\"inLanguage\":\"en-US\",\"potentialAction\":[{\"@type\":\"ReadAction\",\"target\":[\"http:\/\/alizee.ca\/en\/product\/university\/\"]}]},{\"@type\":\"ImageObject\",\"inLanguage\":\"en-US\",\"@id\":\"http:\/\/alizee.ca\/en\/product\/university\/#primaryimage\",\"url\":\"http:\/\/alizee.ca\/wp-content\/uploads\/2018\/02\/Manteau-dhiver-UNIVERSITY-pour-femme-bleu-abysse-gris-fonce-devant.webp\",\"contentUrl\":\"http:\/\/alizee.ca\/wp-content\/uploads\/2018\/02\/Manteau-dhiver-UNIVERSITY-pour-femme-bleu-abysse-gris-fonce-devant.webp\",\"width\":800,\"height\":800,\"caption\":\"UNIVERSITY women's winter jacket, abyss blue-dark grey, front\"},{\"@type\":\"BreadcrumbList\",\"@id\":\"http:\/\/alizee.ca\/en\/product\/university\/#breadcrumb\",\"itemListElement\":[{\"@type\":\"ListItem\",\"position\":1,\"name\":\"Accueil\",\"item\":\"http:\/\/alizee.ca\/en\/\"},{\"@type\":\"ListItem\",\"position\":2,\"name\":\"Shop\",\"item\":\"https:\/\/alizee.ca\/en\/shop\/\"},{\"@type\":\"ListItem\",\"position\":3,\"name\":\"Winter jacket &#8211; UNIVERSITY &#8211; 44694\"}]},{\"@type\":\"WebSite\",\"@id\":\"https:\/\/alizee.ca\/en\/#website\",\"url\":\"https:\/\/alizee.ca\/en\/\",\"name\":\"Alizee\",\"description\":\"Top by Nature TM\",\"publisher\":{\"@id\":\"https:\/\/alizee.ca\/en\/#organization\"},\"potentialAction\":[{\"@type\":\"SearchAction\",\"target\":{\"@type\":\"EntryPoint\",\"urlTemplate\":\"https:\/\/alizee.ca\/en\/?s={search_term_string}\"},\"query-input\":{\"@type\":\"PropertyValueSpecification\",\"valueRequired\":true,\"valueName\":\"search_term_string\"}}],\"inLanguage\":\"en-US\"},{\"@type\":\"Organization\",\"@id\":\"https:\/\/alizee.ca\/en\/#organization\",\"name\":\"Aliz\u00e9e\",\"url\":\"https:\/\/alizee.ca\/en\/\",\"logo\":{\"@type\":\"ImageObject\",\"inLanguage\":\"en-US\",\"@id\":\"https:\/\/alizee.ca\/en\/#\/schema\/logo\/image\/\",\"url\":\"https:\/\/alizee.ca\/wp-content\/uploads\/2019\/12\/0_footer-Alizee.png\",\"contentUrl\":\"https:\/\/alizee.ca\/wp-content\/uploads\/2019\/12\/0_footer-Alizee.png\",\"width\":293,\"height\":112,\"caption\":\"Aliz\u00e9e\"},\"image\":{\"@id\":\"https:\/\/alizee.ca\/en\/#\/schema\/logo\/image\/\"},\"sameAs\":[\"https:\/\/www.facebook.com\/AlizeeWear\/\",\"https:\/\/www.tiktok.com\/@alizee.ca\",\"https:\/\/www.instagram.com\/alizeewear\"]}]}<\/script>\n<!-- \/ Yoast SEO plugin. -->","yoast_head_json":{"title":"Women's winter jacket UNIVERSITY - 44694 - Aliz&eacute;e","description":"Women's winter jacket UNIVERSITY. Show off your colors. You'll love the contrasting stripes on the cuffs and bottom of the jacket.","robots":{"index":"index","follow":"follow","max-snippet":"max-snippet:-1","max-image-preview":"max-image-preview:large","max-video-preview":"max-video-preview:-1"},"canonical":"http:\/\/alizee.ca\/en\/product\/university\/","og_locale":"en_US","og_type":"article","og_title":"Women's winter jacket UNIVERSITY - 44694 - Aliz&eacute;e","og_description":"Women's winter jacket UNIVERSITY. Show off your colors. You'll love the contrasting stripes on the cuffs and bottom of the jacket.","og_url":"http:\/\/alizee.ca\/en\/product\/university\/","og_site_name":"Aliz&eacute;e","article_publisher":"https:\/\/www.facebook.com\/AlizeeWear\/","article_modified_time":"2024-11-22T23:50:15+00:00","og_image":[{"width":800,"height":800,"url":"https:\/\/alizee.ca\/wp-content\/uploads\/2018\/02\/Manteau-dhiver-UNIVERSITY-pour-femme-bleu-abysse-gris-fonce-devant.webp","type":"image\/webp"}],"twitter_card":"summary_large_image","twitter_misc":{"Est. reading time":"3 minutes"},"schema":{"@context":"https:\/\/schema.org","@graph":[{"@type":"WebPage","@id":"http:\/\/alizee.ca\/en\/product\/university\/","url":"http:\/\/alizee.ca\/en\/product\/university\/","name":"Women's winter jacket UNIVERSITY - 44694 - Aliz&eacute;e","isPartOf":{"@id":"https:\/\/alizee.ca\/en\/#website"},"primaryImageOfPage":{"@id":"http:\/\/alizee.ca\/en\/product\/university\/#primaryimage"},"image":{"@id":"http:\/\/alizee.ca\/en\/product\/university\/#primaryimage"},"thumbnailUrl":"http:\/\/alizee.ca\/wp-content\/uploads\/2018\/02\/Manteau-dhiver-UNIVERSITY-pour-femme-bleu-abysse-gris-fonce-devant.webp","datePublished":"2018-02-26T16:47:57+00:00","dateModified":"2024-11-22T23:50:15+00:00","description":"Women's winter jacket UNIVERSITY. Show off your colors. You'll love the contrasting stripes on the cuffs and bottom of the jacket.","breadcrumb":{"@id":"http:\/\/alizee.ca\/en\/product\/university\/#breadcrumb"},"inLanguage":"en-US","potentialAction":[{"@type":"ReadAction","target":["http:\/\/alizee.ca\/en\/product\/university\/"]}]},{"@type":"ImageObject","inLanguage":"en-US","@id":"http:\/\/alizee.ca\/en\/product\/university\/#primaryimage","url":"http:\/\/alizee.ca\/wp-content\/uploads\/2018\/02\/Manteau-dhiver-UNIVERSITY-pour-femme-bleu-abysse-gris-fonce-devant.webp","contentUrl":"http:\/\/alizee.ca\/wp-content\/uploads\/2018\/02\/Manteau-dhiver-UNIVERSITY-pour-femme-bleu-abysse-gris-fonce-devant.webp","width":800,"height":800,"caption":"UNIVERSITY women's winter jacket, abyss blue-dark grey, front"},{"@type":"BreadcrumbList","@id":"http:\/\/alizee.ca\/en\/product\/university\/#breadcrumb","itemListElement":[{"@type":"ListItem","position":1,"name":"Accueil","item":"http:\/\/alizee.ca\/en\/"},{"@type":"ListItem","position":2,"name":"Shop","item":"https:\/\/alizee.ca\/en\/shop\/"},{"@type":"ListItem","position":3,"name":"Winter jacket &#8211; UNIVERSITY &#8211; 44694"}]},{"@type":"WebSite","@id":"https:\/\/alizee.ca\/en\/#website","url":"https:\/\/alizee.ca\/en\/","name":"Alizee","description":"Top by Nature TM","publisher":{"@id":"https:\/\/alizee.ca\/en\/#organization"},"potentialAction":[{"@type":"SearchAction","target":{"@type":"EntryPoint","urlTemplate":"https:\/\/alizee.ca\/en\/?s={search_term_string}"},"query-input":{"@type":"PropertyValueSpecification","valueRequired":true,"valueName":"search_term_string"}}],"inLanguage":"en-US"},{"@type":"Organization","@id":"https:\/\/alizee.ca\/en\/#organization","name":"Aliz\u00e9e","url":"https:\/\/alizee.ca\/en\/","logo":{"@type":"ImageObject","inLanguage":"en-US","@id":"https:\/\/alizee.ca\/en\/#\/schema\/logo\/image\/","url":"https:\/\/alizee.ca\/wp-content\/uploads\/2019\/12\/0_footer-Alizee.png","contentUrl":"https:\/\/alizee.ca\/wp-content\/uploads\/2019\/12\/0_footer-Alizee.png","width":293,"height":112,"caption":"Aliz\u00e9e"},"image":{"@id":"https:\/\/alizee.ca\/en\/#\/schema\/logo\/image\/"},"sameAs":["https:\/\/www.facebook.com\/AlizeeWear\/","https:\/\/www.tiktok.com\/@alizee.ca","https:\/\/www.instagram.com\/alizeewear"]}]}},"_links":{"self":[{"href":"http:\/\/alizee.ca\/en\/wp-json\/wp\/v2\/product\/5579","targetHints":{"allow":["GET"]}}],"collection":[{"href":"http:\/\/alizee.ca\/en\/wp-json\/wp\/v2\/product"}],"about":[{"href":"http:\/\/alizee.ca\/en\/wp-json\/wp\/v2\/types\/product"}],"replies":[{"embeddable":true,"href":"http:\/\/alizee.ca\/en\/wp-json\/wp\/v2\/comments?post=5579"}],"wp:featuredmedia":[{"embeddable":true,"href":"http:\/\/alizee.ca\/en\/wp-json\/wp\/v2\/media\/20408"}],"wp:attachment":[{"href":"http:\/\/alizee.ca\/en\/wp-json\/wp\/v2\/media?parent=5579"}],"wp:term":[{"taxonomy":"product_brand","embeddable":true,"href":"http:\/\/alizee.ca\/en\/wp-json\/wp\/v2\/product_brand?post=5579"},{"taxonomy":"product_cat","embeddable":true,"href":"http:\/\/alizee.ca\/en\/wp-json\/wp\/v2\/product_cat?post=5579"},{"taxonomy":"product_tag","embeddable":true,"href":"http:\/\/alizee.ca\/en\/wp-json\/wp\/v2\/product_tag?post=5579"}],"curies":[{"name":"wp","href":"https:\/\/api.w.org\/{rel}","templated":true}]}}