{"id":19171,"date":"2023-10-02T14:06:24","date_gmt":"2023-10-02T18:07:38","guid":{"rendered":"https:\/\/alizee.ca\/?post_type=product&#038;p=19171"},"modified":"2024-02-14T15:15:43","modified_gmt":"2024-02-14T20:15:43","slug":"winter-coat-for-women-rockies-44778","status":"publish","type":"product","link":"http:\/\/alizee.ca\/en\/product\/winter-coat-for-women-rockies-44778\/","title":{"rendered":"Winter coat &#8211; ROCKIES &#8211; 44778"},"content":{"rendered":"<p>Inspired by the beauty of the mountains, the design of our ROCKIES women\u2019s winter coat evokes the snowy peaks and the dizzying heights of the peaks that rise on the horizon. Its elongated cut, this coat of line A refines the curves and lengthens the silhouette. With its sober and chic style, this insulated coat will give you all the desired distinction while ensuring optimal comfort. Its 300g Eco-3 recycled insulation provides cozy protection from the elements up to -30\u00b0C, while the Velvet Touch fabric surrounds you in softness when you wear it.<\/p>\n<p>All our coats have hand-warmed pockets with zippers, as well as four inside pockets, two of which have zippers. Thanks to its multiple pockets, they will allow you to carry your belongings and keep your hands free during your activities. In addition, its inner knit cuffs feature an opening for the thumb that prevents cold from entering. In addition, its oversized hood, reminiscent of a double collar, adds a touch of style to all your sashes and beautifully frames your face. This ROCKIES women\u2019s winter coat is available in black, red and blue, in all sizes. It will make you feel at your best!<\/p>\n<p>This insulated coat for women is designed in Quebec.<\/p>\n<h3>HERE ARE THE FEATURES OF THE ROCKIES WOMEN&#8217;S WINTER JACKET<\/h3>\n<ul>\n<li>Adjustable insulated hood<\/li>\n<li>YKK zippers<\/li>\n<li>Inner front flap and chin guard<\/li>\n<li>Hand warmer pockets<\/li>\n<li>4 inner pockets, 2 with zippers<\/li>\n<li>Inner knitted cuffs with thumb opening<\/li>\n<li>Coupe semi-ajust\u00e9e \u00e9vas\u00e9e<\/li>\n<li>Length 35&#8243;<\/li>\n<\/ul>\n<p><strong><img loading=\"lazy\" decoding=\"async\" class=\" wp-image-19758 alignleft\" src=\"https:\/\/alizee.ca\/wp-content\/uploads\/2023\/10\/Lequivalent-de-64-bouteilles-de-plastiques-ont-ete-recycles-dans-la-fabrication-The-equivalent-of-64-plastic-bottles-have-been-recycled-in-the-production-process-jpg.webp\" alt=\"L'\u00e9quivalent de 64 bouteilles de plastiques ont \u00e9t\u00e9 recycl\u00e9s dans la fabrication-The equivalent of 64 plastic bottles have been recycled in the production process\" width=\"56\" height=\"122\" \/>64 plastic bottles were recycled in the fabrication of this jacket.<\/strong><\/p>\n<p>The VELVET TOUCH outer fabric is made from 100% recycled polyester with a PROSTORM membrane (8K\/5K; 8,000 mm-5,000 gr\/m2) designed to resist water and allow moisture transfer to the outside. Our fabric is treated with a C6 water repellent finish, making it tough and durable, and minimizing its impact on the environment. It is 80% water-resistant after 20 washes.<\/p>\n<p>The Primaloft\u00ae ECO-3 insulation is made entirely from 400 g\/m\u00b2 recycled polyester fibers. Composed of continuous filaments, it is light and flexible. It retains its thermal qualities even in damp conditions. Its eco-friendly multi-layer structure traps heat while allowing moisture to evaporate. It is a lightweight insulation with a 100% high-density polyester lining.<\/p>\n<h5><strong>CARE<\/strong><\/h5>\n<p>Machine wash your coat using the gentle cycle with mild soap. Be sure not to use fabric softener or bleach. Once washed, hang to dry. (Before putting it in the machine, empty all pockets and remove all accessories)<\/p>\n<p>For more details, see our article on\u00a0<a href=\"https:\/\/alizee.ca\/en\/?p=19896\"><strong>maintenance and cleaning of coats.<\/strong><\/a><\/p>\n<p><button style=\"background-color: white; border: 3px solid #999999; padding: 5px 12px;\" spellcheck=\"false\" data-lt-tmp-id=\"lt-190735\" data-gramm=\"false\" data-wp-editing=\"1\"><a href=\"https:\/\/alizee.ca\/en\/size-charts\/\" target=\"_blank\" rel=\"noopener\"><img loading=\"lazy\" decoding=\"async\" class=\"alignnone wp-image-19502\" title=\"Size charts\" src=\"http:\/\/alizee.ca\/wp-content\/uploads\/2023\/11\/Size-Chart-logo.webp\" alt=\"Size Chart\" width=\"32\" height=\"32\" \/> SIZE CHARTS<\/a><\/button><\/p>\n","protected":false},"excerpt":{"rendered":"<p>This winter coat is inspired by the beauty of the mountains, evoking the snowy peaks and the dizzying height of the peaks that rises on the horizon. His line A fit refines the curves and lengthens the silhouette while having a sober and elegant style.<\/p>\n<p><img loading=\"lazy\" decoding=\"async\" class=\"alignnone size-full wp-image-19504\" src=\"https:\/\/alizee.ca\/wp-content\/uploads\/2023\/11\/Comfort-zone-30\u00b0-C.webp\" alt=\"Comfort zone -30\u00b0 C\" width=\"75\" height=\"75\" srcset=\"http:\/\/alizee.ca\/wp-content\/uploads\/2023\/11\/Comfort-zone-30\u00b0-C.webp 75w, http:\/\/alizee.ca\/wp-content\/uploads\/2023\/11\/Comfort-zone-30\u00b0-C-40x40.webp 40w, http:\/\/alizee.ca\/wp-content\/uploads\/2023\/11\/Comfort-zone-30\u00b0-C-60x60.webp 60w\" sizes=\"auto, (max-width: 75px) 100vw, 75px\" \/><img loading=\"lazy\" decoding=\"async\" class=\"alignnone size-full wp-image-19425\" src=\"https:\/\/alizee.ca\/wp-content\/uploads\/2023\/11\/Water-Resistant.webp\" alt=\"Water Resistant\" width=\"75\" height=\"75\" srcset=\"http:\/\/alizee.ca\/wp-content\/uploads\/2023\/11\/Water-Resistant.webp 75w, http:\/\/alizee.ca\/wp-content\/uploads\/2023\/11\/Water-Resistant-40x40.webp 40w, http:\/\/alizee.ca\/wp-content\/uploads\/2023\/11\/Water-Resistant-60x60.webp 60w\" sizes=\"auto, (max-width: 75px) 100vw, 75px\" \/><img loading=\"lazy\" decoding=\"async\" class=\"alignnone size-full wp-image-19427\" src=\"https:\/\/alizee.ca\/wp-content\/uploads\/2023\/11\/windbreaker.webp\" alt=\"windbreaker\" width=\"75\" height=\"75\" srcset=\"http:\/\/alizee.ca\/wp-content\/uploads\/2023\/11\/windbreaker.webp 75w, http:\/\/alizee.ca\/wp-content\/uploads\/2023\/11\/windbreaker-40x40.webp 40w, http:\/\/alizee.ca\/wp-content\/uploads\/2023\/11\/windbreaker-60x60.webp 60w\" sizes=\"auto, (max-width: 75px) 100vw, 75px\" \/><img loading=\"lazy\" decoding=\"async\" class=\"alignnone size-full wp-image-19429\" src=\"https:\/\/alizee.ca\/wp-content\/uploads\/2023\/11\/Breathable.webp\" alt=\"Breathable\" width=\"75\" height=\"75\" srcset=\"http:\/\/alizee.ca\/wp-content\/uploads\/2023\/11\/Breathable.webp 75w, http:\/\/alizee.ca\/wp-content\/uploads\/2023\/11\/Breathable-40x40.webp 40w, http:\/\/alizee.ca\/wp-content\/uploads\/2023\/11\/Breathable-60x60.webp 60w\" sizes=\"auto, (max-width: 75px) 100vw, 75px\" \/><img loading=\"lazy\" decoding=\"async\" class=\"alignnone size-full wp-image-19423\" src=\"https:\/\/alizee.ca\/wp-content\/uploads\/2023\/11\/lightweight.webp\" alt=\"lightweight\" width=\"75\" height=\"75\" srcset=\"http:\/\/alizee.ca\/wp-content\/uploads\/2023\/11\/lightweight.webp 75w, http:\/\/alizee.ca\/wp-content\/uploads\/2023\/11\/lightweight-40x40.webp 40w, http:\/\/alizee.ca\/wp-content\/uploads\/2023\/11\/lightweight-60x60.webp 60w\" sizes=\"auto, (max-width: 75px) 100vw, 75px\" \/><img loading=\"lazy\" decoding=\"async\" class=\"alignnone size-full wp-image-19433\" src=\"https:\/\/alizee.ca\/wp-content\/uploads\/2023\/11\/TrumbleWash.webp\" alt=\"Trumble Wash\" width=\"75\" height=\"75\" srcset=\"http:\/\/alizee.ca\/wp-content\/uploads\/2023\/11\/TrumbleWash.webp 75w, http:\/\/alizee.ca\/wp-content\/uploads\/2023\/11\/TrumbleWash-40x40.webp 40w, http:\/\/alizee.ca\/wp-content\/uploads\/2023\/11\/TrumbleWash-60x60.webp 60w\" sizes=\"auto, (max-width: 75px) 100vw, 75px\" \/><img loading=\"lazy\" decoding=\"async\" class=\"alignnone size-full wp-image-19431\" src=\"https:\/\/alizee.ca\/wp-content\/uploads\/2023\/11\/Recycled-materials.webp\" alt=\"Recycled materials\" width=\"75\" height=\"75\" srcset=\"http:\/\/alizee.ca\/wp-content\/uploads\/2023\/11\/Recycled-materials.webp 75w, http:\/\/alizee.ca\/wp-content\/uploads\/2023\/11\/Recycled-materials-40x40.webp 40w, http:\/\/alizee.ca\/wp-content\/uploads\/2023\/11\/Recycled-materials-60x60.webp 60w\" sizes=\"auto, (max-width: 75px) 100vw, 75px\" \/><\/p>\n<p><button style=\"background-color: white; border: 3px solid #999999; padding: 5px 12px;\" spellcheck=\"false\" data-lt-tmp-id=\"lt-190735\" data-gramm=\"false\" data-wp-editing=\"1\"><a href=\"https:\/\/alizee.ca\/en\/product\/plus-size-winter-coat-rockies-44778o\/\" target=\"_blank\" rel=\"noopener\"><img loading=\"lazy\" decoding=\"async\" class=\"alignnone wp-image-19506\" title=\"Available in plus size\" src=\"https:\/\/alizee.ca\/wp-content\/uploads\/2020\/09\/Disponible-en-taille-plus-Available-in-plus-size.webp\" alt=\"Disponible en taille plus-Available in plus size\" width=\"32\" height=\"32\" \/><\/a><a href=\"https:\/\/alizee.ca\/en\/product\/plus-size-winter-coat-rockies-44778o\/\" rel=\"noopener\"> AVAILABLE IN PLUS SIZE<\/a><\/button><button style=\"background-color: white; border: 3px solid #999999; padding: 5px 12px;\" spellcheck=\"false\" data-lt-tmp-id=\"lt-190735\" data-gramm=\"false\" data-wp-editing=\"1\"><a href=\"https:\/\/alizee.ca\/en\/size-charts\/\" target=\"_blank\" rel=\"noopener\"><img loading=\"lazy\" decoding=\"async\" class=\"alignnone wp-image-19502\" title=\"Size charts\" src=\"https:\/\/alizee.ca\/wp-content\/uploads\/2023\/11\/Size-Chart-logo.webp\" alt=\"Size Chart\" width=\"32\" height=\"32\" \/><\/a><a href=\"https:\/\/alizee.ca\/en\/size-charts\/\" target=\"_blank\" rel=\"noopener\">SIZE CHARTS<\/a><\/button><\/p>\n","protected":false},"featured_media":19761,"comment_status":"open","ping_status":"closed","template":"","meta":[],"product_brand":[],"product_cat":[506,632],"product_tag":[562,714,779,608,563,767,777,598,561,742],"class_list":{"0":"post-19171","1":"product","2":"type-product","3":"status-publish","4":"has-post-thumbnail","6":"product_cat-women","7":"product_cat-women-insulated-jacket","8":"product_tag-breathable","9":"product_tag-comfort-zone-30c","10":"product_tag-length-35","11":"product_tag-light","12":"product_tag-machine-wash","13":"product_tag-recycled-materials","14":"product_tag-semi-adjusted-flare-fit","15":"product_tag-water-resistant","16":"product_tag-wind-resistant","17":"product_tag-womens-winter-coats","18":"pa_couleur-pekin-en","19":"pa_couleur-black-en","20":"pa_couleur-royal-blue","21":"pa_grandeur-xs-en","22":"pa_grandeur-s-en","23":"pa_grandeur-m-en","24":"pa_grandeur-l-en","25":"pa_grandeur-xl-en","26":"pa_grandeur-2xl-en","28":"first","29":"instock","30":"taxable","31":"shipping-taxable","32":"purchasable","33":"product-type-variable","34":"prodpage-style2"},"yoast_head":"<!-- This site is optimized with the Yoast SEO plugin v26.8 - https:\/\/yoast.com\/product\/yoast-seo-wordpress\/ -->\n<title>ROCKIES women&#039;s winter jacket - 44778 -Aliz&eacute;e<\/title>\n<meta name=\"description\" content=\"ROCKIES women&#039;s winter jacket - Elegant and understated, it\u2019s inspired by the mountains. Its insulation and fabric are 100% recycled. Comfort zone -30\u00b0C.\" \/>\n<meta name=\"robots\" content=\"index, follow, max-snippet:-1, max-image-preview:large, max-video-preview:-1\" \/>\n<link rel=\"canonical\" href=\"http:\/\/alizee.ca\/en\/product\/winter-coat-for-women-rockies-44778\/\" \/>\n<meta property=\"og:locale\" content=\"en_US\" \/>\n<meta property=\"og:type\" content=\"article\" \/>\n<meta property=\"og:title\" content=\"ROCKIES women&#039;s winter jacket - 44778 -Aliz&eacute;e\" \/>\n<meta property=\"og:description\" content=\"ROCKIES women&#039;s winter jacket - Elegant and understated, it\u2019s inspired by the mountains. Its insulation and fabric are 100% recycled. Comfort zone -30\u00b0C.\" \/>\n<meta property=\"og:url\" content=\"http:\/\/alizee.ca\/en\/product\/winter-coat-for-women-rockies-44778\/\" \/>\n<meta property=\"og:site_name\" content=\"Aliz&eacute;e\" \/>\n<meta property=\"article:publisher\" content=\"https:\/\/www.facebook.com\/AlizeeWear\/\" \/>\n<meta property=\"article:modified_time\" content=\"2024-02-14T20:15:43+00:00\" \/>\n<meta property=\"og:image\" content=\"http:\/\/alizee.ca\/wp-content\/uploads\/2023\/10\/Manteau-dhiver-Rockies-pour-femme-bleu-royal-devant-44778.webp\" \/>\n\t<meta property=\"og:image:width\" content=\"1000\" \/>\n\t<meta property=\"og:image:height\" content=\"1000\" \/>\n\t<meta property=\"og:image:type\" content=\"image\/webp\" \/>\n<meta name=\"twitter:card\" content=\"summary_large_image\" \/>\n<meta name=\"twitter:label1\" content=\"Est. reading time\" \/>\n\t<meta name=\"twitter:data1\" content=\"5 minutes\" \/>\n<script type=\"application\/ld+json\" class=\"yoast-schema-graph\">{\"@context\":\"https:\/\/schema.org\",\"@graph\":[{\"@type\":\"WebPage\",\"@id\":\"http:\/\/alizee.ca\/en\/product\/winter-coat-for-women-rockies-44778\/\",\"url\":\"http:\/\/alizee.ca\/en\/product\/winter-coat-for-women-rockies-44778\/\",\"name\":\"ROCKIES women's winter jacket - 44778 -Aliz&eacute;e\",\"isPartOf\":{\"@id\":\"https:\/\/alizee.ca\/en\/#website\"},\"primaryImageOfPage\":{\"@id\":\"http:\/\/alizee.ca\/en\/product\/winter-coat-for-women-rockies-44778\/#primaryimage\"},\"image\":{\"@id\":\"http:\/\/alizee.ca\/en\/product\/winter-coat-for-women-rockies-44778\/#primaryimage\"},\"thumbnailUrl\":\"http:\/\/alizee.ca\/wp-content\/uploads\/2023\/10\/Manteau-dhiver-Rockies-pour-femme-bleu-royal-devant-44778.webp\",\"datePublished\":\"2023-10-02T18:07:38+00:00\",\"dateModified\":\"2024-02-14T20:15:43+00:00\",\"description\":\"ROCKIES women's winter jacket - Elegant and understated, it\u2019s inspired by the mountains. Its insulation and fabric are 100% recycled. Comfort zone -30\u00b0C.\",\"breadcrumb\":{\"@id\":\"http:\/\/alizee.ca\/en\/product\/winter-coat-for-women-rockies-44778\/#breadcrumb\"},\"inLanguage\":\"en-US\",\"potentialAction\":[{\"@type\":\"ReadAction\",\"target\":[\"http:\/\/alizee.ca\/en\/product\/winter-coat-for-women-rockies-44778\/\"]}]},{\"@type\":\"ImageObject\",\"inLanguage\":\"en-US\",\"@id\":\"http:\/\/alizee.ca\/en\/product\/winter-coat-for-women-rockies-44778\/#primaryimage\",\"url\":\"http:\/\/alizee.ca\/wp-content\/uploads\/2023\/10\/Manteau-dhiver-Rockies-pour-femme-bleu-royal-devant-44778.webp\",\"contentUrl\":\"http:\/\/alizee.ca\/wp-content\/uploads\/2023\/10\/Manteau-dhiver-Rockies-pour-femme-bleu-royal-devant-44778.webp\",\"width\":1000,\"height\":1000,\"caption\":\"44778-Women's winter coat ROCKIES, royal blue, front\"},{\"@type\":\"BreadcrumbList\",\"@id\":\"http:\/\/alizee.ca\/en\/product\/winter-coat-for-women-rockies-44778\/#breadcrumb\",\"itemListElement\":[{\"@type\":\"ListItem\",\"position\":1,\"name\":\"Accueil\",\"item\":\"https:\/\/alizee.ca\/en\/\"},{\"@type\":\"ListItem\",\"position\":2,\"name\":\"Shop\",\"item\":\"https:\/\/alizee.ca\/en\/shop\/\"},{\"@type\":\"ListItem\",\"position\":3,\"name\":\"Winter coat &#8211; ROCKIES &#8211; 44778\"}]},{\"@type\":\"WebSite\",\"@id\":\"https:\/\/alizee.ca\/en\/#website\",\"url\":\"https:\/\/alizee.ca\/en\/\",\"name\":\"Alizee\",\"description\":\"Top by Nature TM\",\"publisher\":{\"@id\":\"https:\/\/alizee.ca\/en\/#organization\"},\"potentialAction\":[{\"@type\":\"SearchAction\",\"target\":{\"@type\":\"EntryPoint\",\"urlTemplate\":\"https:\/\/alizee.ca\/en\/?s={search_term_string}\"},\"query-input\":{\"@type\":\"PropertyValueSpecification\",\"valueRequired\":true,\"valueName\":\"search_term_string\"}}],\"inLanguage\":\"en-US\"},{\"@type\":\"Organization\",\"@id\":\"https:\/\/alizee.ca\/en\/#organization\",\"name\":\"Aliz\u00e9e\",\"url\":\"https:\/\/alizee.ca\/en\/\",\"logo\":{\"@type\":\"ImageObject\",\"inLanguage\":\"en-US\",\"@id\":\"https:\/\/alizee.ca\/en\/#\/schema\/logo\/image\/\",\"url\":\"https:\/\/alizee.ca\/wp-content\/uploads\/2019\/12\/0_footer-Alizee.png\",\"contentUrl\":\"https:\/\/alizee.ca\/wp-content\/uploads\/2019\/12\/0_footer-Alizee.png\",\"width\":293,\"height\":112,\"caption\":\"Aliz\u00e9e\"},\"image\":{\"@id\":\"https:\/\/alizee.ca\/en\/#\/schema\/logo\/image\/\"},\"sameAs\":[\"https:\/\/www.facebook.com\/AlizeeWear\/\",\"https:\/\/www.tiktok.com\/@alizee.ca\",\"https:\/\/www.instagram.com\/alizeewear\"]}]}<\/script>\n<!-- \/ Yoast SEO plugin. -->","yoast_head_json":{"title":"ROCKIES women's winter jacket - 44778 -Aliz&eacute;e","description":"ROCKIES women's winter jacket - Elegant and understated, it\u2019s inspired by the mountains. Its insulation and fabric are 100% recycled. Comfort zone -30\u00b0C.","robots":{"index":"index","follow":"follow","max-snippet":"max-snippet:-1","max-image-preview":"max-image-preview:large","max-video-preview":"max-video-preview:-1"},"canonical":"http:\/\/alizee.ca\/en\/product\/winter-coat-for-women-rockies-44778\/","og_locale":"en_US","og_type":"article","og_title":"ROCKIES women's winter jacket - 44778 -Aliz&eacute;e","og_description":"ROCKIES women's winter jacket - Elegant and understated, it\u2019s inspired by the mountains. Its insulation and fabric are 100% recycled. Comfort zone -30\u00b0C.","og_url":"http:\/\/alizee.ca\/en\/product\/winter-coat-for-women-rockies-44778\/","og_site_name":"Aliz&eacute;e","article_publisher":"https:\/\/www.facebook.com\/AlizeeWear\/","article_modified_time":"2024-02-14T20:15:43+00:00","og_image":[{"width":1000,"height":1000,"url":"http:\/\/alizee.ca\/wp-content\/uploads\/2023\/10\/Manteau-dhiver-Rockies-pour-femme-bleu-royal-devant-44778.webp","type":"image\/webp"}],"twitter_card":"summary_large_image","twitter_misc":{"Est. reading time":"5 minutes"},"schema":{"@context":"https:\/\/schema.org","@graph":[{"@type":"WebPage","@id":"http:\/\/alizee.ca\/en\/product\/winter-coat-for-women-rockies-44778\/","url":"http:\/\/alizee.ca\/en\/product\/winter-coat-for-women-rockies-44778\/","name":"ROCKIES women's winter jacket - 44778 -Aliz&eacute;e","isPartOf":{"@id":"https:\/\/alizee.ca\/en\/#website"},"primaryImageOfPage":{"@id":"http:\/\/alizee.ca\/en\/product\/winter-coat-for-women-rockies-44778\/#primaryimage"},"image":{"@id":"http:\/\/alizee.ca\/en\/product\/winter-coat-for-women-rockies-44778\/#primaryimage"},"thumbnailUrl":"http:\/\/alizee.ca\/wp-content\/uploads\/2023\/10\/Manteau-dhiver-Rockies-pour-femme-bleu-royal-devant-44778.webp","datePublished":"2023-10-02T18:07:38+00:00","dateModified":"2024-02-14T20:15:43+00:00","description":"ROCKIES women's winter jacket - Elegant and understated, it\u2019s inspired by the mountains. Its insulation and fabric are 100% recycled. Comfort zone -30\u00b0C.","breadcrumb":{"@id":"http:\/\/alizee.ca\/en\/product\/winter-coat-for-women-rockies-44778\/#breadcrumb"},"inLanguage":"en-US","potentialAction":[{"@type":"ReadAction","target":["http:\/\/alizee.ca\/en\/product\/winter-coat-for-women-rockies-44778\/"]}]},{"@type":"ImageObject","inLanguage":"en-US","@id":"http:\/\/alizee.ca\/en\/product\/winter-coat-for-women-rockies-44778\/#primaryimage","url":"http:\/\/alizee.ca\/wp-content\/uploads\/2023\/10\/Manteau-dhiver-Rockies-pour-femme-bleu-royal-devant-44778.webp","contentUrl":"http:\/\/alizee.ca\/wp-content\/uploads\/2023\/10\/Manteau-dhiver-Rockies-pour-femme-bleu-royal-devant-44778.webp","width":1000,"height":1000,"caption":"44778-Women's winter coat ROCKIES, royal blue, front"},{"@type":"BreadcrumbList","@id":"http:\/\/alizee.ca\/en\/product\/winter-coat-for-women-rockies-44778\/#breadcrumb","itemListElement":[{"@type":"ListItem","position":1,"name":"Accueil","item":"https:\/\/alizee.ca\/en\/"},{"@type":"ListItem","position":2,"name":"Shop","item":"https:\/\/alizee.ca\/en\/shop\/"},{"@type":"ListItem","position":3,"name":"Winter coat &#8211; ROCKIES &#8211; 44778"}]},{"@type":"WebSite","@id":"https:\/\/alizee.ca\/en\/#website","url":"https:\/\/alizee.ca\/en\/","name":"Alizee","description":"Top by Nature TM","publisher":{"@id":"https:\/\/alizee.ca\/en\/#organization"},"potentialAction":[{"@type":"SearchAction","target":{"@type":"EntryPoint","urlTemplate":"https:\/\/alizee.ca\/en\/?s={search_term_string}"},"query-input":{"@type":"PropertyValueSpecification","valueRequired":true,"valueName":"search_term_string"}}],"inLanguage":"en-US"},{"@type":"Organization","@id":"https:\/\/alizee.ca\/en\/#organization","name":"Aliz\u00e9e","url":"https:\/\/alizee.ca\/en\/","logo":{"@type":"ImageObject","inLanguage":"en-US","@id":"https:\/\/alizee.ca\/en\/#\/schema\/logo\/image\/","url":"https:\/\/alizee.ca\/wp-content\/uploads\/2019\/12\/0_footer-Alizee.png","contentUrl":"https:\/\/alizee.ca\/wp-content\/uploads\/2019\/12\/0_footer-Alizee.png","width":293,"height":112,"caption":"Aliz\u00e9e"},"image":{"@id":"https:\/\/alizee.ca\/en\/#\/schema\/logo\/image\/"},"sameAs":["https:\/\/www.facebook.com\/AlizeeWear\/","https:\/\/www.tiktok.com\/@alizee.ca","https:\/\/www.instagram.com\/alizeewear"]}]}},"_links":{"self":[{"href":"http:\/\/alizee.ca\/en\/wp-json\/wp\/v2\/product\/19171","targetHints":{"allow":["GET"]}}],"collection":[{"href":"http:\/\/alizee.ca\/en\/wp-json\/wp\/v2\/product"}],"about":[{"href":"http:\/\/alizee.ca\/en\/wp-json\/wp\/v2\/types\/product"}],"replies":[{"embeddable":true,"href":"http:\/\/alizee.ca\/en\/wp-json\/wp\/v2\/comments?post=19171"}],"wp:featuredmedia":[{"embeddable":true,"href":"http:\/\/alizee.ca\/en\/wp-json\/wp\/v2\/media\/19761"}],"wp:attachment":[{"href":"http:\/\/alizee.ca\/en\/wp-json\/wp\/v2\/media?parent=19171"}],"wp:term":[{"taxonomy":"product_brand","embeddable":true,"href":"http:\/\/alizee.ca\/en\/wp-json\/wp\/v2\/product_brand?post=19171"},{"taxonomy":"product_cat","embeddable":true,"href":"http:\/\/alizee.ca\/en\/wp-json\/wp\/v2\/product_cat?post=19171"},{"taxonomy":"product_tag","embeddable":true,"href":"http:\/\/alizee.ca\/en\/wp-json\/wp\/v2\/product_tag?post=19171"}],"curies":[{"name":"wp","href":"https:\/\/api.w.org\/{rel}","templated":true}]}}