{"id":14834,"date":"2021-10-14T15:50:22","date_gmt":"2021-10-14T19:50:22","guid":{"rendered":"https:\/\/alizee.ca\/?post_type=product&#038;p=14834"},"modified":"2024-07-23T13:01:10","modified_gmt":"2024-07-23T18:01:10","slug":"plus-size-womens-winter-jacket-sidekick","status":"publish","type":"product","link":"http:\/\/alizee.ca\/en\/product\/plus-size-womens-winter-jacket-sidekick\/","title":{"rendered":"Winter jacket &#8211; SIDEKICK &#8211; Plus size &#8211; 44747O"},"content":{"rendered":"<p>Looking for a way to distinguish yourself this winter? Look no further than the women&#8217;s winter jacket plus size SIDEKICK. This jacket is elegant, thanks to its blend of textures that beautifully reflect your luxurious, luminous refinement. It features 100% recycled PRIMALOFT\u00ae ECO-3 insulation, which will keep you warm down to -30\u00b0C.<\/p>\n<p>The SIDEKICK plus size winter jacket includes all the essentials, including an adjustable and detachable insulated hood, exterior and interior flap, YKK zipper and chin strap. Plus, inside, you&#8217;ll find four pockets, two of which are zippered at chest level, plus two front hand warmer pockets, allowing you to carry your essentials during your activities. Inner knit cuffs keep the cold out. Functional and stylish, whether you&#8217;re heading to the office or out for a night on the town, this jacket will keep you wonderfully warm and protected.<\/p>\n<p>These women&#8217;s plus size insulated jacket is made in Quebec.<\/p>\n<h3>HERE ARE THE FEATURES OF THE WOMEN&#8217;S WINTER JACKET PLUS SIZE SIDEKICK<\/h3>\n<ul>\n<li>Adjustable insulated removable hood<\/li>\n<li>Stormflap<\/li>\n<li>YKK zippers<\/li>\n<li>Inner front flap and chin guard<\/li>\n<li>2 chest pockets<\/li>\n<li>Preformed elbows<\/li>\n<li>Hand warmer pockets<\/li>\n<li>4 inner pockets, 2 with zipper<\/li>\n<li>Inner knitted cuffs<\/li>\n<li>Semi-adjusted fit<\/li>\n<li>Length 40 inches<\/li>\n<\/ul>\n<p><img loading=\"lazy\" decoding=\"async\" class=\"size-full wp-image-20564 alignleft\" src=\"http:\/\/alizee.ca\/wp-content\/uploads\/2021\/10\/Lequivalent-de-40-bouteilles-de-plastiques-ont-ete-recycle-dans-la-fabrication-de-ce-manteau-1.webp\" alt=\"L'\u00e9quivalent de 40 bouteilles de plastiques ont \u00e9t\u00e9 recycl\u00e9 dans la fabrication de ce manteau.\" width=\"45\" height=\"98\" \/>VELVET TOUCH outer fabric is made from 100% recycled polyester with a PROSTORM membrane (8K\/5K; 8,000 mm-5,000 gr\/m2) designed to resist water and allow moisture transfer to the outside. Our fabric is treated with a C6 water repellent finish, making it tough and durable, and minimizing its impact on the environment. It is 80% water-resistant after 20 washes.<\/p>\n<p>The Primaloft\u00ae ECO-3 insulation is made entirely from 400 g\/m\u00b2 recycled polyester fibers. Composed of continuous filaments, it is light and flexible. It retains its thermal qualities even in damp conditions. Its eco-friendly multi-layer structure traps heat while allowing moisture to evaporate. It is a lightweight insulation with a 100% high-density polyester lining.<\/p>\n<h5><strong>CARE<\/strong><\/h5>\n<p>Machine wash your coat using the gentle cycle with mild soap. Be sure not to use fabric softener or bleach. Once washed, hang to dry. (Before putting it in the machine, empty all pockets and remove all accessories)<\/p>\n<p><button style=\"background-color: white; border: 3px solid #999999; padding: 5px 12px;\" spellcheck=\"false\" data-lt-tmp-id=\"lt-190735\" data-gramm=\"false\" data-wp-editing=\"1\"><a href=\"\/?p=15559\" target=\"_blank\" rel=\"noopener\"><img loading=\"lazy\" decoding=\"async\" class=\"alignnone wp-image-19502\" title=\"Size charts\" src=\"http:\/\/alizee.ca\/wp-content\/uploads\/2023\/11\/Size-Chart-logo.webp\" alt=\"Size Chart\" width=\"32\" height=\"32\" \/> SIZE CHARTS<\/a><\/button><\/p>\n","protected":false},"excerpt":{"rendered":"<p>Part shade half light, its chic glossy side will make you sparkle among the crowd. This coat will reflect your luxurious refinement wonderfully. For the shining one.<\/p>\n<p><img loading=\"lazy\" decoding=\"async\" class=\"alignnone wp-image-18477\" src=\"https:\/\/alizee.ca\/wp-content\/uploads\/2019\/08\/Zone-30_EN-jpg.webp\" alt=\"Comfort Zone -30\" width=\"75\" height=\"75\" srcset=\"http:\/\/alizee.ca\/wp-content\/uploads\/2019\/08\/Zone-30_EN-jpg.webp 100w, http:\/\/alizee.ca\/wp-content\/uploads\/2019\/08\/Zone-30_EN-50x50.jpg 50w, http:\/\/alizee.ca\/wp-content\/uploads\/2019\/08\/Zone-30_EN-60x60.jpg 60w, http:\/\/alizee.ca\/wp-content\/uploads\/2019\/08\/Zone-30_EN-90x90.jpg 90w\" sizes=\"auto, (max-width: 75px) 100vw, 75px\" \/><img loading=\"lazy\" decoding=\"async\" class=\"alignnone wp-image-18461\" src=\"https:\/\/alizee.ca\/wp-content\/uploads\/2019\/08\/Water-Resistant-jpg.webp\" alt=\"Water Resistant\" width=\"75\" height=\"75\" srcset=\"http:\/\/alizee.ca\/wp-content\/uploads\/2019\/08\/Water-Resistant-jpg.webp 100w, http:\/\/alizee.ca\/wp-content\/uploads\/2019\/08\/Water-Resistant-50x50.jpg 50w, http:\/\/alizee.ca\/wp-content\/uploads\/2019\/08\/Water-Resistant-60x60.jpg 60w, http:\/\/alizee.ca\/wp-content\/uploads\/2019\/08\/Water-Resistant-90x90.jpg 90w\" sizes=\"auto, (max-width: 75px) 100vw, 75px\" \/><img loading=\"lazy\" decoding=\"async\" class=\"alignnone wp-image-18493\" src=\"https:\/\/alizee.ca\/wp-content\/uploads\/2023\/01\/Windbreaker-jpg.webp\" alt=\"Windbreaker\" width=\"75\" height=\"75\" srcset=\"http:\/\/alizee.ca\/wp-content\/uploads\/2023\/01\/Windbreaker-jpg.webp 100w, http:\/\/alizee.ca\/wp-content\/uploads\/2023\/01\/Windbreaker-50x50.jpg 50w, http:\/\/alizee.ca\/wp-content\/uploads\/2023\/01\/Windbreaker-60x60.jpg 60w, http:\/\/alizee.ca\/wp-content\/uploads\/2023\/01\/Windbreaker-90x90.jpg 90w\" sizes=\"auto, (max-width: 75px) 100vw, 75px\" \/><img loading=\"lazy\" decoding=\"async\" class=\"alignnone wp-image-18441\" src=\"https:\/\/alizee.ca\/wp-content\/uploads\/2019\/08\/Breathable-jpg.webp\" alt=\"Breathable\" width=\"75\" height=\"75\" srcset=\"http:\/\/alizee.ca\/wp-content\/uploads\/2019\/08\/Breathable-jpg.webp 100w, http:\/\/alizee.ca\/wp-content\/uploads\/2019\/08\/Breathable-50x50.jpg 50w, http:\/\/alizee.ca\/wp-content\/uploads\/2019\/08\/Breathable-60x60.jpg 60w, http:\/\/alizee.ca\/wp-content\/uploads\/2019\/08\/Breathable-90x90.jpg 90w\" sizes=\"auto, (max-width: 75px) 100vw, 75px\" \/><img loading=\"lazy\" decoding=\"async\" class=\"alignnone wp-image-18447\" src=\"https:\/\/alizee.ca\/wp-content\/uploads\/2019\/08\/Light-jpg.webp\" alt=\"Light\" width=\"75\" height=\"75\" srcset=\"http:\/\/alizee.ca\/wp-content\/uploads\/2019\/08\/Light-jpg.webp 100w, http:\/\/alizee.ca\/wp-content\/uploads\/2019\/08\/Light-50x50.jpg 50w, http:\/\/alizee.ca\/wp-content\/uploads\/2019\/08\/Light-60x60.jpg 60w, http:\/\/alizee.ca\/wp-content\/uploads\/2019\/08\/Light-90x90.jpg 90w\" sizes=\"auto, (max-width: 75px) 100vw, 75px\" \/><img loading=\"lazy\" decoding=\"async\" class=\"alignnone wp-image-18489\" src=\"https:\/\/alizee.ca\/wp-content\/uploads\/2023\/01\/TrumbleWash-jpg.webp\" alt=\"Trumble Wash\" width=\"75\" height=\"75\" srcset=\"http:\/\/alizee.ca\/wp-content\/uploads\/2023\/01\/TrumbleWash-jpg.webp 100w, http:\/\/alizee.ca\/wp-content\/uploads\/2023\/01\/TrumbleWash-50x50.jpg 50w, http:\/\/alizee.ca\/wp-content\/uploads\/2023\/01\/TrumbleWash-60x60.jpg 60w, http:\/\/alizee.ca\/wp-content\/uploads\/2023\/01\/TrumbleWash-90x90.jpg 90w\" sizes=\"auto, (max-width: 75px) 100vw, 75px\" \/><img loading=\"lazy\" decoding=\"async\" class=\"alignnone wp-image-18451\" src=\"https:\/\/alizee.ca\/wp-content\/uploads\/2019\/08\/Recycled-materials-jpg.webp\" alt=\"Recycled materials\" width=\"75\" height=\"75\" srcset=\"http:\/\/alizee.ca\/wp-content\/uploads\/2019\/08\/Recycled-materials-jpg.webp 100w, http:\/\/alizee.ca\/wp-content\/uploads\/2019\/08\/Recycled-materials-50x50.jpg 50w, http:\/\/alizee.ca\/wp-content\/uploads\/2019\/08\/Recycled-materials-60x60.jpg 60w, http:\/\/alizee.ca\/wp-content\/uploads\/2019\/08\/Recycled-materials-90x90.jpg 90w\" sizes=\"auto, (max-width: 75px) 100vw, 75px\" \/><img loading=\"lazy\" decoding=\"async\" class=\"alignnone wp-image-20537\" src=\"https:\/\/alizee.ca\/wp-content\/uploads\/2022\/10\/Semi-adjusted-fit-women.webp\" alt=\"Semi-adjusted fit, women\" width=\"75\" height=\"75\" srcset=\"http:\/\/alizee.ca\/wp-content\/uploads\/2022\/10\/Semi-adjusted-fit-women.webp 100w, http:\/\/alizee.ca\/wp-content\/uploads\/2022\/10\/Semi-adjusted-fit-women-40x40.webp 40w\" sizes=\"auto, (max-width: 75px) 100vw, 75px\" \/><\/p>\n<p><button style=\"background-color: white; border: 3px solid #999999; padding: 5px 12px;\" spellcheck=\"false\" data-lt-tmp-id=\"lt-190735\" data-gramm=\"false\" data-wp-editing=\"1\"><a href=\"https:\/\/alizee.ca\/en\/size-charts\/\" target=\"_blank\" rel=\"noopener\"><img loading=\"lazy\" decoding=\"async\" class=\"alignnone wp-image-19502\" title=\"Size charts\" src=\"https:\/\/alizee.ca\/wp-content\/uploads\/2023\/11\/Size-Chart-logo.webp\" alt=\"Size Chart\" width=\"32\" height=\"32\" \/> SIZE CHARTS<\/a><\/button><\/p>\n","protected":false},"featured_media":20568,"comment_status":"open","ping_status":"closed","template":"","meta":[],"product_brand":[],"product_cat":[506,632,568],"product_tag":[562,714,813,608,563,767,783,598,561],"class_list":{"0":"post-14834","1":"product","2":"type-product","3":"status-publish","4":"has-post-thumbnail","6":"product_cat-women","7":"product_cat-women-insulated-jacket","8":"product_cat-plus-size","9":"product_tag-breathable","10":"product_tag-comfort-zone-30c","11":"product_tag-length-40","12":"product_tag-light","13":"product_tag-machine-wash","14":"product_tag-recycled-materials","15":"product_tag-semi-adjusted-fit","16":"product_tag-water-resistant","17":"product_tag-wind-resistant","18":"pa_couleur-berry","19":"pa_couleur-black-en","20":"pa_grandeur-1x-en","21":"pa_grandeur-2x-en","22":"pa_grandeur-3x-en","23":"pa_grandeur-4x-en","24":"pa_grandeur-5x-en","26":"first","27":"instock","28":"taxable","29":"shipping-taxable","30":"purchasable","31":"product-type-variable","32":"prodpage-style2"},"yoast_head":"<!-- This site is optimized with the Yoast SEO plugin v26.8 - https:\/\/yoast.com\/product\/yoast-seo-wordpress\/ -->\n<title>women&#039;s winter jacket plus size SIDEKICK - 44710O - Aliz&eacute;e<\/title>\n<meta name=\"description\" content=\"The women&#039;s winter jacket plus size SIDEKICK. Elegant with textured combinations that reflect your refinement wonderfully. For the shining one.\" \/>\n<meta name=\"robots\" content=\"index, follow, max-snippet:-1, max-image-preview:large, max-video-preview:-1\" \/>\n<link rel=\"canonical\" href=\"http:\/\/alizee.ca\/en\/product\/plus-size-womens-winter-jacket-sidekick\/\" \/>\n<meta property=\"og:locale\" content=\"en_US\" \/>\n<meta property=\"og:type\" content=\"article\" \/>\n<meta property=\"og:title\" content=\"women&#039;s winter jacket plus size SIDEKICK - 44710O - Aliz&eacute;e\" \/>\n<meta property=\"og:description\" content=\"The women&#039;s winter jacket plus size SIDEKICK. Elegant with textured combinations that reflect your refinement wonderfully. For the shining one.\" \/>\n<meta property=\"og:url\" content=\"http:\/\/alizee.ca\/en\/product\/plus-size-womens-winter-jacket-sidekick\/\" \/>\n<meta property=\"og:site_name\" content=\"Aliz&eacute;e\" \/>\n<meta property=\"article:publisher\" content=\"https:\/\/www.facebook.com\/AlizeeWear\/\" \/>\n<meta property=\"article:modified_time\" content=\"2024-07-23T18:01:10+00:00\" \/>\n<meta property=\"og:image\" content=\"http:\/\/alizee.ca\/wp-content\/uploads\/2021\/10\/44747O-Manteau-dhiver-grande-taille-pour-femme-SIDEKICK-noir-devant.webp\" \/>\n\t<meta property=\"og:image:width\" content=\"800\" \/>\n\t<meta property=\"og:image:height\" content=\"800\" \/>\n\t<meta property=\"og:image:type\" content=\"image\/webp\" \/>\n<meta name=\"twitter:card\" content=\"summary_large_image\" \/>\n<meta name=\"twitter:label1\" content=\"Est. reading time\" \/>\n\t<meta name=\"twitter:data1\" content=\"3 minutes\" \/>\n<script type=\"application\/ld+json\" class=\"yoast-schema-graph\">{\"@context\":\"https:\/\/schema.org\",\"@graph\":[{\"@type\":\"WebPage\",\"@id\":\"http:\/\/alizee.ca\/en\/product\/plus-size-womens-winter-jacket-sidekick\/\",\"url\":\"http:\/\/alizee.ca\/en\/product\/plus-size-womens-winter-jacket-sidekick\/\",\"name\":\"women's winter jacket plus size SIDEKICK - 44710O - Aliz&eacute;e\",\"isPartOf\":{\"@id\":\"https:\/\/alizee.ca\/en\/#website\"},\"primaryImageOfPage\":{\"@id\":\"http:\/\/alizee.ca\/en\/product\/plus-size-womens-winter-jacket-sidekick\/#primaryimage\"},\"image\":{\"@id\":\"http:\/\/alizee.ca\/en\/product\/plus-size-womens-winter-jacket-sidekick\/#primaryimage\"},\"thumbnailUrl\":\"http:\/\/alizee.ca\/wp-content\/uploads\/2021\/10\/44747O-Manteau-dhiver-grande-taille-pour-femme-SIDEKICK-noir-devant.webp\",\"datePublished\":\"2021-10-14T19:50:22+00:00\",\"dateModified\":\"2024-07-23T18:01:10+00:00\",\"description\":\"The women's winter jacket plus size SIDEKICK. Elegant with textured combinations that reflect your refinement wonderfully. For the shining one.\",\"breadcrumb\":{\"@id\":\"http:\/\/alizee.ca\/en\/product\/plus-size-womens-winter-jacket-sidekick\/#breadcrumb\"},\"inLanguage\":\"en-US\",\"potentialAction\":[{\"@type\":\"ReadAction\",\"target\":[\"http:\/\/alizee.ca\/en\/product\/plus-size-womens-winter-jacket-sidekick\/\"]}]},{\"@type\":\"ImageObject\",\"inLanguage\":\"en-US\",\"@id\":\"http:\/\/alizee.ca\/en\/product\/plus-size-womens-winter-jacket-sidekick\/#primaryimage\",\"url\":\"http:\/\/alizee.ca\/wp-content\/uploads\/2021\/10\/44747O-Manteau-dhiver-grande-taille-pour-femme-SIDEKICK-noir-devant.webp\",\"contentUrl\":\"http:\/\/alizee.ca\/wp-content\/uploads\/2021\/10\/44747O-Manteau-dhiver-grande-taille-pour-femme-SIDEKICK-noir-devant.webp\",\"width\":800,\"height\":800,\"caption\":\"44747O-Women's winter jacket plus size SIDEKICK, black, front\"},{\"@type\":\"BreadcrumbList\",\"@id\":\"http:\/\/alizee.ca\/en\/product\/plus-size-womens-winter-jacket-sidekick\/#breadcrumb\",\"itemListElement\":[{\"@type\":\"ListItem\",\"position\":1,\"name\":\"Accueil\",\"item\":\"https:\/\/alizee.ca\/en\/\"},{\"@type\":\"ListItem\",\"position\":2,\"name\":\"Shop\",\"item\":\"https:\/\/alizee.ca\/en\/shop\/\"},{\"@type\":\"ListItem\",\"position\":3,\"name\":\"Winter jacket &#8211; SIDEKICK &#8211; Plus size &#8211; 44747O\"}]},{\"@type\":\"WebSite\",\"@id\":\"https:\/\/alizee.ca\/en\/#website\",\"url\":\"https:\/\/alizee.ca\/en\/\",\"name\":\"Alizee\",\"description\":\"Top by Nature TM\",\"publisher\":{\"@id\":\"https:\/\/alizee.ca\/en\/#organization\"},\"potentialAction\":[{\"@type\":\"SearchAction\",\"target\":{\"@type\":\"EntryPoint\",\"urlTemplate\":\"https:\/\/alizee.ca\/en\/?s={search_term_string}\"},\"query-input\":{\"@type\":\"PropertyValueSpecification\",\"valueRequired\":true,\"valueName\":\"search_term_string\"}}],\"inLanguage\":\"en-US\"},{\"@type\":\"Organization\",\"@id\":\"https:\/\/alizee.ca\/en\/#organization\",\"name\":\"Aliz\u00e9e\",\"url\":\"https:\/\/alizee.ca\/en\/\",\"logo\":{\"@type\":\"ImageObject\",\"inLanguage\":\"en-US\",\"@id\":\"https:\/\/alizee.ca\/en\/#\/schema\/logo\/image\/\",\"url\":\"https:\/\/alizee.ca\/wp-content\/uploads\/2019\/12\/0_footer-Alizee.png\",\"contentUrl\":\"https:\/\/alizee.ca\/wp-content\/uploads\/2019\/12\/0_footer-Alizee.png\",\"width\":293,\"height\":112,\"caption\":\"Aliz\u00e9e\"},\"image\":{\"@id\":\"https:\/\/alizee.ca\/en\/#\/schema\/logo\/image\/\"},\"sameAs\":[\"https:\/\/www.facebook.com\/AlizeeWear\/\",\"https:\/\/www.tiktok.com\/@alizee.ca\",\"https:\/\/www.instagram.com\/alizeewear\"]}]}<\/script>\n<!-- \/ Yoast SEO plugin. -->","yoast_head_json":{"title":"women's winter jacket plus size SIDEKICK - 44710O - Aliz&eacute;e","description":"The women's winter jacket plus size SIDEKICK. Elegant with textured combinations that reflect your refinement wonderfully. For the shining one.","robots":{"index":"index","follow":"follow","max-snippet":"max-snippet:-1","max-image-preview":"max-image-preview:large","max-video-preview":"max-video-preview:-1"},"canonical":"http:\/\/alizee.ca\/en\/product\/plus-size-womens-winter-jacket-sidekick\/","og_locale":"en_US","og_type":"article","og_title":"women's winter jacket plus size SIDEKICK - 44710O - Aliz&eacute;e","og_description":"The women's winter jacket plus size SIDEKICK. Elegant with textured combinations that reflect your refinement wonderfully. For the shining one.","og_url":"http:\/\/alizee.ca\/en\/product\/plus-size-womens-winter-jacket-sidekick\/","og_site_name":"Aliz&eacute;e","article_publisher":"https:\/\/www.facebook.com\/AlizeeWear\/","article_modified_time":"2024-07-23T18:01:10+00:00","og_image":[{"width":800,"height":800,"url":"http:\/\/alizee.ca\/wp-content\/uploads\/2021\/10\/44747O-Manteau-dhiver-grande-taille-pour-femme-SIDEKICK-noir-devant.webp","type":"image\/webp"}],"twitter_card":"summary_large_image","twitter_misc":{"Est. reading time":"3 minutes"},"schema":{"@context":"https:\/\/schema.org","@graph":[{"@type":"WebPage","@id":"http:\/\/alizee.ca\/en\/product\/plus-size-womens-winter-jacket-sidekick\/","url":"http:\/\/alizee.ca\/en\/product\/plus-size-womens-winter-jacket-sidekick\/","name":"women's winter jacket plus size SIDEKICK - 44710O - Aliz&eacute;e","isPartOf":{"@id":"https:\/\/alizee.ca\/en\/#website"},"primaryImageOfPage":{"@id":"http:\/\/alizee.ca\/en\/product\/plus-size-womens-winter-jacket-sidekick\/#primaryimage"},"image":{"@id":"http:\/\/alizee.ca\/en\/product\/plus-size-womens-winter-jacket-sidekick\/#primaryimage"},"thumbnailUrl":"http:\/\/alizee.ca\/wp-content\/uploads\/2021\/10\/44747O-Manteau-dhiver-grande-taille-pour-femme-SIDEKICK-noir-devant.webp","datePublished":"2021-10-14T19:50:22+00:00","dateModified":"2024-07-23T18:01:10+00:00","description":"The women's winter jacket plus size SIDEKICK. Elegant with textured combinations that reflect your refinement wonderfully. For the shining one.","breadcrumb":{"@id":"http:\/\/alizee.ca\/en\/product\/plus-size-womens-winter-jacket-sidekick\/#breadcrumb"},"inLanguage":"en-US","potentialAction":[{"@type":"ReadAction","target":["http:\/\/alizee.ca\/en\/product\/plus-size-womens-winter-jacket-sidekick\/"]}]},{"@type":"ImageObject","inLanguage":"en-US","@id":"http:\/\/alizee.ca\/en\/product\/plus-size-womens-winter-jacket-sidekick\/#primaryimage","url":"http:\/\/alizee.ca\/wp-content\/uploads\/2021\/10\/44747O-Manteau-dhiver-grande-taille-pour-femme-SIDEKICK-noir-devant.webp","contentUrl":"http:\/\/alizee.ca\/wp-content\/uploads\/2021\/10\/44747O-Manteau-dhiver-grande-taille-pour-femme-SIDEKICK-noir-devant.webp","width":800,"height":800,"caption":"44747O-Women's winter jacket plus size SIDEKICK, black, front"},{"@type":"BreadcrumbList","@id":"http:\/\/alizee.ca\/en\/product\/plus-size-womens-winter-jacket-sidekick\/#breadcrumb","itemListElement":[{"@type":"ListItem","position":1,"name":"Accueil","item":"https:\/\/alizee.ca\/en\/"},{"@type":"ListItem","position":2,"name":"Shop","item":"https:\/\/alizee.ca\/en\/shop\/"},{"@type":"ListItem","position":3,"name":"Winter jacket &#8211; SIDEKICK &#8211; Plus size &#8211; 44747O"}]},{"@type":"WebSite","@id":"https:\/\/alizee.ca\/en\/#website","url":"https:\/\/alizee.ca\/en\/","name":"Alizee","description":"Top by Nature TM","publisher":{"@id":"https:\/\/alizee.ca\/en\/#organization"},"potentialAction":[{"@type":"SearchAction","target":{"@type":"EntryPoint","urlTemplate":"https:\/\/alizee.ca\/en\/?s={search_term_string}"},"query-input":{"@type":"PropertyValueSpecification","valueRequired":true,"valueName":"search_term_string"}}],"inLanguage":"en-US"},{"@type":"Organization","@id":"https:\/\/alizee.ca\/en\/#organization","name":"Aliz\u00e9e","url":"https:\/\/alizee.ca\/en\/","logo":{"@type":"ImageObject","inLanguage":"en-US","@id":"https:\/\/alizee.ca\/en\/#\/schema\/logo\/image\/","url":"https:\/\/alizee.ca\/wp-content\/uploads\/2019\/12\/0_footer-Alizee.png","contentUrl":"https:\/\/alizee.ca\/wp-content\/uploads\/2019\/12\/0_footer-Alizee.png","width":293,"height":112,"caption":"Aliz\u00e9e"},"image":{"@id":"https:\/\/alizee.ca\/en\/#\/schema\/logo\/image\/"},"sameAs":["https:\/\/www.facebook.com\/AlizeeWear\/","https:\/\/www.tiktok.com\/@alizee.ca","https:\/\/www.instagram.com\/alizeewear"]}]}},"_links":{"self":[{"href":"http:\/\/alizee.ca\/en\/wp-json\/wp\/v2\/product\/14834","targetHints":{"allow":["GET"]}}],"collection":[{"href":"http:\/\/alizee.ca\/en\/wp-json\/wp\/v2\/product"}],"about":[{"href":"http:\/\/alizee.ca\/en\/wp-json\/wp\/v2\/types\/product"}],"replies":[{"embeddable":true,"href":"http:\/\/alizee.ca\/en\/wp-json\/wp\/v2\/comments?post=14834"}],"wp:featuredmedia":[{"embeddable":true,"href":"http:\/\/alizee.ca\/en\/wp-json\/wp\/v2\/media\/20568"}],"wp:attachment":[{"href":"http:\/\/alizee.ca\/en\/wp-json\/wp\/v2\/media?parent=14834"}],"wp:term":[{"taxonomy":"product_brand","embeddable":true,"href":"http:\/\/alizee.ca\/en\/wp-json\/wp\/v2\/product_brand?post=14834"},{"taxonomy":"product_cat","embeddable":true,"href":"http:\/\/alizee.ca\/en\/wp-json\/wp\/v2\/product_cat?post=14834"},{"taxonomy":"product_tag","embeddable":true,"href":"http:\/\/alizee.ca\/en\/wp-json\/wp\/v2\/product_tag?post=14834"}],"curies":[{"name":"wp","href":"https:\/\/api.w.org\/{rel}","templated":true}]}}